{"id":42294,"date":"2024-12-13T17:17:52","date_gmt":"2024-12-13T20:17:52","guid":{"rendered":"https:\/\/www.appoloviracel.com.uy\/?post_type=product&#038;p=42294"},"modified":"2025-02-04T20:23:46","modified_gmt":"2025-02-04T23:23:46","slug":"smartwatch-t83-pro-con-chip-4g","status":"publish","type":"product","link":"https:\/\/www.appoloviracel.com.uy\/index.php\/product\/smartwatch-t83-pro-con-chip-4g\/","title":{"rendered":"Smartwatch \u00abT83 Pro\u00bb con chip 4G"},"content":{"rendered":"<h2>Caracter\u00edsticas y especificaciones:<\/h2>\n<p>Especificaciones del reloj inteligente:<\/p>\n<ul>\n<li>Tama\u00f1o de la pantalla: pantalla t\u00e1ctil de 2,01 pulgadas 240*296<\/li>\n<li>Bater\u00eda: 600Mah<\/li>\n<li>Sistema APP: IOS 9,0 y superior, Android 5,0 y superior<\/li>\n<li>Frecuencia de comunicaci\u00f3n: \u00ab2G\/4G:GSM900\/DCS1800\/GSM850\/PCS1900\/B1\/B3\/B5\/B7\/B8\/B20\/B38\/B39\/B40\/B41<\/li>\n<li>Cobertura regional: China, Europa, Asia, Am\u00e9rica<\/li>\n<\/ul>\n<p>Funci\u00f3n:<\/p>\n<ul>\n<li>Tarjeta SIM independiente, 4G<\/li>\n<li>Chip dual de doble n\u00facleo<\/li>\n<li>Un tel\u00e9fono se adapta a todo tipo de redes<\/li>\n<li>Sincronizaci\u00f3n de datos APP<\/li>\n<li>El sistema es estable y funciona sin problemas<\/li>\n<li>Bajo consumo de energ\u00eda<\/li>\n<li>Entrada local<\/li>\n<li>Grabaci\u00f3n local<\/li>\n<li>N\u00famero de informe de voz<\/li>\n<li>OPERA MINI,BBC,YAHOO,GOOGLE<\/li>\n<li>La conexi\u00f3n de auriculares Bluetooth Admite, adi\u00f3s a los problemas de reproducci\u00f3n externa<\/li>\n<li>Idioma del reloj: Ingl\u00e9s, holand\u00e9s, ruso, franc\u00e9s, espa\u00f1ol, turco, alem\u00e1n, polaco, malayo, checo, eslovaco, tailand\u00e9s, portugu\u00e9s, \u00e1rabe, italiano, indonesio, vietnamita, persa, Hindi por defecto.<\/li>\n<li>Idioma de la aplicaci\u00f3n: \u00c1rabe, polaco, alem\u00e1n, ruso, franc\u00e9s, tradicional, filipino, holand\u00e9s, checo, malayo, portugu\u00e9s, japon\u00e9s, eslovaco, tailand\u00e9s, turco, ucraniano, espa\u00f1ol, griego, italiano, hindi, indonesio, vietnamita, chino, ingl\u00e9s<\/li>\n<li>Garant\u00eda: 3 meses contra defectos de fabricaci\u00f3n<\/li>\n<\/ul>\n<p><strong>\u00a0<\/strong><\/p>\n<h5><strong>\u00a0*Las im\u00e1genes son a modo ilustrativo.<\/strong><\/h5>\n","protected":false},"excerpt":{"rendered":"<h3><span style=\"color: #339966;\"><strong>$ 2.290\u00a0<\/strong><\/span><\/h3>\n","protected":false},"featured_media":42295,"comment_status":"open","ping_status":"closed","template":"","meta":[],"_links":{"self":[{"href":"https:\/\/www.appoloviracel.com.uy\/index.php\/wp-json\/wp\/v2\/product\/42294"}],"collection":[{"href":"https:\/\/www.appoloviracel.com.uy\/index.php\/wp-json\/wp\/v2\/product"}],"about":[{"href":"https:\/\/www.appoloviracel.com.uy\/index.php\/wp-json\/wp\/v2\/types\/product"}],"replies":[{"embeddable":true,"href":"https:\/\/www.appoloviracel.com.uy\/index.php\/wp-json\/wp\/v2\/comments?post=42294"}],"wp:featuredmedia":[{"embeddable":true,"href":"https:\/\/www.appoloviracel.com.uy\/index.php\/wp-json\/wp\/v2\/media\/42295"}],"wp:attachment":[{"href":"https:\/\/www.appoloviracel.com.uy\/index.php\/wp-json\/wp\/v2\/media?parent=42294"}],"curies":[{"name":"wp","href":"https:\/\/api.w.org\/{rel}","templated":true}]}}