{"id":42256,"date":"2024-12-01T11:49:28","date_gmt":"2024-12-01T14:49:28","guid":{"rendered":"https:\/\/www.appoloviracel.com.uy\/?post_type=product&#038;p=42256"},"modified":"2025-01-18T15:51:39","modified_gmt":"2025-01-18T18:51:39","slug":"smartwatch-9-promax-set-brazaletes","status":"publish","type":"product","link":"https:\/\/www.appoloviracel.com.uy\/index.php\/product\/smartwatch-9-promax-set-brazaletes\/","title":{"rendered":"Smartwatch \u00ab9 ProMax\u00bb + Set Brazaletes"},"content":{"rendered":"<h2>Caracter\u00edsticas y especificaciones:<\/h2>\n<p>El <strong>Smartwatch S9 PRO MAX<\/strong> es un reloj inteligente elegante y funcional de 45 mm, con pantalla AMOLED de alta definici\u00f3n de 1,97 pulgadas. Incluye un set de 7 brazaletes de silicona en diversos colores, para que puedas personalizar tu estilo diario. Ofrece monitoreo completo de salud, incluyendo frecuencia card\u00edaca, presi\u00f3n arterial, y ox\u00edgeno en sangre, adem\u00e1s de funciones de llamadas y m\u00fasica v\u00eda Bluetooth 5.1. Compatible con Android e iOS, este reloj es resistente al agua IP68 (<em><u>no sumergir<\/u><\/em>) y proporciona notificaciones de redes sociales y m\u00e1s<\/p>\n<ul>\n<li><strong>Pantalla: AMOLED de alta definici\u00f3n de 1,97 pulgadas, resoluci\u00f3n n\u00edtida para una experiencia visual mejorada.<\/strong><\/li>\n<li><strong>Bater\u00eda:\u00a0 Capacidad: 220 mAh; Duraci\u00f3n: De 1 a 3 d\u00edas, dependiendo del uso.<\/strong><\/li>\n<li><strong>Conectividad: Bluetooth: Versi\u00f3n 5.1 para llamadas y m\u00fasica.<\/strong><\/li>\n<li><strong>Compatibilidad: Android 5.0 o superior, iOS 9.0 o superior.<\/strong><\/li>\n<li><strong>Funciones de Salud:<\/strong><\/li>\n<li><strong> Monitor de Frecuencia Card\u00edaca: Seguimiento continuo para una mejor gesti\u00f3n de tu salud; Monitoreo de Presi\u00f3n Arterial y Ox\u00edgeno en Sangre: Datos precisos para un control exhaustivo de tu bienestar; Monitoreo del Sue\u00f1o: An\u00e1lisis de la calidad del sue\u00f1o para mejorar tu descanso; <\/strong><\/li>\n<li><strong>Temperatura Corporal: Medici\u00f3n precisa para un seguimiento integral de tu salud; Funciones de <\/strong><\/li>\n<li><strong>Actividad: Multideporte: Modos de ejercicio para diversas actividades como carrera, f\u00fatbol, baloncesto, y m\u00e1s; Contador de Pasos y Calor\u00edas: Registra tus pasos y calor\u00edas quemadas para una visi\u00f3n clara de tu actividad diaria; Modo de Ejercicio: Registra resultados detallados para optimizar tu entrenamiento; Funciones de Conectividad y Control: Llamadas y M\u00fasica v\u00eda Bluetooth: Realiza y recibe llamadas, y controla tu m\u00fasica directamente desde tu reloj; Notificaciones de Redes Sociales: Recibe alertas de aplicaciones como WeChat, QQ, Facebook, Twitter, WhatsApp, e Instagram.<\/strong><\/li>\n<li><strong>Control Remoto de Fotograf\u00eda: Toma fotos a distancia usando tu smartwatch.<\/strong><\/li>\n<li><strong>Dise\u00f1o y Materiales: <\/strong><\/li>\n<li><strong>Forma de la Pantalla: Redonda; Material de la Caja: Aleaci\u00f3n; Material de la Banda: Silicona, con 7 opciones de colores para personalizar tu estilo.<\/strong><\/li>\n<li><strong>Impermeabilidad: IP68, resistente al agua para lluvia, sudor y salpicaduras.<\/strong><\/li>\n<\/ul>\n<p>&nbsp;<\/p>\n<h5><strong>\u00a0*Las im\u00e1genes son a modo ilustrativo.<\/strong><\/h5>\n","protected":false},"excerpt":{"rendered":"<h3><span style=\"color: #339966;\"><strong>$ 950\u00a0\u00a0<\/strong><\/span><\/h3>\n","protected":false},"featured_media":42257,"comment_status":"open","ping_status":"closed","template":"","meta":[],"_links":{"self":[{"href":"https:\/\/www.appoloviracel.com.uy\/index.php\/wp-json\/wp\/v2\/product\/42256"}],"collection":[{"href":"https:\/\/www.appoloviracel.com.uy\/index.php\/wp-json\/wp\/v2\/product"}],"about":[{"href":"https:\/\/www.appoloviracel.com.uy\/index.php\/wp-json\/wp\/v2\/types\/product"}],"replies":[{"embeddable":true,"href":"https:\/\/www.appoloviracel.com.uy\/index.php\/wp-json\/wp\/v2\/comments?post=42256"}],"wp:featuredmedia":[{"embeddable":true,"href":"https:\/\/www.appoloviracel.com.uy\/index.php\/wp-json\/wp\/v2\/media\/42257"}],"wp:attachment":[{"href":"https:\/\/www.appoloviracel.com.uy\/index.php\/wp-json\/wp\/v2\/media?parent=42256"}],"curies":[{"name":"wp","href":"https:\/\/api.w.org\/{rel}","templated":true}]}}