{"id":42235,"date":"2024-11-28T15:35:06","date_gmt":"2024-11-28T18:35:06","guid":{"rendered":"https:\/\/www.appoloviracel.com.uy\/?post_type=product&#038;p=42235"},"modified":"2025-12-10T16:54:56","modified_gmt":"2025-12-10T19:54:56","slug":"smartwatch-xiaomi-mibro-lite-3-pro","status":"publish","type":"product","link":"https:\/\/www.appoloviracel.com.uy\/index.php\/product\/smartwatch-xiaomi-mibro-lite-3-pro\/","title":{"rendered":"Smartwatch Xiaomi \u00abMibro Lite 3 Pro\u00bb"},"content":{"rendered":"<h2>Caracter\u00edsticas y especificaciones:<\/h2>\n<h6>\u00a0Smartwatch Mibro Lite 3 Pro 1.3&#8243; 350mAh C\/2 Mallas Verde by Xiaomi<\/h6>\n<ul>\n<li><strong>Monitoreo Integral de la Salud<\/strong><\/li>\n<li><strong>Sistema de detecci\u00f3n biol\u00f3gica de matriz circular para frecuencia card\u00edaca 24 horas al d\u00eda, 7 d\u00edas a la semana, medici\u00f3n de SpO2, entrenamiento de respiraci\u00f3n, sue\u00f1o, salud de la mujer y monitoreo del estr\u00e9s.<\/strong><\/li>\n<li><strong>Compa\u00f1ero deportivo profesional<\/strong><\/li>\n<li><strong>M\u00e1s de 150 modos deportivos con 18 algoritmos especializados. Sensores de 10 ejes resistentes al agua hasta 5 ATM para un seguimiento preciso del movimiento y GPS en tiempo real.<\/strong><\/li>\n<li><strong>Asistente de vida inteligente<\/strong><\/li>\n<li><strong>Llamadas BT, notificaciones, herramientas de salud, buscador de tel\u00e9fono, NFC, todo integrado a la perfecci\u00f3n. Chip GNSS integrado, compatible con sistemas de posicionamiento global por sat\u00e9lite GPS\/Beidou\/GLONASS\/Galileo\/QZSS 5.<\/strong><\/li>\n<li><strong>Pantalla HD v\u00edvida<\/strong><\/li>\n<li><strong>Pantalla AMOLED UHD de 1,32 pulgadas con un elegante cuerpo met\u00e1lico y revestimiento cer\u00e1mico para una sensaci\u00f3n premium.<\/strong><\/li>\n<li><strong>Duraci\u00f3n de la bater\u00eda ultralarga<\/strong><\/li>\n<li><strong>Optimizado para rendimiento y eficiencia.<\/strong><\/li>\n<li><strong>Modalidad B\u00e1sica: 50 d\u00edas | Modo diario: 15 d\u00edas<\/strong><\/li>\n<li><strong>Modo Llamada: 7 horas | Modo GPS: 15 horas<\/strong><\/li>\n<li><strong>1- Malla de cuero <\/strong><\/li>\n<li><strong>1- Malla de silicona<\/strong><\/li>\n<li><strong>Garant\u00eda<\/strong>: 6 meses contra defecto de fabricaci\u00f3n<\/li>\n<\/ul>\n<h4><\/h4>\n<h4><span style=\"color: #ff0000;\"><strong>* La garant\u00eda no cubre falla que se pueda dar por un uso intensivo.<\/strong><\/span><\/h4>\n<h5><strong>\u00a0*Las im\u00e1genes son a modo ilustrativo.<\/strong><\/h5>\n","protected":false},"excerpt":{"rendered":"<h3><strong><span style=\"color: #339966;\">$ 4.250\u00a0\u00a0\u00a0 <\/span>\u00a0\u00a0\u00a0\u00a0\u00a0\u00a0\u00a0\u00a0\u00a0\u00a0\u00a0\u00a0\u00a0\u00a0\u00a0\u00a0\u00a0\u00a0\u00a0\u00a0\u00a0\u00a0\u00a0\u00a0\u00a0\u00a0\u00a0\u00a0\u00a0\u00a0\u00a0\u00a0\u00a0\u00a0\u00a0\u00a0\u00a0 <\/strong><\/h3>\n","protected":false},"featured_media":42236,"comment_status":"open","ping_status":"closed","template":"","meta":[],"_links":{"self":[{"href":"https:\/\/www.appoloviracel.com.uy\/index.php\/wp-json\/wp\/v2\/product\/42235"}],"collection":[{"href":"https:\/\/www.appoloviracel.com.uy\/index.php\/wp-json\/wp\/v2\/product"}],"about":[{"href":"https:\/\/www.appoloviracel.com.uy\/index.php\/wp-json\/wp\/v2\/types\/product"}],"replies":[{"embeddable":true,"href":"https:\/\/www.appoloviracel.com.uy\/index.php\/wp-json\/wp\/v2\/comments?post=42235"}],"wp:featuredmedia":[{"embeddable":true,"href":"https:\/\/www.appoloviracel.com.uy\/index.php\/wp-json\/wp\/v2\/media\/42236"}],"wp:attachment":[{"href":"https:\/\/www.appoloviracel.com.uy\/index.php\/wp-json\/wp\/v2\/media?parent=42235"}],"curies":[{"name":"wp","href":"https:\/\/api.w.org\/{rel}","templated":true}]}}