{"id":42204,"date":"2024-11-23T18:49:29","date_gmt":"2024-11-23T21:49:29","guid":{"rendered":"https:\/\/www.appoloviracel.com.uy\/?post_type=product&#038;p=42204"},"modified":"2024-12-19T18:18:34","modified_gmt":"2024-12-19T21:18:34","slug":"auricular-usams-bt2-earphone-bluetooth-mono","status":"publish","type":"product","link":"https:\/\/www.appoloviracel.com.uy\/index.php\/product\/auricular-usams-bt2-earphone-bluetooth-mono\/","title":{"rendered":"Auricular USAMS \u00abBT2\u00bb Earphone (Bluetooth, Mono)"},"content":{"rendered":"<h2>Caracter\u00edsticas y especificaciones:<\/h2>\n<ul>\n<li>Conectividad Inmediata: Emparejamiento r\u00e1pido y sencillo con dispositivos Bluetooth, garantizando que est\u00e9s siempre conectado.<\/li>\n<li>Sonido de Alta Calidad: Disfruta de llamadas n\u00edtidas y claras gracias a su tecnolog\u00eda avanzada de cancelaci\u00f3n de ruido.<\/li>\n<li>Bater\u00eda Duradera: Con hasta 8 horas de conversaci\u00f3n continua y un estuche de carga compacto, estar\u00e1s listo para cualquier ocasi\u00f3n.<\/li>\n<li>Dise\u00f1o Elegante: Su acabado negro sofisticado se adapta a cualquier estilo, ya sea en la oficina o en tus momentos de ocio.<\/li>\n<li>Control T\u00e1ctil: Cambia de canci\u00f3n, responde llamadas o ajusta el volumen con un simple toque.<\/li>\n<li>Ideal para profesionales en movimiento, estudiantes o cualquier persona que valore la comodidad y la calidad en sus dispositivos. No te pierdas la oportunidad de disfrutar de la libertad inal\u00e1mbrica con el Auricular Bluetooth Mono USAM BT2.<\/li>\n<\/ul>\n<p>&nbsp;<\/p>\n<h5><strong>*Las im\u00e1genes son a modo ilustrativo.<\/strong><\/h5>\n","protected":false},"excerpt":{"rendered":"<h3><strong><span style=\"color: #339966;\">$ 590<\/span> <\/strong><\/h3>\n","protected":false},"featured_media":42205,"comment_status":"open","ping_status":"closed","template":"","meta":[],"_links":{"self":[{"href":"https:\/\/www.appoloviracel.com.uy\/index.php\/wp-json\/wp\/v2\/product\/42204"}],"collection":[{"href":"https:\/\/www.appoloviracel.com.uy\/index.php\/wp-json\/wp\/v2\/product"}],"about":[{"href":"https:\/\/www.appoloviracel.com.uy\/index.php\/wp-json\/wp\/v2\/types\/product"}],"replies":[{"embeddable":true,"href":"https:\/\/www.appoloviracel.com.uy\/index.php\/wp-json\/wp\/v2\/comments?post=42204"}],"wp:featuredmedia":[{"embeddable":true,"href":"https:\/\/www.appoloviracel.com.uy\/index.php\/wp-json\/wp\/v2\/media\/42205"}],"wp:attachment":[{"href":"https:\/\/www.appoloviracel.com.uy\/index.php\/wp-json\/wp\/v2\/media?parent=42204"}],"curies":[{"name":"wp","href":"https:\/\/api.w.org\/{rel}","templated":true}]}}