{"id":42199,"date":"2024-11-22T16:20:27","date_gmt":"2024-11-22T19:20:27","guid":{"rendered":"https:\/\/www.appoloviracel.com.uy\/?post_type=product&#038;p=42199"},"modified":"2024-12-18T10:16:41","modified_gmt":"2024-12-18T13:16:41","slug":"adaptador-vention-conversor-de-hdmi-a-vga-con-audio-aidb0","status":"publish","type":"product","link":"https:\/\/www.appoloviracel.com.uy\/index.php\/product\/adaptador-vention-conversor-de-hdmi-a-vga-con-audio-aidb0\/","title":{"rendered":"Adaptador Vention conversor de HDMI a VGA  con audio \u00abAIDB0\u00bb"},"content":{"rendered":"<h2>Caracter\u00edsticas y especificaciones:<\/h2>\n<ul>\n<li>Convierte una se\u00f1al digital HDMI a video an\u00e1logo VGA, con puerto de salida de audio<\/li>\n<li>Este conversor HDMI a VGA de Vention es una soluci\u00f3n inteligente dise\u00f1ada para cubrir tus necesidades de conexi\u00f3n.<\/li>\n<li>Podr\u00e1s conectar dispositivos HDMI, ya sean computadoras, Smart Boxes o consolas de juego, a una variedad de dispositivos VGA como televisores, monitores o proyectores. Con este conversor, experimentar\u00e1s una calidad de imagen n\u00edtida y clara como nunca antes.<\/li>\n<li>Con una fuente de alimentaci\u00f3n incluida, garantiza una transmisi\u00f3n m\u00e1s estable que nunca. Di adi\u00f3s a las interrupciones molestas y disfruta de una conexi\u00f3n fluida y sin complicaciones en todo momento.<\/li>\n<li>Est\u00e1 equipado con una interfaz de entrada de audio de 3,5 mm, lo que te permite conectar tus auriculares o altavoces de forma r\u00e1pida y sencilla para una experiencia de audio envolvente y sincronizada.<\/li>\n<li>Est\u00e1 especialmente dise\u00f1ado para realizar conversiones unidireccionales, lo que significa que \u00fanicamente acepta se\u00f1ales de HDMI a VGA, y no al contrario. Por lo tanto, no es compatible con conexiones que impliquen dispositivos con salida VGA conectados a pantallas o proyectores con entrada HDMI.<\/li>\n<li>Es Plug&amp;Play, por lo que no necesitar\u00e1s de instalaciones de programas o configuraciones complicadas, solo conectalo y comienza a disfrutar.<\/li>\n<li>Es compatible con una gran variedad de sistemas operativos como Mac OS, LINUX, Windows Vista, Windows 7, Windows 8, Windows 10 y modelos m\u00e1s recientes.<\/li>\n<li>Con su estabilidad, versatilidad y rendimiento excepcional, te ofrece todo lo que necesitas y m\u00e1s.<\/li>\n<\/ul>\n<h5><\/h5>\n<ul>\n<li>Resoluci\u00f3n: 1920&#215;1080\/60Hz<\/li>\n<li>Chip: AG6200<\/li>\n<li>Largo: 5 cm<\/li>\n<li>Ancho: 2 cm<\/li>\n<\/ul>\n<h5><\/h5>\n<h5><strong>*Las im\u00e1genes son a modo ilustrativo.<\/strong><\/h5>\n","protected":false},"excerpt":{"rendered":"<h3><strong><span style=\"font-family: 'Cambria','serif'; color: #339966;\">$ 590<\/span><\/strong><\/h3>\n","protected":false},"featured_media":42200,"comment_status":"open","ping_status":"closed","template":"","meta":[],"_links":{"self":[{"href":"https:\/\/www.appoloviracel.com.uy\/index.php\/wp-json\/wp\/v2\/product\/42199"}],"collection":[{"href":"https:\/\/www.appoloviracel.com.uy\/index.php\/wp-json\/wp\/v2\/product"}],"about":[{"href":"https:\/\/www.appoloviracel.com.uy\/index.php\/wp-json\/wp\/v2\/types\/product"}],"replies":[{"embeddable":true,"href":"https:\/\/www.appoloviracel.com.uy\/index.php\/wp-json\/wp\/v2\/comments?post=42199"}],"wp:featuredmedia":[{"embeddable":true,"href":"https:\/\/www.appoloviracel.com.uy\/index.php\/wp-json\/wp\/v2\/media\/42200"}],"wp:attachment":[{"href":"https:\/\/www.appoloviracel.com.uy\/index.php\/wp-json\/wp\/v2\/media?parent=42199"}],"curies":[{"name":"wp","href":"https:\/\/api.w.org\/{rel}","templated":true}]}}