{"id":42196,"date":"2024-11-21T19:23:35","date_gmt":"2024-11-21T22:23:35","guid":{"rendered":"https:\/\/www.appoloviracel.com.uy\/?post_type=product&#038;p=42196"},"modified":"2024-12-17T17:16:19","modified_gmt":"2024-12-17T20:16:19","slug":"adaptador-vention-conversor-de-hdmi-a-vga-42161-015-metros","status":"publish","type":"product","link":"https:\/\/www.appoloviracel.com.uy\/index.php\/product\/adaptador-vention-conversor-de-hdmi-a-vga-42161-015-metros\/","title":{"rendered":"Adaptador Vention conversor de HDMI a VGA  \u00ab42161\u00bb (0,15 Metros)"},"content":{"rendered":"<h2>Caracter\u00edsticas y especificaciones:<\/h2>\n<p>Con el Convertidor HDMI a VGA Vention 42161, podr\u00e1s disfrutar de una resoluci\u00f3n de video de hasta 1080p y una tasa de refresco de hasta 60Hz. Este dispositivo es compatible con la mayor\u00eda de los dispositivos de video modernos, incluyendo computadoras port\u00e1tiles, consolas de juegos, reproductores de DVD y Blu-ray, entre otros. Adem\u00e1s, su tama\u00f1o compacto y su dise\u00f1o plug-and-play hacen que sea f\u00e1cil de usar y transportar.<\/p>\n<p>Conectividad: El Convertidor HDMI a VGA Vention 42161 tiene un conector HDMI macho en un extremo y un conector VGA hembra en el otro, lo que te permite conectar tus dispositivos de video modernos a pantallas antiguas o proyectores. Adem\u00e1s, este dispositivo no requiere de alimentaci\u00f3n externa.<\/p>\n<p>Funcionalidad: El cable mide 25 cm de largo, lo que lo hace f\u00e1cil de transportar. El Convertidor HDMI a VGA Vention 42161 es compatible con una amplia gama de dispositivos de video modernos, incluyendo computadoras port\u00e1tiles, consolas de juegos, reproductores de DVD y Blu-ray, entre otros. Adem\u00e1s, su dise\u00f1o plug-and-play hace que sea f\u00e1cil de usar, no se necesitan controladores ni software.<\/p>\n<h5><strong>*Las im\u00e1genes son a modo ilustrativo.<\/strong><\/h5>\n","protected":false},"excerpt":{"rendered":"<h3><strong><span style=\"font-family: 'Cambria','serif'; color: #339966;\">$ 450<\/span><\/strong><\/h3>\n","protected":false},"featured_media":42197,"comment_status":"open","ping_status":"closed","template":"","meta":[],"_links":{"self":[{"href":"https:\/\/www.appoloviracel.com.uy\/index.php\/wp-json\/wp\/v2\/product\/42196"}],"collection":[{"href":"https:\/\/www.appoloviracel.com.uy\/index.php\/wp-json\/wp\/v2\/product"}],"about":[{"href":"https:\/\/www.appoloviracel.com.uy\/index.php\/wp-json\/wp\/v2\/types\/product"}],"replies":[{"embeddable":true,"href":"https:\/\/www.appoloviracel.com.uy\/index.php\/wp-json\/wp\/v2\/comments?post=42196"}],"wp:featuredmedia":[{"embeddable":true,"href":"https:\/\/www.appoloviracel.com.uy\/index.php\/wp-json\/wp\/v2\/media\/42197"}],"wp:attachment":[{"href":"https:\/\/www.appoloviracel.com.uy\/index.php\/wp-json\/wp\/v2\/media?parent=42196"}],"curies":[{"name":"wp","href":"https:\/\/api.w.org\/{rel}","templated":true}]}}