{"id":42190,"date":"2024-11-20T17:49:16","date_gmt":"2024-11-20T20:49:16","guid":{"rendered":"https:\/\/www.appoloviracel.com.uy\/?post_type=product&#038;p=42190"},"modified":"2024-12-16T15:32:33","modified_gmt":"2024-12-16T18:32:33","slug":"adaptador-vention-conversor-de-vga-a-hdmi-015-metros","status":"publish","type":"product","link":"https:\/\/www.appoloviracel.com.uy\/index.php\/product\/adaptador-vention-conversor-de-vga-a-hdmi-015-metros\/","title":{"rendered":"Adaptador Vention conversor de VGA a HDMI (0,15 Metros)"},"content":{"rendered":"<h2>Caracter\u00edsticas y especificaciones:<\/h2>\n<ul>\n<li>Solo de VGA a HDMI. De HDMI a VGA no funcionar\u00e1: VGA a HDMI solo convierte la se\u00f1al VGA a se\u00f1al HDMI, unidireccional. VGA no se puede conectar directamente a la pantalla. Conecte el puerto VGA a una fuente de se\u00f1al como escritorio, TV Box, etc., y conecte el puerto HDMI a un monitor, televisor o proyector, etc. No conectar en la direcci\u00f3n opuesta<\/li>\n<li>Funci\u00f3n de alimentaci\u00f3n: Con su puerto Micro USB, este adaptador de video se puede utilizar con varios dispositivos VGA como Ultrabooks, Chromebooks, computadoras de escritorio, Raspberry Pi, Intel NUC y reproductores Blu-ray. Tenga en cuenta que el conector USB debe estar enchufado para alimentar el chipset activo VGA a HDMI durante el uso<\/li>\n<li>Salida de audio de 0.138 in: Este adaptador viene con un cable AUX de 2.0 ft para facilitar la transferencia de audio a trav\u00e9s de su puerto de audio de 0.138 in, proporcionando un sonido claro. Es un plug-and-play y no requiere ning\u00fan conductor. Puede conectar el enchufe VGA a varios dispositivos de salida de se\u00f1al VGA, como decodificadores y computadoras de escritorio. Conecte la interfaz HDMI conectando el cable HDMI a dispositivos de entrada de se\u00f1al HDMI como pantallas y televisores<\/li>\n<li>Caracter\u00edsticas de estabilidad: Este adaptador cuenta con un chip de conversi\u00f3n de se\u00f1al digital AG02\/MS9288C incorporado, que es m\u00e1s estable que chips similares encontrados en otros productos. Soporta resoluciones de hasta 1920&#215;1080@60Hz (1080p Full HD). Reduce en gran medida el parpadeo de la pantalla y las pantallas negras durante la transmisi\u00f3n de la se\u00f1al, asegurando un trabajo y entretenimiento ininterrumpidos<\/li>\n<\/ul>\n<h5><\/h5>\n<h5><strong>*Las im\u00e1genes son a modo ilustrativo.<\/strong><\/h5>\n","protected":false},"excerpt":{"rendered":"<h3><strong><span style=\"font-family: 'Cambria','serif'; color: #339966;\">$ 850<\/span><\/strong><\/h3>\n","protected":false},"featured_media":42191,"comment_status":"open","ping_status":"closed","template":"","meta":[],"_links":{"self":[{"href":"https:\/\/www.appoloviracel.com.uy\/index.php\/wp-json\/wp\/v2\/product\/42190"}],"collection":[{"href":"https:\/\/www.appoloviracel.com.uy\/index.php\/wp-json\/wp\/v2\/product"}],"about":[{"href":"https:\/\/www.appoloviracel.com.uy\/index.php\/wp-json\/wp\/v2\/types\/product"}],"replies":[{"embeddable":true,"href":"https:\/\/www.appoloviracel.com.uy\/index.php\/wp-json\/wp\/v2\/comments?post=42190"}],"wp:featuredmedia":[{"embeddable":true,"href":"https:\/\/www.appoloviracel.com.uy\/index.php\/wp-json\/wp\/v2\/media\/42191"}],"wp:attachment":[{"href":"https:\/\/www.appoloviracel.com.uy\/index.php\/wp-json\/wp\/v2\/media?parent=42190"}],"curies":[{"name":"wp","href":"https:\/\/api.w.org\/{rel}","templated":true}]}}