{"id":42168,"date":"2024-11-01T17:39:47","date_gmt":"2024-11-01T20:39:47","guid":{"rendered":"https:\/\/www.appoloviracel.com.uy\/?post_type=product&#038;p=42168"},"modified":"2024-12-12T18:14:46","modified_gmt":"2024-12-12T21:14:46","slug":"celular-samsung-galaxy-a25-5g-128gb-6gb","status":"publish","type":"product","link":"https:\/\/www.appoloviracel.com.uy\/index.php\/product\/celular-samsung-galaxy-a25-5g-128gb-6gb\/","title":{"rendered":"Celular Samsung \u00abGalaxy A25\u00bb 5G (128Gb-6Gb)"},"content":{"rendered":"<h2><strong>Caracter\u00edsticas y especificaciones<\/strong><\/h2>\n<p>El <strong>Samsung Galaxy A25 5G<\/strong> se renueva con una pantalla Super AMOLED de 6.5 pulgadas a resoluci\u00f3n FHD+ y tasa de refresco de 120Hz y un procesador Exynos 1280 con 6GB de RAM y \u00a0128GB de almacenamiento interno. La c\u00e1mara posterior est\u00e1 liderada por un sensor de 50MP con OIS, tiene una bater\u00eda de 5000 mAh con soporte para carga r\u00e1pida, tiene lector de huellas lateral, parlantes stereo y corre Android 14.<\/p>\n<ul>\n<li><strong>Pantalla: 6.5&#8243;, 1080 * 2340 pixels<\/strong><\/li>\n<li><strong>Procesador: Exynos 1280 octa-core 2.4GHz<\/strong><\/li>\n<li><strong>RAM: 6GB<\/strong><\/li>\n<li><strong>Almacenamiento: 128GB<\/strong><\/li>\n<li><strong>Expansi\u00f3n: microSD<\/strong><\/li>\n<li><strong>C\u00e1mara: Triple, 50MP+8MP+2MP<\/strong><\/li>\n<li><strong>Bater\u00eda: 5000 mAh<\/strong><\/li>\n<li><strong>OS: Android 14<\/strong><\/li>\n<li><strong>4 actualizaciones mayores de OS<\/strong><\/li>\n<li><strong>Parches seguridad: 5 a\u00f1os<\/strong><\/li>\n<li><strong>Perfil: 8.3 mm<\/strong><\/li>\n<li><strong>Peso: 197 grs.<\/strong><\/li>\n<li><strong>S<\/strong>e incluyen los siguientes accesorios: <strong>Cargador y Manual<\/strong><\/li>\n<li><strong>Garant\u00eda:<\/strong> 12 meses contra defecto de fabricaci\u00f3n<\/li>\n<\/ul>\n<h4><strong>\u00a0<\/strong><\/h4>\n<h4><span style=\"color: #ff0000;\"><strong>Contado efectivo: 10% de Descuento<\/strong><\/span><\/h4>\n<h5><strong>*Las im\u00e1genes son a modo ilustrativo.<\/strong><\/h5>\n","protected":false},"excerpt":{"rendered":"<h3><span style=\"color: #339966;\"><strong>U$S 279<\/strong><\/span><\/h3>\n","protected":false},"featured_media":40149,"comment_status":"open","ping_status":"closed","template":"","meta":[],"_links":{"self":[{"href":"https:\/\/www.appoloviracel.com.uy\/index.php\/wp-json\/wp\/v2\/product\/42168"}],"collection":[{"href":"https:\/\/www.appoloviracel.com.uy\/index.php\/wp-json\/wp\/v2\/product"}],"about":[{"href":"https:\/\/www.appoloviracel.com.uy\/index.php\/wp-json\/wp\/v2\/types\/product"}],"replies":[{"embeddable":true,"href":"https:\/\/www.appoloviracel.com.uy\/index.php\/wp-json\/wp\/v2\/comments?post=42168"}],"wp:featuredmedia":[{"embeddable":true,"href":"https:\/\/www.appoloviracel.com.uy\/index.php\/wp-json\/wp\/v2\/media\/40149"}],"wp:attachment":[{"href":"https:\/\/www.appoloviracel.com.uy\/index.php\/wp-json\/wp\/v2\/media?parent=42168"}],"curies":[{"name":"wp","href":"https:\/\/api.w.org\/{rel}","templated":true}]}}