{"id":42153,"date":"2024-10-26T20:24:14","date_gmt":"2024-10-26T23:24:14","guid":{"rendered":"https:\/\/www.appoloviracel.com.uy\/?post_type=product&#038;p=42153"},"modified":"2026-02-19T15:12:03","modified_gmt":"2026-02-19T18:12:03","slug":"cargador-usams-cd-229-inalambrico-soporte-con-ventosa-para-auto-15w","status":"publish","type":"product","link":"https:\/\/www.appoloviracel.com.uy\/index.php\/product\/cargador-usams-cd-229-inalambrico-soporte-con-ventosa-para-auto-15w\/","title":{"rendered":"Cargador USAMS \u00abCD 229\u00bb Inal\u00e1mbrico, Soporte con Ventosa para Auto, 15w"},"content":{"rendered":"<h2>Caracter\u00edsticas y especificaciones:<\/h2>\n<ul>\n<li>Carga r\u00e1pida de 15W, bobina de alineaci\u00f3n autom\u00e1tica<\/li>\n<li>El brazo largo se puede girar y extender a voluntad, con una bola giratoria universal.<\/li>\n<li>Brazos de abrazadera el\u00e9ctricos inductivos, bloquean autom\u00e1ticamente su tel\u00e9fono de forma segura una vez que lo detecta<\/li>\n<li>Ventosa de presi\u00f3n de vac\u00edo, fuerza de adsorci\u00f3n s\u00faper fuerte<\/li>\n<li>Efecto de iluminaci\u00f3n ambiental azul hielo, llamativo al conducir de noche<\/li>\n<li>Material: ABS + PC + Acr\u00edlico<\/li>\n<li>Entrada: 5V\/2A, 9V\/2A, 12V\/1.5A<\/li>\n<li>Potencia de salida: 5W\/7,5W\/10W\/15W<\/li>\n<li>Eficiencia de conversi\u00f3n: no menos del 75%<\/li>\n<li>Distancia de carga: 3-8 mm<\/li>\n<li>Abrazadera: 4,5 &#8211; 6,7 pulgadas<\/li>\n<li>Tama\u00f1o: 108,9 * 71 * 58,3mm (excluyendo ventosa)<\/li>\n<li>Peso: 227grs.<\/li>\n<\/ul>\n<h5><strong>\u00a0<\/strong><\/h5>\n<h5><strong>*Las im\u00e1genes son a modo ilustrativo.<\/strong><\/h5>\n<p>&nbsp;<\/p>\n","protected":false},"excerpt":{"rendered":"<h3><strong><span style=\"font-family: 'Cambria','serif'; color: #339966;\">$ 1.190<\/span><\/strong><\/h3>\n","protected":false},"featured_media":42154,"comment_status":"open","ping_status":"closed","template":"","meta":[],"_links":{"self":[{"href":"https:\/\/www.appoloviracel.com.uy\/index.php\/wp-json\/wp\/v2\/product\/42153"}],"collection":[{"href":"https:\/\/www.appoloviracel.com.uy\/index.php\/wp-json\/wp\/v2\/product"}],"about":[{"href":"https:\/\/www.appoloviracel.com.uy\/index.php\/wp-json\/wp\/v2\/types\/product"}],"replies":[{"embeddable":true,"href":"https:\/\/www.appoloviracel.com.uy\/index.php\/wp-json\/wp\/v2\/comments?post=42153"}],"wp:featuredmedia":[{"embeddable":true,"href":"https:\/\/www.appoloviracel.com.uy\/index.php\/wp-json\/wp\/v2\/media\/42154"}],"wp:attachment":[{"href":"https:\/\/www.appoloviracel.com.uy\/index.php\/wp-json\/wp\/v2\/media?parent=42153"}],"curies":[{"name":"wp","href":"https:\/\/api.w.org\/{rel}","templated":true}]}}