{"id":4215,"date":"2021-03-03T00:16:54","date_gmt":"2021-03-03T03:16:54","guid":{"rendered":"https:\/\/www.appoloviracel.com.uy\/?post_type=product&#038;p=4215"},"modified":"2022-12-22T14:50:18","modified_gmt":"2022-12-22T17:50:18","slug":"xiaomi-mi-band-5","status":"publish","type":"product","link":"https:\/\/www.appoloviracel.com.uy\/index.php\/product\/xiaomi-mi-band-5\/","title":{"rendered":"Smartwatch Xiaomi \u00abMi Band 5\u00bb"},"content":{"rendered":"<h4>Caracter\u00edsticas y especificaciones:<\/h4>\n<p><strong>PANTALLA:<\/strong><\/p>\n<ul>\n<li><strong>OLED a color 1,1 pulgadas<\/strong><\/li>\n<li><strong>126 x 294 p\u00edxeles<\/strong><\/li>\n<\/ul>\n<p>&nbsp;<\/p>\n<p><strong>SENSORES:<\/strong><\/p>\n<ul>\n<li><strong>Frecuencia card\u00edaca<\/strong><\/li>\n<li><strong>Aceler\u00f3metro de 3 ejes<\/strong><\/li>\n<li><strong>Giroscopio de 3 ejes<\/strong><\/li>\n<\/ul>\n<p><strong>Resistencia al agua:5 ATM<\/strong><\/p>\n<p><strong>AUTONOMIA:\u00a0\u00a0\u00a0\u00a0\u00a0\u00a0\u00a0 <\/strong><\/p>\n<ul>\n<li><strong>Bater\u00eda de 125 mAh<\/strong><\/li>\n<li><strong>Autonom\u00eda de 14 d\u00edas (seg\u00fan el fabricante)<\/strong><\/li>\n<\/ul>\n<p>&nbsp;<\/p>\n<p><strong>CONECTIVIDAD: Bluetooth 5.0<\/strong><\/p>\n<p><strong>COMPATIBILIDAD: iOS y Android<\/strong><\/p>\n<p><strong>OTROS:\u00a0\u00a0\u00a0\u00a0\u00a0\u00a0\u00a0 <\/strong><\/p>\n<ul>\n<li><strong>Reconocimiento de 11 deportes<\/strong><\/li>\n<li><strong>Carga magn\u00e9tica<\/strong><\/li>\n<li><strong>Modo de salud femenina<\/strong><\/li>\n<li><strong>Control remoto para hacer fotos<\/strong><\/li>\n<\/ul>\n<p>&nbsp;<\/p>\n<p><strong>Garant\u00eda<\/strong>: 6 meses contra defecto de fabricaci\u00f3n<\/p>\n<h4><span style=\"color: #ff0000;\"><strong>* La garant\u00eda no cubre falla que se pueda dar por un uso intensivo.<\/strong><\/span><\/h4>\n<h5><strong>*Las im\u00e1genes son a modo ilustrativo.<\/strong><\/h5>\n","protected":false},"excerpt":{"rendered":"<h3><span style=\"color: #ff0000;\"><strong>\u00abArt\u00edculo Agotado\u00bb<\/strong><\/span><\/h3>\n<h3><span style=\"color: #339966;\"><strong>\u00a0<\/strong><\/span><\/h3>\n","protected":false},"featured_media":4216,"comment_status":"open","ping_status":"closed","template":"","meta":[],"_links":{"self":[{"href":"https:\/\/www.appoloviracel.com.uy\/index.php\/wp-json\/wp\/v2\/product\/4215"}],"collection":[{"href":"https:\/\/www.appoloviracel.com.uy\/index.php\/wp-json\/wp\/v2\/product"}],"about":[{"href":"https:\/\/www.appoloviracel.com.uy\/index.php\/wp-json\/wp\/v2\/types\/product"}],"replies":[{"embeddable":true,"href":"https:\/\/www.appoloviracel.com.uy\/index.php\/wp-json\/wp\/v2\/comments?post=4215"}],"wp:featuredmedia":[{"embeddable":true,"href":"https:\/\/www.appoloviracel.com.uy\/index.php\/wp-json\/wp\/v2\/media\/4216"}],"wp:attachment":[{"href":"https:\/\/www.appoloviracel.com.uy\/index.php\/wp-json\/wp\/v2\/media?parent=4215"}],"curies":[{"name":"wp","href":"https:\/\/api.w.org\/{rel}","templated":true}]}}