{"id":42145,"date":"2024-10-25T16:59:28","date_gmt":"2024-10-25T19:59:28","guid":{"rendered":"https:\/\/www.appoloviracel.com.uy\/?post_type=product&#038;p=42145"},"modified":"2025-02-11T15:27:53","modified_gmt":"2025-02-11T18:27:53","slug":"smartwatch-lizzard-xzz-sw-03","status":"publish","type":"product","link":"https:\/\/www.appoloviracel.com.uy\/index.php\/product\/smartwatch-lizzard-xzz-sw-03\/","title":{"rendered":"Smartwatch Lizzard \u00abXZZ-SW-03\u00bb"},"content":{"rendered":"<h2>Caracter\u00edsticas y especificaciones:<\/h2>\n<h6>El Smartwatch X-Lizzard XZZ-SW-03N es un reloj inteligente dise\u00f1ado para brindar estilo y funcionalidad. Con una pantalla t\u00e1ctil clara y vibrante, te permite acceder f\u00e1cilmente a sus diversas funciones.<\/h6>\n<ul>\n<li><strong>Color negro<\/strong><\/li>\n<li><strong>Procesador Realtek RTL8762CK.<\/strong><\/li>\n<li><strong>Pantalla LCD IPS Touch de 1.47&#8243;, 172 * 320 pixeles de resoluci\u00f3n.<\/strong><\/li>\n<li><strong>Factor de protecci\u00f3n IP67 a prueba de agua*.<\/strong><\/li>\n<li><strong>Control de ritmo card\u00edaco.<\/strong><\/li>\n<li><strong>M\u00faltiples modos deportivos.<\/strong><\/li>\n<li><strong>Monitoreo del sue\u00f1o.<\/strong><\/li>\n<li><strong>23 idiomas incorporados.<\/strong><\/li>\n<li><strong>Enciende la pantalla con solo girar la mu\u00f1eca.<\/strong><\/li>\n<li><strong>Conexi\u00f3n inal\u00e1mbrica Bluetooth 5.0.<\/strong><\/li>\n<li><strong>Bater\u00eda de Litio-pol\u00edmero de 130mAh.<\/strong><\/li>\n<li><strong>App para sincronizar MTWear.<\/strong><\/li>\n<li><strong>Garant\u00eda<\/strong>: 3 meses contra defecto de fabricaci\u00f3n<\/li>\n<\/ul>\n<h4><strong>\u00a0<\/strong><\/h4>\n<h4><span style=\"color: #ff0000;\"><strong>* La garant\u00eda no cubre falla que se pueda dar por un uso intensivo.<\/strong><\/span><\/h4>\n<h5><strong>\u00a0*Las im\u00e1genes son a modo ilustrativo.<\/strong><\/h5>\n","protected":false},"excerpt":{"rendered":"<h3><span style=\"color: #339966;\"><strong>$ 1.090<\/strong><\/span><\/h3>\n","protected":false},"featured_media":42146,"comment_status":"open","ping_status":"closed","template":"","meta":[],"_links":{"self":[{"href":"https:\/\/www.appoloviracel.com.uy\/index.php\/wp-json\/wp\/v2\/product\/42145"}],"collection":[{"href":"https:\/\/www.appoloviracel.com.uy\/index.php\/wp-json\/wp\/v2\/product"}],"about":[{"href":"https:\/\/www.appoloviracel.com.uy\/index.php\/wp-json\/wp\/v2\/types\/product"}],"replies":[{"embeddable":true,"href":"https:\/\/www.appoloviracel.com.uy\/index.php\/wp-json\/wp\/v2\/comments?post=42145"}],"wp:featuredmedia":[{"embeddable":true,"href":"https:\/\/www.appoloviracel.com.uy\/index.php\/wp-json\/wp\/v2\/media\/42146"}],"wp:attachment":[{"href":"https:\/\/www.appoloviracel.com.uy\/index.php\/wp-json\/wp\/v2\/media?parent=42145"}],"curies":[{"name":"wp","href":"https:\/\/api.w.org\/{rel}","templated":true}]}}