{"id":42137,"date":"2024-10-24T18:26:28","date_gmt":"2024-10-24T21:26:28","guid":{"rendered":"https:\/\/www.appoloviracel.com.uy\/?post_type=product&#038;p=42137"},"modified":"2025-02-11T14:15:20","modified_gmt":"2025-02-11T17:15:20","slug":"smartwatch-lizzard-xzz-sw-01","status":"publish","type":"product","link":"https:\/\/www.appoloviracel.com.uy\/index.php\/product\/smartwatch-lizzard-xzz-sw-01\/","title":{"rendered":"Smartwatch Lizzard \u00abXZZ-SW-01\u00bb"},"content":{"rendered":"<h2>Caracter\u00edsticas y especificaciones:<\/h2>\n<p>El Smartwatch X-Lizzard XZZ-SW-01 es un dispositivo vers\u00e1til que combina estilo y funcionalidad en un dise\u00f1o elegante. Con una pantalla t\u00e1ctil de alta resoluci\u00f3n, este reloj inteligente te permite acceder f\u00e1cilmente a tus notificaciones, realizar un seguimiento de tu actividad f\u00edsica y controlar tu m\u00fasica desde tu mu\u00f1eca. Equipado con caracter\u00edsticas avanzadas como monitorizaci\u00f3n del ritmo card\u00edaco, monitorizaci\u00f3n del sue\u00f1o y resistencia al agua, es el compa\u00f1ero perfecto para un estilo de vida activo. Con\u00e9ctate con tu tel\u00e9fono inteligente a trav\u00e9s de Bluetooth para recibir notificaciones en tiempo real y sincronizar tus datos de salud y ejercicio. El Smartwatch X-Lizzard XZZ-SW-01 es el complemento ideal para mantenerte conectado y en forma en todo momento.<\/p>\n<ul>\n<li><strong>Color negro.<\/strong><\/li>\n<li><strong>Procesador Realtek 8762CK.<\/strong><\/li>\n<li><strong>Pantalla TFT de 0.96&#8243; , 80 * 160 pixeles de resoluci\u00f3n.<\/strong><\/li>\n<li><strong>Factor de protecci\u00f3n IP65 a prueba de agua*.<\/strong><\/li>\n<li><strong>Control de ritmo card\u00edaco 24hs.<\/strong><\/li>\n<li><strong>M\u00faltiples modos deportivos.<\/strong><\/li>\n<li><strong>Monitoreo del sue\u00f1o.<\/strong><\/li>\n<li><strong>21 idiomas incorporados.<\/strong><\/li>\n<li><strong>Conexi\u00f3n con 1 solo click.<\/strong><\/li>\n<li><strong>Enciende la pantalla con solo girar la mu\u00f1eca.<\/strong><\/li>\n<li><strong>Conexi\u00f3n inal\u00e1mbrica Bluetooth 4.0.<\/strong><\/li>\n<li><strong>Bater\u00eda de Litio-Ion de 90mAh.<\/strong><\/li>\n<li><strong>App para sincronizar MTWear.<\/strong><\/li>\n<li><strong>Activaci\u00f3n de pantalla girando la mu\u00f1eca<\/strong><\/li>\n<li><strong>Garant\u00eda<\/strong>: 3 meses contra defecto de fabricaci\u00f3n<\/li>\n<\/ul>\n<h4><span style=\"color: #ff0000;\"><strong>\u00a0<\/strong><\/span><\/h4>\n<h4><span style=\"color: #ff0000;\"><strong>* La garant\u00eda no cubre falla que se pueda dar por un uso intensivo.<\/strong><\/span><\/h4>\n<h5><strong>\u00a0*Las im\u00e1genes son a modo ilustrativo.<\/strong><\/h5>\n<p>&nbsp;<\/p>\n","protected":false},"excerpt":{"rendered":"<h3><span style=\"color: #339966;\"><strong>$ 790<\/strong><\/span><\/h3>\n","protected":false},"featured_media":42138,"comment_status":"open","ping_status":"closed","template":"","meta":[],"_links":{"self":[{"href":"https:\/\/www.appoloviracel.com.uy\/index.php\/wp-json\/wp\/v2\/product\/42137"}],"collection":[{"href":"https:\/\/www.appoloviracel.com.uy\/index.php\/wp-json\/wp\/v2\/product"}],"about":[{"href":"https:\/\/www.appoloviracel.com.uy\/index.php\/wp-json\/wp\/v2\/types\/product"}],"replies":[{"embeddable":true,"href":"https:\/\/www.appoloviracel.com.uy\/index.php\/wp-json\/wp\/v2\/comments?post=42137"}],"wp:featuredmedia":[{"embeddable":true,"href":"https:\/\/www.appoloviracel.com.uy\/index.php\/wp-json\/wp\/v2\/media\/42138"}],"wp:attachment":[{"href":"https:\/\/www.appoloviracel.com.uy\/index.php\/wp-json\/wp\/v2\/media?parent=42137"}],"curies":[{"name":"wp","href":"https:\/\/api.w.org\/{rel}","templated":true}]}}