{"id":42124,"date":"2024-10-22T20:30:46","date_gmt":"2024-10-22T23:30:46","guid":{"rendered":"https:\/\/www.appoloviracel.com.uy\/?post_type=product&#038;p=42124"},"modified":"2025-11-13T15:49:52","modified_gmt":"2025-11-13T18:49:52","slug":"parlante-tg-tg653-5w-bluetooth","status":"publish","type":"product","link":"https:\/\/www.appoloviracel.com.uy\/index.php\/product\/parlante-tg-tg653-5w-bluetooth\/","title":{"rendered":"Parlante T&#038;G \u00abTG653\u00bb 5w (Bluetooth)"},"content":{"rendered":"<h2>Caracter\u00edsticas y especificaciones:<\/h2>\n<h6>T&amp;G TG653 TWS Portable Bluetooth LED LED LED Stereo a Subwoofer Estereo<\/h6>\n<ul>\n<li>Bluetooth 5.3, compatible con todos los dispositivos bluetooth. micr\u00f3fono de llamadas incorporada para responder\/hacer llamadas f\u00e1ciles<\/li>\n<li>Los altavoces de alta potencia y doble canal le permiten escuchar m\u00e1s claramente<\/li>\n<li>Proporcionan est\u00e9reo incorporado y est\u00e9reo de 360 \u200b\u200bgrados<\/li>\n<li>Con la funci\u00f3n tws, se pueden conectar dos altavoces para sincronizar con el tel\u00e9fono m\u00f3vil<\/li>\n<li>Control simple de botones, puede encender\/apagar, reproducir\/pausar, cambiar modos, omitir canciones, ajustar volumen, etc.. presionando botones<\/li>\n<li>Soporte de Archivos de M\u00fasica de Formato MP3, WMA, WAV, FLAC, APE<\/li>\n<li>Soporte de Tarjeta Tf, Soporte de Disco USB 2.0<\/li>\n<li>Bater\u00eda incorporada de 1.200 mAh, duraci\u00f3n de la bater\u00eda larga<\/li>\n<\/ul>\n<p>&nbsp;<\/p>\n<ul>\n<li>Versi\u00f3n de Bluetooth: V5.3<\/li>\n<li>Rango de Bluetooth: 10m<\/li>\n<li>Tama\u00f1o Del Altavoz: 52 mm<\/li>\n<li>Potencia de Salida: 4ohm\/5W<\/li>\n<li>Snr:&gt; = 90db<\/li>\n<li>Rango de Frecuencia: 100hz-20khz<\/li>\n<li>Capacidad de la Bater\u00eda: 1.200 mAh<\/li>\n<li>Reproducci\u00f3n de volumen normal: 4 horas<\/li>\n<li>Tiempo de carga: 3-4 horas<\/li>\n<li>Tama\u00f1o: 78 * 78 * 128 mm<\/li>\n<\/ul>\n<p>&nbsp;<\/p>\n<h5>*Las im\u00e1genes son a modo ilustrativo.<\/h5>\n","protected":false},"excerpt":{"rendered":"<h3><strong><span style=\"font-family: 'Cambria','serif'; color: #339966;\">$ 690<\/span><\/strong><\/h3>\n","protected":false},"featured_media":42125,"comment_status":"open","ping_status":"closed","template":"","meta":[],"_links":{"self":[{"href":"https:\/\/www.appoloviracel.com.uy\/index.php\/wp-json\/wp\/v2\/product\/42124"}],"collection":[{"href":"https:\/\/www.appoloviracel.com.uy\/index.php\/wp-json\/wp\/v2\/product"}],"about":[{"href":"https:\/\/www.appoloviracel.com.uy\/index.php\/wp-json\/wp\/v2\/types\/product"}],"replies":[{"embeddable":true,"href":"https:\/\/www.appoloviracel.com.uy\/index.php\/wp-json\/wp\/v2\/comments?post=42124"}],"wp:featuredmedia":[{"embeddable":true,"href":"https:\/\/www.appoloviracel.com.uy\/index.php\/wp-json\/wp\/v2\/media\/42125"}],"wp:attachment":[{"href":"https:\/\/www.appoloviracel.com.uy\/index.php\/wp-json\/wp\/v2\/media?parent=42124"}],"curies":[{"name":"wp","href":"https:\/\/api.w.org\/{rel}","templated":true}]}}