{"id":42115,"date":"2024-10-21T15:46:08","date_gmt":"2024-10-21T18:46:08","guid":{"rendered":"https:\/\/www.appoloviracel.com.uy\/?post_type=product&#038;p=42115"},"modified":"2024-11-29T20:45:07","modified_gmt":"2024-11-29T23:45:07","slug":"parlante-tg-tg321-5w-bluetooth","status":"publish","type":"product","link":"https:\/\/www.appoloviracel.com.uy\/index.php\/product\/parlante-tg-tg321-5w-bluetooth\/","title":{"rendered":"Parlante T&#038;G \u00abTG321\u00bb 5w (Bluetooth)"},"content":{"rendered":"<h2>Caracter\u00edsticas y especificaciones:<\/h2>\n<h6>T&amp;G TG321 TWS Altavoces Inal\u00e1mbricos Port\u00e1tiles Mini M\u00fasica M\u00fasica LED LED Subwoofer Altavo Soporte Tarjeta TF<\/h6>\n<ul>\n<li>Conexi\u00f3n bluetooth sin conexi\u00f3n, apagado autom\u00e1tico<\/li>\n<li>La luz puede parpadear con la melod\u00eda musical<\/li>\n<li>FM Radio, Micro SD Card\/usb Direct Reading, DC5V Cargo<\/li>\n<li>Las llamadas de bluetooth se pueden responder con un toque de manos libres<\/li>\n<li>Soporte de la Funci\u00f3n de Coincidencia de Cuadros TWS<\/li>\n<li>360 \u00b0 definici\u00f3n envolvente sonero sonero, lo que le permite disfrutar de la m\u00fasica, sin esfuerzo<\/li>\n<li>Calidad y conexi\u00f3n de se\u00f1al mejor y estable, compatible con todos sus dispositivos bluetooth, para que pueda escuchar su m\u00fasica, videos o juegos en cualquier momento, en cualquier lugar.<\/li>\n<li>Altavoz ultraportable f\u00e1cil de poner en la bolsa, adecuado para usar en sus actividades al aire libre<\/li>\n<\/ul>\n<p>&nbsp;<\/p>\n<ul>\n<li>Versi\u00f3n de Bluetooth: V5.3<\/li>\n<li>Rango de transmisi\u00f3n inal\u00e1mbrica: 10m<\/li>\n<li>Potencia de la bocina: 4\u03c9 5w<\/li>\n<li>Especificaci\u00f3n de la Bocina: \uffe0 45mmx1<\/li>\n<li>SNR: \u226595db<\/li>\n<li>Bater\u00eda: 3.7V 500 Mah<\/li>\n<li>Tiempo de Reproducci\u00f3n: Alrededor de 1.5h<\/li>\n<li>Carga: 5v 0.5a (aproximadamente 2 horas)<\/li>\n<li>Tama\u00f1o: 85 * 49 * 133 mm<\/li>\n<li>Peso: 244grs.<\/li>\n<\/ul>\n<p>&nbsp;<\/p>\n<h5>*Las im\u00e1genes son a modo ilustrativo.<\/h5>\n","protected":false},"excerpt":{"rendered":"<h3><strong><span style=\"font-family: 'Cambria','serif'; color: #339966;\">$ 750<\/span><\/strong><\/h3>\n","protected":false},"featured_media":42116,"comment_status":"open","ping_status":"closed","template":"","meta":[],"_links":{"self":[{"href":"https:\/\/www.appoloviracel.com.uy\/index.php\/wp-json\/wp\/v2\/product\/42115"}],"collection":[{"href":"https:\/\/www.appoloviracel.com.uy\/index.php\/wp-json\/wp\/v2\/product"}],"about":[{"href":"https:\/\/www.appoloviracel.com.uy\/index.php\/wp-json\/wp\/v2\/types\/product"}],"replies":[{"embeddable":true,"href":"https:\/\/www.appoloviracel.com.uy\/index.php\/wp-json\/wp\/v2\/comments?post=42115"}],"wp:featuredmedia":[{"embeddable":true,"href":"https:\/\/www.appoloviracel.com.uy\/index.php\/wp-json\/wp\/v2\/media\/42116"}],"wp:attachment":[{"href":"https:\/\/www.appoloviracel.com.uy\/index.php\/wp-json\/wp\/v2\/media?parent=42115"}],"curies":[{"name":"wp","href":"https:\/\/api.w.org\/{rel}","templated":true}]}}