{"id":42096,"date":"2024-10-19T16:20:50","date_gmt":"2024-10-19T19:20:50","guid":{"rendered":"https:\/\/www.appoloviracel.com.uy\/?post_type=product&#038;p=42096"},"modified":"2025-11-13T15:56:35","modified_gmt":"2025-11-13T18:56:35","slug":"parlante-tg-tg659-5w-bluetooth","status":"publish","type":"product","link":"https:\/\/www.appoloviracel.com.uy\/index.php\/product\/parlante-tg-tg659-5w-bluetooth\/","title":{"rendered":"Parlante T&#038;G \u00abTG659\u00bb 5w (Bluetooth)"},"content":{"rendered":"<h2>Caracter\u00edsticas y especificaciones:<\/h2>\n<p>El altavoz port\u00e1til T&amp;G TG659 combina potencia y comodidad en un dise\u00f1o compacto. Perfecto para llevar a cualquier lugar gracias a su tama\u00f1o mini y correas de transporte, es el mejor compa\u00f1ero para tus viajes y aventuras.<\/p>\n<ul>\n<li>Bluetooth compatible 5.3, conexi\u00f3n r\u00e1pida, se\u00f1al estable, compatible con todos los dispositivos compatibles con bluetooth<\/li>\n<li>Una bocina de cancelaci\u00f3n incorporada y de cancelaci\u00f3n de eco ofrece un sonido de llamadas cristalinas con la presentaci\u00f3n de un bot\u00f3n. el cambio de m\u00fasica\/llamado es tan f\u00e1cil<\/li>\n<li>5w , diafragma de bajo, vibraci\u00f3n durante la reproducci\u00f3n de m\u00fasica<\/li>\n<li>Funci\u00f3n tws, puede conectar dos altavoces para un mejor efecto<\/li>\n<li>Funci\u00f3n de llamadas manos libres, micr\u00f3fono de eliminaci\u00f3n de ruido incorporado para que no necesite sostener el tel\u00e9fono puede contestar el tel\u00e9fono<\/li>\n<li>Radio FM: disfrute escuchando sus estaciones de radio favoritas con la radio fm incorporada del altavoz bluetooth<\/li>\n<li>Tarjeta tf y unidad flash usb lectura directa: acceder f\u00e1cilmente y reproducir archivos multimedia almacenados en tarjetas tf o unidades flash usb directamente en el altavoz bluetooth, proporcionando opciones de reproducci\u00f3n vers\u00e1tiles<\/li>\n<\/ul>\n<h6><\/h6>\n<h6><strong>Especificaci\u00f3n:<\/strong><\/h6>\n<ul>\n<li>Versi\u00f3n de Bluetooth: V5.3<\/li>\n<li>Rango de Transmisi\u00f3n: 10m<\/li>\n<li>Relaci\u00f3n Se\u00f1al \/ Ruido: \u226585db<\/li>\n<li>Capacidad de la Bater\u00eda: 500 Mah<\/li>\n<li>Voltaje Incorporado: 3.7V<\/li>\n<li>Tiempo de juego: aproximadamente 1h<\/li>\n<li>Tama\u00f1o de la Bocina: 52 Mm*1<\/li>\n<li>Potencia de la Bocina: 4\u03c9\/5w<\/li>\n<li>Entrada de Carga: 5v\/500 ma<\/li>\n<li>Tama\u00f1o: 90.3 * 90.3 * 53.3 mm<\/li>\n<li>Peso: 218g<\/li>\n<\/ul>\n<p>&nbsp;<\/p>\n<h5>*Las im\u00e1genes son a modo ilustrativo.<\/h5>\n","protected":false},"excerpt":{"rendered":"<h3><strong><span style=\"font-family: 'Cambria','serif'; color: #339966;\">$ 590<\/span><\/strong><\/h3>\n","protected":false},"featured_media":42097,"comment_status":"open","ping_status":"closed","template":"","meta":[],"_links":{"self":[{"href":"https:\/\/www.appoloviracel.com.uy\/index.php\/wp-json\/wp\/v2\/product\/42096"}],"collection":[{"href":"https:\/\/www.appoloviracel.com.uy\/index.php\/wp-json\/wp\/v2\/product"}],"about":[{"href":"https:\/\/www.appoloviracel.com.uy\/index.php\/wp-json\/wp\/v2\/types\/product"}],"replies":[{"embeddable":true,"href":"https:\/\/www.appoloviracel.com.uy\/index.php\/wp-json\/wp\/v2\/comments?post=42096"}],"wp:featuredmedia":[{"embeddable":true,"href":"https:\/\/www.appoloviracel.com.uy\/index.php\/wp-json\/wp\/v2\/media\/42097"}],"wp:attachment":[{"href":"https:\/\/www.appoloviracel.com.uy\/index.php\/wp-json\/wp\/v2\/media?parent=42096"}],"curies":[{"name":"wp","href":"https:\/\/api.w.org\/{rel}","templated":true}]}}