{"id":4208,"date":"2021-03-03T00:11:46","date_gmt":"2021-03-03T03:11:46","guid":{"rendered":"https:\/\/www.appoloviracel.com.uy\/?post_type=product&#038;p=4208"},"modified":"2022-07-29T14:49:44","modified_gmt":"2022-07-29T17:49:44","slug":"xiaomi-mi-band-4c","status":"publish","type":"product","link":"https:\/\/www.appoloviracel.com.uy\/index.php\/product\/xiaomi-mi-band-4c\/","title":{"rendered":"Smartwatch Xiaomi \u00abMi Band 4c\u00bb"},"content":{"rendered":"<h4>Caracter\u00edsticas y especificaciones:<\/h4>\n<ul>\n<li>Pantalla TFT a color 1,08&#8243; y 200 nits de brillo, 128 x 220 p\u00edxeles.<\/li>\n<li>Bot\u00f3n t\u00e1ctil simple (despertar, volver atr\u00e1s)<\/li>\n<li>Pulsera de TPU negra con 150.68 a 198.74 mm de longitud<\/li>\n<li>Memoria flash 8MB+512KB.<\/li>\n<li>Memoria RAM 64KB.<\/li>\n<li>Sensores: Aceler\u00f3metro sensor de 3 ejes, PPG para detecci\u00f3n de frecuencia card\u00edaca, monitoreo del sue\u00f1o y alerta de inactividad<\/li>\n<li>Conectividad Bluetooth 5.0 BLE<\/li>\n<li>Bater\u00eda de LiPo 130mAh<\/li>\n<li>Tiempo de carga: aprox. 2 horas<\/li>\n<li>Tiempo stand by Hasta 14 d\u00edas<\/li>\n<li>Aplicaci\u00f3n: Mi Fit<\/li>\n<li>Requisitos del sistema: Android 4.4, iOS 9.0 o superior<\/li>\n<li>Clasificaci\u00f3n de resistencia al agua: 5 ATM*<\/li>\n<li>Dimensiones: 58,69 * 20,72 * 16,52 mm<\/li>\n<li>Peso 13 grs.<\/li>\n<li>Pantalla a color de 1.08\u2033 TFT t\u00e1ctil<\/li>\n<li>Resoluci\u00f3n: 220 * 120 p\u00edxeles<\/li>\n<li>Compatible con iOS 10 o superior, Android 4.4 o Superior<\/li>\n<li>Recibe notificaciones de aplicaciones y\u00a0llamadas (no contestarlas)<\/li>\n<li>Modos deportivos: 5 (correr al aire libre, ejercicio, ciclismo, cinta de correr y caminar r\u00e1pido)<\/li>\n<li>Otras funciones: conteo de pasos, distancia, calor\u00edas quemadas y m\u00e1s<\/li>\n<li><strong>Garant\u00eda<\/strong>: 6 meses contra defecto de fabricaci\u00f3n<\/li>\n<\/ul>\n<h5><\/h5>\n<h4><span style=\"color: #ff0000;\"><strong>* La garant\u00eda no cubre falla que se pueda dar por un uso intensivo.<\/strong><\/span><\/h4>\n<h5><strong>*Las im\u00e1genes son a modo ilustrativo.<\/strong><\/h5>\n","protected":false},"excerpt":{"rendered":"<h3><span style=\"color: #339966;\"><strong>u$s 29<\/strong><\/span><\/h3>\n","protected":false},"featured_media":4209,"comment_status":"open","ping_status":"closed","template":"","meta":[],"_links":{"self":[{"href":"https:\/\/www.appoloviracel.com.uy\/index.php\/wp-json\/wp\/v2\/product\/4208"}],"collection":[{"href":"https:\/\/www.appoloviracel.com.uy\/index.php\/wp-json\/wp\/v2\/product"}],"about":[{"href":"https:\/\/www.appoloviracel.com.uy\/index.php\/wp-json\/wp\/v2\/types\/product"}],"replies":[{"embeddable":true,"href":"https:\/\/www.appoloviracel.com.uy\/index.php\/wp-json\/wp\/v2\/comments?post=4208"}],"wp:featuredmedia":[{"embeddable":true,"href":"https:\/\/www.appoloviracel.com.uy\/index.php\/wp-json\/wp\/v2\/media\/4209"}],"wp:attachment":[{"href":"https:\/\/www.appoloviracel.com.uy\/index.php\/wp-json\/wp\/v2\/media?parent=4208"}],"curies":[{"name":"wp","href":"https:\/\/api.w.org\/{rel}","templated":true}]}}