{"id":42058,"date":"2024-10-12T16:02:20","date_gmt":"2024-10-12T19:02:20","guid":{"rendered":"https:\/\/www.appoloviracel.com.uy\/?post_type=product&#038;p=42058"},"modified":"2024-11-21T19:26:51","modified_gmt":"2024-11-21T22:26:51","slug":"hub-ndnio-ds-26u-6-en-1-type-c","status":"publish","type":"product","link":"https:\/\/www.appoloviracel.com.uy\/index.php\/product\/hub-ndnio-ds-26u-6-en-1-type-c\/","title":{"rendered":"Hub Ldnio \u00abDS-26U\u00bb 6 en 1 Type-C"},"content":{"rendered":"<h2>Caracter\u00edsticas y especificaciones:<\/h2>\n<p>El<strong> DS-26U<\/strong> contiene 6 puertos de expansi\u00f3n USB-C*1+USB3.0*4+RJ45*1 para todas sus necesidades de conversi\u00f3n de datos.\u00a0\u00a0\u00a0 Cargue completamente la computadora port\u00e1til r\u00e1pidamente, admita transmisi\u00f3n de datos PD3.0 y Type-c2.0.\u00a0\u00a0\u00a0 Detecci\u00f3n de puerto inteligente Juzga r\u00e1pidamente por la luz indicadora cuando est\u00e1 conectado a dispositivos.\u00a0 Protecci\u00f3n m\u00faltiple por 6, brinda una expansi\u00f3n segura sin quemar la placa base.<\/p>\n<ul>\n<li>CI inteligente<\/li>\n<li>6 en 1 multipuertos<\/li>\n<li>Carga r\u00e1pida PD de 100W<\/li>\n<li>10M\/100M\/1000M<\/li>\n<li>Detecci\u00f3n de puerto<\/li>\n<li>Luz indicadora<\/li>\n<li>6 multiprotecci\u00f3n<\/li>\n<li>Compatible con Mac OS\/Windows\/Android<\/li>\n<\/ul>\n<h4><\/h4>\n<h5><strong>\u00a0*Las im\u00e1genes son a modo ilustrativo.<\/strong><\/h5>\n","protected":false},"excerpt":{"rendered":"<h3><strong><span style=\"font-family: 'Cambria','serif'; color: #339966;\">$ 1.290<\/span><\/strong><\/h3>\n","protected":false},"featured_media":42059,"comment_status":"open","ping_status":"closed","template":"","meta":[],"_links":{"self":[{"href":"https:\/\/www.appoloviracel.com.uy\/index.php\/wp-json\/wp\/v2\/product\/42058"}],"collection":[{"href":"https:\/\/www.appoloviracel.com.uy\/index.php\/wp-json\/wp\/v2\/product"}],"about":[{"href":"https:\/\/www.appoloviracel.com.uy\/index.php\/wp-json\/wp\/v2\/types\/product"}],"replies":[{"embeddable":true,"href":"https:\/\/www.appoloviracel.com.uy\/index.php\/wp-json\/wp\/v2\/comments?post=42058"}],"wp:featuredmedia":[{"embeddable":true,"href":"https:\/\/www.appoloviracel.com.uy\/index.php\/wp-json\/wp\/v2\/media\/42059"}],"wp:attachment":[{"href":"https:\/\/www.appoloviracel.com.uy\/index.php\/wp-json\/wp\/v2\/media?parent=42058"}],"curies":[{"name":"wp","href":"https:\/\/api.w.org\/{rel}","templated":true}]}}