{"id":42050,"date":"2024-10-11T22:13:13","date_gmt":"2024-10-12T01:13:13","guid":{"rendered":"https:\/\/www.appoloviracel.com.uy\/?post_type=product&#038;p=42050"},"modified":"2024-11-20T17:55:39","modified_gmt":"2024-11-20T20:55:39","slug":"hub-ndnio-ds-26h-6-en-1-type-c","status":"publish","type":"product","link":"https:\/\/www.appoloviracel.com.uy\/index.php\/product\/hub-ndnio-ds-26h-6-en-1-type-c\/","title":{"rendered":"Hub Ldnio \u00abDS-26H\u00bb 6 en 1 Type-C"},"content":{"rendered":"<h2>Caracter\u00edsticas y especificaciones:<\/h2>\n<p>Dise\u00f1o compacto y elegante: el modelo DS-26H cuenta con un perfil delgado con dimensiones de 42&#215;112,5&#215;16,5 mm y una c\u00f3moda longitud de cable de 17 cm, lo que lo hace port\u00e1til y f\u00e1cil de transportar.&lt;b&gt;Opciones de entrada vers\u00e1tiles: admite una variedad de voltajes de entrada que incluyen 5 V\/3 A, 15 V\/3 A y 20 V\/5 A, lo que garantiza la compatibilidad con varias fuentes de energ\u00eda.Salida eficiente: ofrece una salida estable de 5 V\/0,9 A, adecuada para cargar una amplia gama de dispositivos compatibles.Esquema de colores de dos tonos: disponible en dos elegantes opciones de color, blanco y negro, cada una con llamativos detalles en rojo para combinar con su estilo personal y la est\u00e9tica del dispositivo.Cable duradero: Cuenta con un cable robusto con un conector reforzado, dise\u00f1ado para brindar longevidad y resistencia al desgaste.<\/p>\n<ul>\n<li>HDMI 4K<\/li>\n<li>CI inteligente<\/li>\n<li>6 en 1 multipuertos<\/li>\n<li>Carga r\u00e1pida PD de 100W<\/li>\n<li>10M\/100M\/1000M<\/li>\n<li>Detecci\u00f3n de puerto<\/li>\n<li>Luz indicadora<\/li>\n<li>6 multiprotecci\u00f3n<\/li>\n<li>Compatible con Mac OS\/Windows\/Android<\/li>\n<\/ul>\n<h4><\/h4>\n<h5><strong>\u00a0*Las im\u00e1genes son a modo ilustrativo.<\/strong><\/h5>\n","protected":false},"excerpt":{"rendered":"<h3><strong><span style=\"font-family: 'Cambria','serif'; color: #339966;\">$ 1.550<\/span><\/strong><\/h3>\n","protected":false},"featured_media":42051,"comment_status":"open","ping_status":"closed","template":"","meta":[],"_links":{"self":[{"href":"https:\/\/www.appoloviracel.com.uy\/index.php\/wp-json\/wp\/v2\/product\/42050"}],"collection":[{"href":"https:\/\/www.appoloviracel.com.uy\/index.php\/wp-json\/wp\/v2\/product"}],"about":[{"href":"https:\/\/www.appoloviracel.com.uy\/index.php\/wp-json\/wp\/v2\/types\/product"}],"replies":[{"embeddable":true,"href":"https:\/\/www.appoloviracel.com.uy\/index.php\/wp-json\/wp\/v2\/comments?post=42050"}],"wp:featuredmedia":[{"embeddable":true,"href":"https:\/\/www.appoloviracel.com.uy\/index.php\/wp-json\/wp\/v2\/media\/42051"}],"wp:attachment":[{"href":"https:\/\/www.appoloviracel.com.uy\/index.php\/wp-json\/wp\/v2\/media?parent=42050"}],"curies":[{"name":"wp","href":"https:\/\/api.w.org\/{rel}","templated":true}]}}