{"id":42000,"date":"2024-10-05T11:21:23","date_gmt":"2024-10-05T14:21:23","guid":{"rendered":"https:\/\/www.appoloviracel.com.uy\/?post_type=product&#038;p=42000"},"modified":"2024-10-25T17:03:29","modified_gmt":"2024-10-25T20:03:29","slug":"cable-usams-us-sj546-type-c-to-type-c-1000w-fast-charging-data-cable-12-metros","status":"publish","type":"product","link":"https:\/\/www.appoloviracel.com.uy\/index.php\/product\/cable-usams-us-sj546-type-c-to-type-c-1000w-fast-charging-data-cable-12-metros\/","title":{"rendered":"Cable USAMS \u00abUS-SJ546\u00bb Type-C to Type-C 1000w Fast Charging &#038; Data Cable 1,2 metros"},"content":{"rendered":"<h2>Caracter\u00edsticas y especificaciones:<\/h2>\n<h6>USAMS US-SJ546 U78, 1.2m, Tipo-c a Tipo-c 100W, PD Cable de Carga R\u00e1pida, Pantalla Digital, Decisi\u00f3n de Aleaci\u00f3n de Zinc, Cable de Datos Trenzado &#8211; Negro<\/h6>\n<ul>\n<li>Dise\u00f1o de visualizaci\u00f3n digital, visualizaci\u00f3n en tiempo real de energ\u00eda de carga<\/li>\n<li>100w alta potencia, 5a alta corriente, cargue su tel\u00e9fono m\u00f3vil r\u00e1pidamente<\/li>\n<li>Adecuado para tel\u00e9fono m\u00f3vil\/tableta\/computadora port\u00e1til pd carga r\u00e1pida<\/li>\n<li>Hasta la velocidad de transmisi\u00f3n de datos de hasta 480 mbps<\/li>\n<li>Enchufe de aleaci\u00f3n de zinc fuerte y alambre trenzado de nylon, duradero para usar<\/li>\n<\/ul>\n<p>&nbsp;<\/p>\n<ul>\n<li>Marca: Usams<\/li>\n<li>Material: aleaci\u00f3n de zinc+l\u00ednea trenzada de nylon<\/li>\n<li>Corriente M\u00e1xima: 5a<\/li>\n<li>Interfaz: Type-C a Type-C<\/li>\n<li>Longitud: 1.2m<\/li>\n<\/ul>\n<p>&nbsp;<\/p>\n<h5><strong>*Las im\u00e1genes son a modo ilustrativo.<\/strong><\/h5>\n","protected":false},"excerpt":{"rendered":"<h3><span style=\"color: #339966;\"><strong>$ 690<\/strong><\/span><\/h3>\n","protected":false},"featured_media":42001,"comment_status":"open","ping_status":"closed","template":"","meta":[],"_links":{"self":[{"href":"https:\/\/www.appoloviracel.com.uy\/index.php\/wp-json\/wp\/v2\/product\/42000"}],"collection":[{"href":"https:\/\/www.appoloviracel.com.uy\/index.php\/wp-json\/wp\/v2\/product"}],"about":[{"href":"https:\/\/www.appoloviracel.com.uy\/index.php\/wp-json\/wp\/v2\/types\/product"}],"replies":[{"embeddable":true,"href":"https:\/\/www.appoloviracel.com.uy\/index.php\/wp-json\/wp\/v2\/comments?post=42000"}],"wp:featuredmedia":[{"embeddable":true,"href":"https:\/\/www.appoloviracel.com.uy\/index.php\/wp-json\/wp\/v2\/media\/42001"}],"wp:attachment":[{"href":"https:\/\/www.appoloviracel.com.uy\/index.php\/wp-json\/wp\/v2\/media?parent=42000"}],"curies":[{"name":"wp","href":"https:\/\/api.w.org\/{rel}","templated":true}]}}