{"id":41984,"date":"2024-10-03T20:03:44","date_gmt":"2024-10-03T23:03:44","guid":{"rendered":"https:\/\/www.appoloviracel.com.uy\/?post_type=product&#038;p=41984"},"modified":"2025-12-10T16:23:21","modified_gmt":"2025-12-10T19:23:21","slug":"auricular-qcy-croosky-gtr2-bluetooth","status":"publish","type":"product","link":"https:\/\/www.appoloviracel.com.uy\/index.php\/product\/auricular-qcy-croosky-gtr2-bluetooth\/","title":{"rendered":"Auricular QCY \u00abCroosky GTR2\u00bb (Bluetooth)"},"content":{"rendered":"<h2>Caracter\u00edsticas y especificaciones:<\/h2>\n<ul>\n<li>360\u00b0 Stereo Surround Sound &amp; Bass Boost 2.0. Gracias al algoritmo de sonido espacial inteligente, los auriculares QCY Crossky GTR2 ofrecen un ambiente perfecto. Se aplican tubos de graves especiales para a\u00f1adir peso a la unidad del driver y reducir la frecuencia de resonancia, lo que hace que los graves sean m\u00e1s ricos que nunca. Con un driver din\u00e1mico de 14,8 mm, estos auriculares ofrecen un escenario sonoro abierto.<\/li>\n<li>Dise\u00f1o para deportes y resistencia al agua IPX5.\u00a0 Con el gancho para la oreja y la estructura de triple sujeci\u00f3n, estos auriculares son lo suficientemente seguros cuando se est\u00e1 en movimiento. No tendr\u00e1s que preocuparte por la presi\u00f3n, congesti\u00f3n o cualquier cosa que te haga sentir inc\u00f3modo. Tambi\u00e9n el IPX5 impermeable mantiene los auriculares deportivos a salvo del sudor y la lluvia durante la pr\u00e1ctica deportiva o el uso diario.<\/li>\n<li>Duraci\u00f3n de la bater\u00eda.\u00a0 Crossky GTR2 auriculares de entrenamiento ofrecen una notable duraci\u00f3n de la bater\u00eda de 8 horas con una sola carga, que se extiende a 28 horas cuando se utiliza el estuche de carga. Con 2 a 4 horas de reproducci\u00f3n diaria, QCY Crossky GTR2 puede seguir proporcionando m\u00fasica durante toda una semana.<\/li>\n<li>Control t\u00e1ctil y llamadas claras.\u00a0 Disfrute de los controles de volumen y pista, adem\u00e1s de reproducir\/pausar, responder llamadas y activar su asistente inteligente con las funciones de control t\u00e1ctil.Crossy GTR2 equipado con micr\u00f3fonos duales integrados avanzados, los auriculares Bluetooth proporcionan llamadas manos libres claras.<\/li>\n<li>Conexi\u00f3n dual y Smart App.\u00a0 Los auriculares inal\u00e1mbricos admiten la conexi\u00f3n y el cambio entre dos dispositivos simult\u00e1neamente mediante la \u00faltima tecnolog\u00eda Bluetooth 5.4. QCY App permite a los usuarios personalizar la configuraci\u00f3n del ecualizador y actualizar el firmware para una experiencia de audio optimizada.<\/li>\n<\/ul>\n<p>&nbsp;<\/p>\n<h5><strong>*Las im\u00e1genes son a modo ilustrativo.<\/strong><\/h5>\n","protected":false},"excerpt":{"rendered":"<h3><span style=\"color: #339966;\"><strong>$ 1.490<\/strong><\/span><\/h3>\n","protected":false},"featured_media":41985,"comment_status":"open","ping_status":"closed","template":"","meta":[],"_links":{"self":[{"href":"https:\/\/www.appoloviracel.com.uy\/index.php\/wp-json\/wp\/v2\/product\/41984"}],"collection":[{"href":"https:\/\/www.appoloviracel.com.uy\/index.php\/wp-json\/wp\/v2\/product"}],"about":[{"href":"https:\/\/www.appoloviracel.com.uy\/index.php\/wp-json\/wp\/v2\/types\/product"}],"replies":[{"embeddable":true,"href":"https:\/\/www.appoloviracel.com.uy\/index.php\/wp-json\/wp\/v2\/comments?post=41984"}],"wp:featuredmedia":[{"embeddable":true,"href":"https:\/\/www.appoloviracel.com.uy\/index.php\/wp-json\/wp\/v2\/media\/41985"}],"wp:attachment":[{"href":"https:\/\/www.appoloviracel.com.uy\/index.php\/wp-json\/wp\/v2\/media?parent=41984"}],"curies":[{"name":"wp","href":"https:\/\/api.w.org\/{rel}","templated":true}]}}