{"id":41976,"date":"2024-10-02T19:12:10","date_gmt":"2024-10-02T22:12:10","guid":{"rendered":"https:\/\/www.appoloviracel.com.uy\/?post_type=product&#038;p=41976"},"modified":"2025-12-01T00:58:49","modified_gmt":"2025-12-01T03:58:49","slug":"parlante-xiaomi-sound-outdoor-30w","status":"publish","type":"product","link":"https:\/\/www.appoloviracel.com.uy\/index.php\/product\/parlante-xiaomi-sound-outdoor-30w\/","title":{"rendered":"Parlante Xiaomi \u00abSound Outdoor\u00bb 30w"},"content":{"rendered":"<h2>Caracter\u00edsticas y especificaciones:<\/h2>\n<h5><strong>Sonido Incre\u00edble en Movimiento<\/strong><\/h5>\n<p>El Parlante Inal\u00e1mbrico XIAOMI Sound Outdoor es el compa\u00f1ero ideal para tus aventuras al aire libre. Con un dise\u00f1o compacto de 196,6 mm x 68 mm x 66 mm y un peso de apenas 597 g, este parlante ofrece una portabilidad excepcional sin comprometer la calidad del sonido. Ya sea que est\u00e9s en la playa, de camping, o en una reuni\u00f3n en el parque, disfruta de un sonido potente y claro que cautiva.<\/p>\n<h5><strong>Potencia de Sonido Superior<\/strong><\/h5>\n<p>Equipado con una potencia de salida de 1\u00d720 W y 1\u00d710 W, el XIAOMI Sound Outdoor ofrece un rango de frecuencia de 60 Hz a 20 KHz que garantiza una experiencia auditiva envolvente. Con una relaci\u00f3n se\u00f1al-ruido de \u226580 dB, cada nota y cada ritmo se reproducen con una nitidez impecable, haciendo de este parlante la opci\u00f3n perfecta para disfrutar de tus canciones favoritas con la mejor calidad.<\/p>\n<h5><strong>Bater\u00eda de Larga Duraci\u00f3n y Conectividad Avanzada<\/strong><\/h5>\n<p>Gracias a su bater\u00eda de iones de litio de 2.600 mAh y un tiempo de carga de solo 2,5 horas, el parlante ofrece hasta 12 horas de reproducci\u00f3n continua. Adem\u00e1s, con la versi\u00f3n de Bluetooth 5.4, garantiza una conexi\u00f3n estable y r\u00e1pida con una distancia de transmisi\u00f3n de hasta 25 metros, d\u00e1ndote libertad de movimiento mientras escuchas tu m\u00fasica.<\/p>\n<ul>\n<li>Dimensiones del producto: 196,6 mm * 68 mm *66 mm<\/li>\n<li>Peso neto: Aprox. 597 g<\/li>\n<li>Potencia de salida nominal: 1*20 W, 1*10 W<\/li>\n<li>Rango de frecuencia: 60 Hz a 20 KHz<\/li>\n<li>Relaci\u00f3n se\u00f1al-ruido: \u226580dB<\/li>\n<li>Bater\u00eda: Iones de litio, 7,2 V, 2.600 mAh<\/li>\n<li>Carga de la bater\u00eda: 5 V 3 A, 2,5 horas<\/li>\n<li>Versi\u00f3n de Bluetooth: 5.4<\/li>\n<li>Distancia de transmisi\u00f3n: 25 metros<\/li>\n<li>Impermeable: IP67<\/li>\n<li>Tiempo de reproducci\u00f3n: aprox. 12 horas<\/li>\n<\/ul>\n<p>&nbsp;<\/p>\n<h5><strong>*Las im\u00e1genes son a modo ilustrativo.<\/strong><\/h5>\n","protected":false},"excerpt":{"rendered":"<h3><strong><span style=\"font-family: 'Cambria','serif'; color: #339966;\">$ 2790<\/span><\/strong><\/h3>\n","protected":false},"featured_media":41977,"comment_status":"open","ping_status":"closed","template":"","meta":[],"_links":{"self":[{"href":"https:\/\/www.appoloviracel.com.uy\/index.php\/wp-json\/wp\/v2\/product\/41976"}],"collection":[{"href":"https:\/\/www.appoloviracel.com.uy\/index.php\/wp-json\/wp\/v2\/product"}],"about":[{"href":"https:\/\/www.appoloviracel.com.uy\/index.php\/wp-json\/wp\/v2\/types\/product"}],"replies":[{"embeddable":true,"href":"https:\/\/www.appoloviracel.com.uy\/index.php\/wp-json\/wp\/v2\/comments?post=41976"}],"wp:featuredmedia":[{"embeddable":true,"href":"https:\/\/www.appoloviracel.com.uy\/index.php\/wp-json\/wp\/v2\/media\/41977"}],"wp:attachment":[{"href":"https:\/\/www.appoloviracel.com.uy\/index.php\/wp-json\/wp\/v2\/media?parent=41976"}],"curies":[{"name":"wp","href":"https:\/\/api.w.org\/{rel}","templated":true}]}}