{"id":41969,"date":"2024-10-01T22:16:54","date_gmt":"2024-10-02T01:16:54","guid":{"rendered":"https:\/\/www.appoloviracel.com.uy\/?post_type=product&#038;p=41969"},"modified":"2025-08-07T09:59:40","modified_gmt":"2025-08-07T12:59:40","slug":"parlante-xiaomi-sound-pocket-5w","status":"publish","type":"product","link":"https:\/\/www.appoloviracel.com.uy\/index.php\/product\/parlante-xiaomi-sound-pocket-5w\/","title":{"rendered":"Parlante Xiaomi \u00abSound Pocket\u00bb 5w"},"content":{"rendered":"<h2>Caracter\u00edsticas y especificaciones:<\/h2>\n<p>Exquisitamente compacto.\u00a0M\u00e1s f\u00e1cil de llevar.\u00a0El dise\u00f1o liviano del altavoz inal\u00e1mbrico <strong>Xiaomi Sound Pocket<\/strong> permite una f\u00e1cil portabilidad, lo que lo hace a\u00fan m\u00e1s conveniente. Experimente melod\u00edas encantadoras en cualquier momento y en cualquier lugar.<\/p>\n<ul>\n<li><strong>Resistencia al polvo y al agua con clasificaci\u00f3n IP67*: Imparable en cualquier clima.\u00a0<\/strong>Con protecci\u00f3n profesional certificada y caracter\u00edsticas de seguridad mejoradas, la buena m\u00fasica puede estar a tu lado durante las actividades al aire libre, ya sea en la playa o en la piscina.<em> *Xiaomi Sound Pocket no es un altavoz profesional resistente al agua y solo ofrece funciones b\u00e1sicas a prueba de salpicaduras y polvo. La eficacia a prueba de salpicaduras y polvo puede reducirse con el tiempo debido al desgaste. No lo cargues bajo el agua o en ambientes h\u00famedos. Los da\u00f1os por agua no est\u00e1n cubiertos por la garant\u00eda.<\/em><\/li>\n<li><strong>Combinaci\u00f3n de colores atrevidos: De moda y m\u00e1s personalizada. <\/strong>El dise\u00f1o simplista permite la colocaci\u00f3n tanto horizontal como vertical, lo que lo hace adaptable a cualquier entorno. El sofisticado tono negro se complementa con un toque de naranja vibrante para crear una combinaci\u00f3n de colores atrevida y distintiva que irradia personalidad.<\/li>\n<li><strong>Ingenioso dise\u00f1o de cavidad de sonido: Recupera una calidad de sonido excepcional. <\/strong>Con un dise\u00f1o de \u00e1rea de malla grande, el altavoz ofrece un sonido m\u00e1s transparente y un audio equilibrado. Con un subwoofer incorporado, ofrece tonos graves ricos y profundos.<\/li>\n<li><strong>Equilibrio din\u00e1mico. <\/strong>Experimente un audio natural y cautivador gracias a la ecualizaci\u00f3n autom\u00e1tica de diferentes componentes de frecuencia.\u00a0Perfectamente ajustado para una calidad de sonido magistral.<\/li>\n<li><strong>Equilibrio de volumen inteligente. <\/strong>Los niveles de volumen se ajustan autom\u00e1ticamente en funci\u00f3n de los elementos de la m\u00fasica para garantizar una reproducci\u00f3n precisa de los detalles incluso a vol\u00famenes bajos.<\/li>\n<li><strong>Extensi\u00f3n din\u00e1mica del woofer. <\/strong>Sum\u00e9rgete en frecuencias incre\u00edblemente bajas, rompiendo los l\u00edmites de la cavidad del woofer para obtener un altavoz compacto que puede ofrecer graves potentes.<\/li>\n<li><strong>Bater\u00eda de duraci\u00f3n ultralarga de 10 horas: Placer auditivo ininterrumpido. <\/strong>Disfrute de hasta 10 horas de reproducci\u00f3n ininterrumpida con una bater\u00eda de 1000 mAh completamente cargada, lo que lo hace perfecto para todas sus reuniones al aire libre. M\u00e1s potencia significa diversi\u00f3n m\u00e1s duradera.<\/li>\n<li><strong>Tecnolog\u00eda Bluetooth mejorada: Conexi\u00f3n m\u00e1s r\u00e1pida y estable. <\/strong>Disfrute de una calidad de audio sin p\u00e9rdidas como nunca antes con una conexi\u00f3n r\u00e1pida y estable impulsada por el \u00faltimo Bluetooth 5.4.<\/li>\n<li><strong>Combo est\u00e9reo TWS: Calidad de sonido envolvente superior. <\/strong>Conecte dos modelos de altavoces id\u00e9nticos para crear un combo est\u00e9reo inteligente* para experiencias musicales a\u00fan m\u00e1s inmersivas.\u00a0Mantenga presionado el bot\u00f3n Bluetooth 3 segundos en un altavoz, otro altavoz est\u00e1 en estado de emparejamiento de Bluetooth, dos altavoces se emparejar\u00e1n autom\u00e1ticamente y funcionar\u00e1n como canales izquierdo y derecho respectivamente. <em>*El combo est\u00e9reo admite la conexi\u00f3n de dos Xiaomi Sound Pocket para lograr una experiencia de sonido envolvente. Est\u00e1 dise\u00f1ado para reproducir m\u00fasica. Cuando se usa para reproducir videos, el audio y las im\u00e1genes pueden no estar sincronizados debido a factores del dispositivo o de la red.<\/em><\/li>\n<li><strong>Llamadas manos libres: Libera tus manos. <\/strong>Responda llamadas entrantes con un solo toque para conversaciones sencillas con manos libres con un sonido claro y n\u00edtido. Ahora puedes disfrutar chateando con amigos y familiares en todas partes mientras realizas m\u00faltiples tareas.<\/li>\n<\/ul>\n<h2><\/h2>\n<ul>\n<li>Potencia de salida nominal:\u00a05 W<\/li>\n<li>Rango de frecuencia:\u00a0100 Hz a 20 KHz<\/li>\n<li>Relaci\u00f3n se\u00f1al-ruido: &gt;=\u00a070 dB<\/li>\n<li>Bater\u00eda:\u00a0Iones de litio, 3,7 V, 1000 mAh<\/li>\n<li>Bater\u00eda cargando:\u00a05V 1A, 3 horas<\/li>\n<li>Versi\u00f3n Bluetooth:\u00a05.4<\/li>\n<li>Distancia de transmisi\u00f3n:\u00a025 metros<\/li>\n<li>Tiempo de reproducci\u00f3n:\u00a0Aprox. 10 horas (al 40% del volumen)<\/li>\n<li>Impermeable:\u00a0IP67<\/li>\n<li>Par est\u00e9reo (TWS):\u00a0S\u00ed<\/li>\n<li>Micr\u00f3fono: S\u00ed<\/li>\n<li>Dimensiones del producto:\u00a090,8 * 74,4 * 42,6 mm<\/li>\n<li>Peso neto:\u00a0Aprox. 200 grs.<\/li>\n<\/ul>\n<p>&nbsp;<\/p>\n<h5><strong>*Las im\u00e1genes son a modo ilustrativo.<\/strong><\/h5>\n<p>&nbsp;<\/p>\n","protected":false},"excerpt":{"rendered":"<h3><strong><span style=\"font-family: 'Cambria','serif'; color: #339966;\">$ 1.590<\/span><\/strong><\/h3>\n<h3><strong><span style=\"font-family: 'Cambria','serif'; color: #339966;\">\u00a0<\/span><\/strong><\/h3>\n","protected":false},"featured_media":41970,"comment_status":"open","ping_status":"closed","template":"","meta":[],"_links":{"self":[{"href":"https:\/\/www.appoloviracel.com.uy\/index.php\/wp-json\/wp\/v2\/product\/41969"}],"collection":[{"href":"https:\/\/www.appoloviracel.com.uy\/index.php\/wp-json\/wp\/v2\/product"}],"about":[{"href":"https:\/\/www.appoloviracel.com.uy\/index.php\/wp-json\/wp\/v2\/types\/product"}],"replies":[{"embeddable":true,"href":"https:\/\/www.appoloviracel.com.uy\/index.php\/wp-json\/wp\/v2\/comments?post=41969"}],"wp:featuredmedia":[{"embeddable":true,"href":"https:\/\/www.appoloviracel.com.uy\/index.php\/wp-json\/wp\/v2\/media\/41970"}],"wp:attachment":[{"href":"https:\/\/www.appoloviracel.com.uy\/index.php\/wp-json\/wp\/v2\/media?parent=41969"}],"curies":[{"name":"wp","href":"https:\/\/api.w.org\/{rel}","templated":true}]}}