{"id":41959,"date":"2024-09-30T19:02:56","date_gmt":"2024-09-30T22:02:56","guid":{"rendered":"https:\/\/www.appoloviracel.com.uy\/?post_type=product&#038;p=41959"},"modified":"2024-10-20T13:59:27","modified_gmt":"2024-10-20T16:59:27","slug":"parlante-xiaomi-mi-portable-bluetooth-speaker-16w","status":"publish","type":"product","link":"https:\/\/www.appoloviracel.com.uy\/index.php\/product\/parlante-xiaomi-mi-portable-bluetooth-speaker-16w\/","title":{"rendered":"Parlante Xiaomi \u00abMi Portable Bluetooth Speaker 16W\u00bb"},"content":{"rendered":"<h2>Caracter\u00edsticas y especificaciones:<\/h2>\n<ul>\n<li>Nombre del producto: Mi Portable Bluetooth Speaker 16W<\/li>\n<li>Modelo: XMYX03WM<\/li>\n<li>Potencia de salida m\u00e1xima: 5w<\/li>\n<li>Compatibilidad: iOS y Android<\/li>\n<li>Voltaje: 1.0V-10V DC<\/li>\n<li>S.P.L: 115 DB<\/li>\n<li>Respuesta de frecuencia: 20-20 KHz<\/li>\n<li>Versi\u00f3n: BT5.0 Dual Mode<\/li>\n<li>Banda de frecuencia: 2400MHZ ~ 2480MHZ<\/li>\n<li>Efecto de sonido din\u00e1mico<\/li>\n<li>Dise\u00f1o de salpicaduras IPX7<\/li>\n<li>Asistente de voz de Soporte.<\/li>\n<li>Dimensiones: 213 * 74 * 74mm<\/li>\n<li>Conectividad Bluetooth. Entrada Auxiliar de 3,5 mm<\/li>\n<li>Potencia nominal de salida: 2 de 8 W (a 1 kHz, THD = 1 %)<\/li>\n<li>Relaci\u00f3n se\u00f1al\/ruido: 70 dB<\/li>\n<li>Conexi\u00f3n TWS: S\u00ed (-5 m)<\/li>\n<li>Resistencia al agua: IPX7<\/li>\n<li>Tiempo de carga de la bater\u00eda: 4 horas<\/li>\n<li>Rango de frecuencia: 80 Hz a 20 kHz<\/li>\n<li>Impedancia nominal: 4 \u03a9<\/li>\n<li>Distancia de transmisi\u00f3n: 15 m<\/li>\n<li>Bater\u00eda Iones de litio 3,7 V, 2.600 mAh<\/li>\n<li>Duraci\u00f3n de la bater\u00eda hasta 13 horas (seg\u00fan un nivel de volumen del 50%). La duraci\u00f3n real de la bater\u00eda variar\u00e1 seg\u00fan el tipo de m\u00fasica y el volumen, entre otros.<\/li>\n<li>Entrada nominal: 5 V, 1 A<\/li>\n<\/ul>\n<h5><\/h5>\n<h5><strong>*Las im\u00e1genes son a modo ilustrativo.<\/strong><\/h5>\n<p><strong>\u00a0<\/strong><\/p>\n","protected":false},"excerpt":{"rendered":"<h3><span style=\"color: #339966;\"><strong>$ 2.390<\/strong><\/span><\/h3>\n","protected":false},"featured_media":41960,"comment_status":"open","ping_status":"closed","template":"","meta":[],"_links":{"self":[{"href":"https:\/\/www.appoloviracel.com.uy\/index.php\/wp-json\/wp\/v2\/product\/41959"}],"collection":[{"href":"https:\/\/www.appoloviracel.com.uy\/index.php\/wp-json\/wp\/v2\/product"}],"about":[{"href":"https:\/\/www.appoloviracel.com.uy\/index.php\/wp-json\/wp\/v2\/types\/product"}],"replies":[{"embeddable":true,"href":"https:\/\/www.appoloviracel.com.uy\/index.php\/wp-json\/wp\/v2\/comments?post=41959"}],"wp:featuredmedia":[{"embeddable":true,"href":"https:\/\/www.appoloviracel.com.uy\/index.php\/wp-json\/wp\/v2\/media\/41960"}],"wp:attachment":[{"href":"https:\/\/www.appoloviracel.com.uy\/index.php\/wp-json\/wp\/v2\/media?parent=41959"}],"curies":[{"name":"wp","href":"https:\/\/api.w.org\/{rel}","templated":true}]}}