{"id":41948,"date":"2024-09-28T15:53:00","date_gmt":"2024-09-28T18:53:00","guid":{"rendered":"https:\/\/www.appoloviracel.com.uy\/?post_type=product&#038;p=41948"},"modified":"2024-10-18T18:19:44","modified_gmt":"2024-10-18T21:19:44","slug":"cargador-ldnio-aw004-32w-usb4-wireless","status":"publish","type":"product","link":"https:\/\/www.appoloviracel.com.uy\/index.php\/product\/cargador-ldnio-aw004-32w-usb4-wireless\/","title":{"rendered":"Cargador Ldnio \u00abAW004\u00bb 32w USB*4 Wireless"},"content":{"rendered":"<h2>Caracter\u00edsticas y especificaciones:<\/h2>\n<p>LDNIO AW004 es un cargador inductivo inal\u00e1mbrico que le permite conectar 5 dispositivos simult\u00e1neamente. Ofrece un puerto USB-C, 3 puertos USB-A y admite carga inal\u00e1mbrica. Su material es PC resistente al fuego y tiene un cable de 1.5 m.<\/p>\n<p>El cargador ofrece 4 puertos y admite la carga inal\u00e1mbrica, por lo que puede conectar hasta 5 dispositivos al mismo tiempo. Adem\u00e1s, es compatible con los protocolos de carga r\u00e1pida PD 30W y QC3.0, por lo que no tendr\u00e1s que esperar indefinidamente a que se cargue tu equipo.<\/p>\n<p>LDNIO AW004 est\u00e1 hecho de pl\u00e1stico PC resistente al fuego (hasta 850 \u2103). Adem\u00e1s, cuenta con una serie de funciones de seguridad, por lo que su uso es totalmente seguro. Adem\u00e1s, los indicadores de color le informar\u00e1n sobre el estado del dispositivo y facilitar\u00e1n su localizaci\u00f3n despu\u00e9s del anochecer.<\/p>\n<ul>\n<li>Fabricante: LDNIO<\/li>\n<li>Modelo: AW004<\/li>\n<li>Color: Blanco<\/li>\n<li>Voltaje de entrada: 100-240 VAC\/50-60 Hz\/0.8 A<\/li>\n<li>Tensi\u00f3n de salida: DP: 5VDC\/3A, 9VDC\/2.22A, 12VDC\/1,67A (20 W)<\/li>\n<li>Control de calidad: 5 VDC\/3A, 9VDC\/2A, 12 VDC\/1.5A (18 W)<\/li>\n<li>Identificaci\u00f3n autom\u00e1tica: 5 VDC\/2.4 A 12 W m\u00e1x<\/li>\n<li>Potencia de salida (inal\u00e1mbrica): 15 W (5 W\/7.5 W\/10 W\/15 W) m\u00e1x<\/li>\n<li>Potencia total: 32W m\u00e1x<\/li>\n<li>Material: PC V0<\/li>\n<li>Interfaz: *3 USB-A, *1 USB-C<\/li>\n<\/ul>\n<p>&nbsp;<\/p>\n<h5><strong>*Las im\u00e1genes son a modo ilustrativo.<\/strong><\/h5>\n","protected":false},"excerpt":{"rendered":"<h3><strong><span style=\"font-family: 'Cambria','serif'; color: #339966;\">$ 1.190<\/span><\/strong><\/h3>\n","protected":false},"featured_media":41949,"comment_status":"open","ping_status":"closed","template":"","meta":[],"_links":{"self":[{"href":"https:\/\/www.appoloviracel.com.uy\/index.php\/wp-json\/wp\/v2\/product\/41948"}],"collection":[{"href":"https:\/\/www.appoloviracel.com.uy\/index.php\/wp-json\/wp\/v2\/product"}],"about":[{"href":"https:\/\/www.appoloviracel.com.uy\/index.php\/wp-json\/wp\/v2\/types\/product"}],"replies":[{"embeddable":true,"href":"https:\/\/www.appoloviracel.com.uy\/index.php\/wp-json\/wp\/v2\/comments?post=41948"}],"wp:featuredmedia":[{"embeddable":true,"href":"https:\/\/www.appoloviracel.com.uy\/index.php\/wp-json\/wp\/v2\/media\/41949"}],"wp:attachment":[{"href":"https:\/\/www.appoloviracel.com.uy\/index.php\/wp-json\/wp\/v2\/media?parent=41948"}],"curies":[{"name":"wp","href":"https:\/\/api.w.org\/{rel}","templated":true}]}}