{"id":41947,"date":"2024-09-27T19:38:06","date_gmt":"2024-09-27T22:38:06","guid":{"rendered":"https:\/\/www.appoloviracel.com.uy\/?post_type=product&#038;p=41947"},"modified":"2024-10-17T20:23:04","modified_gmt":"2024-10-17T23:23:04","slug":"cable-vention-hdmi-10metros","status":"publish","type":"product","link":"https:\/\/www.appoloviracel.com.uy\/index.php\/product\/cable-vention-hdmi-10metros\/","title":{"rendered":"Cable Vention HDMI (10Metros)"},"content":{"rendered":"<h2>Caracter\u00edsticas y especificaciones:<\/h2>\n<ul>\n<li>[Cable HDMI 8K@60Hz] El cable VENTION HDMI 2.1 ofrece 8K@60Hz y 4K@120Hz, resoluci\u00f3n de hasta 7680*4320, compatible con 3D, HDR din\u00e1mico, HDCP2.2. Cuando se cambia la escena, el la frecuencia de actualizaci\u00f3n cambiar\u00e1 en consecuencia para obtener una imagen m\u00e1s fluida y detallada. Puede disfrutar de la mejor experiencia de visualizaci\u00f3n con su familia en casa.<\/li>\n<li>[Dynamic HDR &amp; eARC] El cable VENTION HDMI 8K cuenta con Dynamic HDR para permitirle capturar m\u00e1s detalles con una precisi\u00f3n de color de 12 bits y obtener im\u00e1genes asombrosamente realistas. La funci\u00f3n de eARC (Canal de retorno de audio mejorado) ofrece directamente audio de resoluci\u00f3n completa, como Dolby Atmos, DTS:X desde el televisor a la barra de sonido\/receptor de AV.<\/li>\n<li>[Cable HDMI 2.1 de ultra alta velocidad] VENTION Cable HDMI 2.1 Ancho de banda mejorado de 18 Gbps a 48 Gbps 8K (7680x 4320) Ya no tendr\u00e1 que preocuparse por la baja velocidad de transmisi\u00f3n y la latencia cuando juegue, mire televisi\u00f3n y realice reuniones de video. Adem\u00e1s, el cable de video est\u00e1 habilitado para Ethernet y facilita el intercambio de archivos entre varios dispositivos HDMI.<\/li>\n<li>[Alta calidad y durabilidad] Con conductor 100 % OFC (cobre libre de ox\u00edgeno) de alta pureza y blindaje triple EMI, capaz de transmitir los datos necesarios para 8K UHD. Conectores chapados en oro resistentes a la corrosi\u00f3n para un nivel superior garantizado imagen y sonido. El dise\u00f1o de resistencia a la flexi\u00f3n puede soportar hasta 10 000 tiempos de flexi\u00f3n.<\/li>\n<li>[Compatibilidad amplia] El cable HDMI VENTION 8K cumple con el est\u00e1ndar HDMI versi\u00f3n 2.1 y es retrocompatible con HDMI versi\u00f3n 2.0B \/ 2.0A \/ 1.4 \/ 1.3 \/ 1.2 \/ 1.1. En comparaci\u00f3n con HDMI 2.0 y 1.4, su velocidad de transmisi\u00f3n es tres veces mayor que la de 4K de ultra alta definici\u00f3n, y no hay marcos atascados o ca\u00eddos al ver videos. Admite conexi\u00f3n de computadora port\u00e1til, reproductor de Blu-Ray, HDTV, monitor, proyector y computadoras port\u00e1tiles con Salida HDMI a TV 4K UHD, proyectores, receptor A\/V, etc.<\/li>\n<\/ul>\n<p><strong>\u00a0<\/strong><\/p>\n<h5><strong>*Las im\u00e1genes son a modo ilustrativo.<\/strong><\/h5>\n","protected":false},"excerpt":{"rendered":"<h3><span style=\"color: #339966;\"><strong>$ 650<\/strong><\/span><\/h3>\n","protected":false},"featured_media":41942,"comment_status":"open","ping_status":"closed","template":"","meta":[],"_links":{"self":[{"href":"https:\/\/www.appoloviracel.com.uy\/index.php\/wp-json\/wp\/v2\/product\/41947"}],"collection":[{"href":"https:\/\/www.appoloviracel.com.uy\/index.php\/wp-json\/wp\/v2\/product"}],"about":[{"href":"https:\/\/www.appoloviracel.com.uy\/index.php\/wp-json\/wp\/v2\/types\/product"}],"replies":[{"embeddable":true,"href":"https:\/\/www.appoloviracel.com.uy\/index.php\/wp-json\/wp\/v2\/comments?post=41947"}],"wp:featuredmedia":[{"embeddable":true,"href":"https:\/\/www.appoloviracel.com.uy\/index.php\/wp-json\/wp\/v2\/media\/41942"}],"wp:attachment":[{"href":"https:\/\/www.appoloviracel.com.uy\/index.php\/wp-json\/wp\/v2\/media?parent=41947"}],"curies":[{"name":"wp","href":"https:\/\/api.w.org\/{rel}","templated":true}]}}