{"id":41934,"date":"2024-09-26T20:01:01","date_gmt":"2024-09-26T23:01:01","guid":{"rendered":"https:\/\/www.appoloviracel.com.uy\/?post_type=product&#038;p=41934"},"modified":"2024-10-13T15:16:22","modified_gmt":"2024-10-13T18:16:22","slug":"extensor-tp-link-tl-wa855re-de-senal-wifi-a-300mbps","status":"publish","type":"product","link":"https:\/\/www.appoloviracel.com.uy\/index.php\/product\/extensor-tp-link-tl-wa855re-de-senal-wifi-a-300mbps\/","title":{"rendered":"Extensor Tp-Link \u00abTL-WA855RE\u00bb de se\u00f1al WiFi (300Mbps)"},"content":{"rendered":"<h2>Caracter\u00edsticas y especificaciones:<\/h2>\n<h4>Extensor De WiFi TP-LINK TL-WA855RE<\/h4>\n<p>Con el access point TP-Link podr\u00e1s interconectar redes inal\u00e1mbricas logrando as\u00ed una conexi\u00f3n estable y segura entre la red y el dispositivo de destino.<\/p>\n<h5>Se\u00f1al amplificada<\/h5>\n<p>El repetidor wifi TP-Link TL-WA855RE te va a permitir disfrutar de la conexi\u00f3n en una mayor cantidad de espacios. Este aparato extiende el rango de la se\u00f1al para que puedas disfrutar de todos los equipos electr\u00f3nicos de tu hogar o tu oficina sin inconvenientes.<\/p>\n<h5>Conexi\u00f3n sin cables<\/h5>\n<p>Con este equipo inal\u00e1mbrico podr\u00e1s desplazarte con total libertad por tu casa u oficina y disfrutar de la conexi\u00f3n sin estar pendiente de los cables.<\/p>\n<h5>M\u00e1s antenas, mejor se\u00f1al<\/h5>\n<p>Con este dispositivo, las paredes y techos no son un obst\u00e1culo: los m\u00faltiples receptores garantizan un mejor rendimiento en lugares con gran nivel de interferencia.<\/p>\n<h5>M\u00e1s velocidad<\/h5>\n<p>Si lo que necesit\u00e1s es un equipo que te permita realizar tus tareas diarias sin demoras, con una velocidad de 300 Mbps este dispositivo es perfecto para vos.<\/p>\n<ul>\n<li>Aumenta la cobertura Wi-Fi existente<\/li>\n<li>Antenas externas para un conexi\u00f3n Wi-Fi m\u00e1s r\u00e1pida y fiable<\/li>\n<li>Soporta el modo AP<\/li>\n<li>Programaci\u00f3n para el Ahorro de Energ\u00eda<\/li>\n<li>Funciona con cualquier Router Wi-Fi Interfaz: 1 Puerto Ethernet RJ45 10\/100M<\/li>\n<li>Dimensiones: 52 * 34 * 65mm. (2.0 * 1.3 * 2.6inh)<\/li>\n<li>Antenas 2 Antenas externas<\/li>\n<li>Frecuencia: 2.4~2.4835GHz<\/li>\n<li>Modos Inal\u00e1mbricos: Extensor de Cobertura y Modo AP<\/li>\n<li>Requisitos del sistema: Microsoft\u00ae Windows\u00ae 98SE, NT, 2000, XP, Vista o Windows 7, 8, 8.1, 10, Mac\u00ae OS, NetWare\u00ae, UNIX\u00ae o Linux.<\/li>\n<\/ul>\n<h5><\/h5>\n<h5><strong>*Las im\u00e1genes son a modo ilustrativo.<\/strong><\/h5>\n","protected":false},"excerpt":{"rendered":"<h3><span style=\"color: #339966;\"><strong>$ 1.250<\/strong><\/span><\/h3>\n","protected":false},"featured_media":41935,"comment_status":"open","ping_status":"closed","template":"","meta":[],"_links":{"self":[{"href":"https:\/\/www.appoloviracel.com.uy\/index.php\/wp-json\/wp\/v2\/product\/41934"}],"collection":[{"href":"https:\/\/www.appoloviracel.com.uy\/index.php\/wp-json\/wp\/v2\/product"}],"about":[{"href":"https:\/\/www.appoloviracel.com.uy\/index.php\/wp-json\/wp\/v2\/types\/product"}],"replies":[{"embeddable":true,"href":"https:\/\/www.appoloviracel.com.uy\/index.php\/wp-json\/wp\/v2\/comments?post=41934"}],"wp:featuredmedia":[{"embeddable":true,"href":"https:\/\/www.appoloviracel.com.uy\/index.php\/wp-json\/wp\/v2\/media\/41935"}],"wp:attachment":[{"href":"https:\/\/www.appoloviracel.com.uy\/index.php\/wp-json\/wp\/v2\/media?parent=41934"}],"curies":[{"name":"wp","href":"https:\/\/api.w.org\/{rel}","templated":true}]}}