{"id":41926,"date":"2024-09-25T12:19:05","date_gmt":"2024-09-25T15:19:05","guid":{"rendered":"https:\/\/www.appoloviracel.com.uy\/?post_type=product&#038;p=41926"},"modified":"2025-07-29T17:34:45","modified_gmt":"2025-07-29T20:34:45","slug":"receptor-fm-usams-us-sj519-para-auto","status":"publish","type":"product","link":"https:\/\/www.appoloviracel.com.uy\/index.php\/product\/receptor-fm-usams-us-sj519-para-auto\/","title":{"rendered":"Receptor USAMS \u00abUS-SJ519\u00bb FM para auto"},"content":{"rendered":"<h2>Caracter\u00edsticas y especificaciones:<\/h2>\n<h5>USAMS US-SJ519 3.5 mm DC Mini Car Bluetooth 5.0 Receptor de Audio Aux Adaptador<\/h5>\n<ul>\n<li>Puede conectar el tel\u00e9fono m\u00f3vil al est\u00e9reo del autom\u00f3vil, contestar la transmisi\u00f3n de llamadas\/navegaci\u00f3n<\/li>\n<li>Uso de chip bluetooth 5.0, bajo consumo de energ\u00eda y transmisi\u00f3n de se\u00f1al estable de alta tasa, escuchando canciones de manera m\u00e1s suave<\/li>\n<li>Buena calidad de sonido y baja latencia, retenga m\u00e1s detalles de la m\u00fasica<\/li>\n<li>Dise\u00f1o de puerto de carga tipo-c, bater\u00eda de litio recargable incorporada<\/li>\n<li>Transmisi\u00f3n sin barrera de 10 metros<\/li>\n<\/ul>\n<p>&nbsp;<\/p>\n<ul>\n<li>Capacidad de la Bater\u00eda: 145mAh<\/li>\n<li>Tiempo de carga: aproximadamente 1.5 horas<\/li>\n<li>Material: aleaci\u00f3n de aluminio<\/li>\n<li>Resuelva el problema de no Bluetooth en el audio del autom\u00f3vil<\/li>\n<li>El pin aux es ampliamente compatible<\/li>\n<li>Bluetooth 5.0, distancia de conexi\u00f3n dentro de 10 metros<\/li>\n<li>HD llamadas manos libres<\/li>\n<li>Transmisi\u00f3n de navegaci\u00f3n de volumen fuerte<\/li>\n<li>Duraci\u00f3n de bater\u00eda inal\u00e1mbrica durante 6 horas<\/li>\n<li>Tama\u00f1o: 50.5 * 23 * 12.2 mm<\/li>\n<li>Peso neto: 19 grs.<\/li>\n<\/ul>\n<p><strong>\u00a0<\/strong><\/p>\n<h5><strong>*Las im\u00e1genes son a modo ilustrativo.<\/strong><\/h5>\n","protected":false},"excerpt":{"rendered":"<h3><strong><span style=\"color: #339966;\">$ 690<\/span> <\/strong><\/h3>\n","protected":false},"featured_media":41927,"comment_status":"open","ping_status":"closed","template":"","meta":[],"_links":{"self":[{"href":"https:\/\/www.appoloviracel.com.uy\/index.php\/wp-json\/wp\/v2\/product\/41926"}],"collection":[{"href":"https:\/\/www.appoloviracel.com.uy\/index.php\/wp-json\/wp\/v2\/product"}],"about":[{"href":"https:\/\/www.appoloviracel.com.uy\/index.php\/wp-json\/wp\/v2\/types\/product"}],"replies":[{"embeddable":true,"href":"https:\/\/www.appoloviracel.com.uy\/index.php\/wp-json\/wp\/v2\/comments?post=41926"}],"wp:featuredmedia":[{"embeddable":true,"href":"https:\/\/www.appoloviracel.com.uy\/index.php\/wp-json\/wp\/v2\/media\/41927"}],"wp:attachment":[{"href":"https:\/\/www.appoloviracel.com.uy\/index.php\/wp-json\/wp\/v2\/media?parent=41926"}],"curies":[{"name":"wp","href":"https:\/\/api.w.org\/{rel}","templated":true}]}}