{"id":41914,"date":"2024-09-24T20:11:40","date_gmt":"2024-09-24T23:11:40","guid":{"rendered":"https:\/\/www.appoloviracel.com.uy\/?post_type=product&#038;p=41914"},"modified":"2024-10-10T19:29:42","modified_gmt":"2024-10-10T22:29:42","slug":"smartwatch-xiaomi-mibro-xpaw016-gs-active","status":"publish","type":"product","link":"https:\/\/www.appoloviracel.com.uy\/index.php\/product\/smartwatch-xiaomi-mibro-xpaw016-gs-active\/","title":{"rendered":"Smartwatch Xiaomi \u00abMibro XPAW016\u00bb GS Active"},"content":{"rendered":"<h2>Caracter\u00edsticas y especificaciones:<\/h2>\n<p>El Reloj Smartwatch Mibro GS Active XPAW016 es un dispositivo de alta tecnolog\u00eda con conectividad GPS, pantalla AMOLED de 1.3 pulgadas y resistencia al agua de 5 ATM (50 metros). Su bater\u00eda de larga duraci\u00f3n ofrece hasta 20 d\u00edas de autonom\u00eda. Marca Mibro. Ideal para deportistas, el Mibro Watch GS Active es resistente al agua hasta 5 ATM, cuenta con bater\u00eda de hasta 20 d\u00edas de duraci\u00f3n, GPS para un posicionamiento preciso y viene con una correa de repuesto. Fabricado con material de alta calidad, correa de silicona y nailon, y m\u00e9todo de carga a trav\u00e9s de puerto magn\u00e9tico. Pantalla AMOLED HD de 1.3 pulgadas, aplicaci\u00f3n Mibrofit y sensores de ox\u00edgeno sangu\u00edneo para un seguimiento completo de tu actividad f\u00edsica.<\/p>\n<ul>\n<li><strong>Marca: Mibro<\/strong><\/li>\n<li><strong>UPC: 6971619679106<\/strong><\/li>\n<li><strong>Part Number: XPAW016<\/strong><\/li>\n<li><strong>Color: Disponible en color Dorado, Blanco, Negro, Azul<\/strong><\/li>\n<li><strong>Sensores: Glonass, Galileo, BDS, Sensor de oxigeno sangu\u00edneo , QZSS<\/strong><\/li>\n<li><strong>Tecnolog\u00eda de pantalla: AMOLED<\/strong><\/li>\n<li><strong>Tama\u00f1o de la Pantalla: 1.3&#8243;<\/strong><\/li>\n<li><strong>Resistencia al agua: 5 ATM ( 50 metros )<\/strong><\/li>\n<li><strong>Duracion Bateria: Hasta 20 dias<\/strong><\/li>\n<li><strong>Material de la Correa: Silicona, Nylon<\/strong><\/li>\n<li><strong>Garant\u00eda<\/strong>: 6 meses contra defecto de fabricaci\u00f3n<\/li>\n<\/ul>\n<h4><strong>\u00a0<\/strong><\/h4>\n<h4><span style=\"color: #ff0000;\"><strong>* La garant\u00eda no cubre falla que se pueda dar por un uso intensivo.<\/strong><\/span><\/h4>\n<h5><strong>\u00a0*Las im\u00e1genes son a modo ilustrativo.<\/strong><\/h5>\n<p>&nbsp;<\/p>\n","protected":false},"excerpt":{"rendered":"<h3><span style=\"color: #339966;\"><strong>$ 3.950<\/strong><\/span><\/h3>\n","protected":false},"featured_media":41915,"comment_status":"open","ping_status":"closed","template":"","meta":[],"_links":{"self":[{"href":"https:\/\/www.appoloviracel.com.uy\/index.php\/wp-json\/wp\/v2\/product\/41914"}],"collection":[{"href":"https:\/\/www.appoloviracel.com.uy\/index.php\/wp-json\/wp\/v2\/product"}],"about":[{"href":"https:\/\/www.appoloviracel.com.uy\/index.php\/wp-json\/wp\/v2\/types\/product"}],"replies":[{"embeddable":true,"href":"https:\/\/www.appoloviracel.com.uy\/index.php\/wp-json\/wp\/v2\/comments?post=41914"}],"wp:featuredmedia":[{"embeddable":true,"href":"https:\/\/www.appoloviracel.com.uy\/index.php\/wp-json\/wp\/v2\/media\/41915"}],"wp:attachment":[{"href":"https:\/\/www.appoloviracel.com.uy\/index.php\/wp-json\/wp\/v2\/media?parent=41914"}],"curies":[{"name":"wp","href":"https:\/\/api.w.org\/{rel}","templated":true}]}}