{"id":41885,"date":"2024-09-19T14:45:23","date_gmt":"2024-09-19T17:45:23","guid":{"rendered":"https:\/\/www.appoloviracel.com.uy\/?post_type=product&#038;p=41885"},"modified":"2025-10-29T11:54:05","modified_gmt":"2025-10-29T14:54:05","slug":"celular-samsung-galaxy-a06-128gb-4gb","status":"publish","type":"product","link":"https:\/\/www.appoloviracel.com.uy\/index.php\/product\/celular-samsung-galaxy-a06-128gb-4gb\/","title":{"rendered":"Celular Samsung \u00abGalaxy A06\u00bb (128Gb-4Gb)"},"content":{"rendered":"<h2><strong>Caracter\u00edsticas y especificaciones<\/strong><\/h2>\n<p>El <strong>Samsung Galaxy A6<\/strong> es un nuevo smartphone de Samsung con pantalla Infinity Display en relaci\u00f3n de aspecto 18.5:9. Su pantalla es de 5.6 pulgadas a 720 x 1480 pixels de resoluci\u00f3n y est\u00e1 potenciado por un procesador Exynos 7870 octa-core a 1.6GHz con 3GB de RAM y 32GB de almacenamiento interno o bien 4GB de RAM y 64GB de almacenamiento. En cuanto a c\u00e1maras, el Galaxy A6 cuenta con un sensor de 16 MP tanto al frente como atr\u00e1s, en ambos casos con flash LED. La bater\u00eda es de 3000 mAh y llegar\u00e1 con Android 8.0 Oreo de f\u00e1brica.<\/p>\n<ul>\n<li>Pantalla: 5.6&#8243;, 720 * 1480 pixeles<\/li>\n<li>Procesador: Exynos 7870 1.6GHz<\/li>\n<li>Memoria RAM: 4GB<\/li>\n<li>Almacenamiento: 128GB<\/li>\n<li>Expansi\u00f3n: microSD<\/li>\n<li>C\u00e1mara:\u00a0 16 MP<\/li>\n<li>Bater\u00eda: 3000 mAh<\/li>\n<li>OS: Android 8.0<\/li>\n<li>Perfil: 7.7 mm<\/li>\n<li>Se incluyen los siguientes accesorios: <strong>Cargador y Manual<\/strong><\/li>\n<li><strong>Garant\u00eda:<\/strong> 12 meses contra defecto de fabricaci\u00f3n<\/li>\n<\/ul>\n<h4><strong>\u00a0<\/strong><\/h4>\n<h4><span style=\"color: #ff0000;\"><strong>Contado efectivo: 10% de Descuento<\/strong><\/span><\/h4>\n<h5><strong>*Las im\u00e1genes son a modo ilustrativo.<\/strong><\/h5>\n","protected":false},"excerpt":{"rendered":"<h3><span style=\"color: #339966;\"><strong>U$S 139<\/strong><\/span><\/h3>\n","protected":false},"featured_media":41886,"comment_status":"open","ping_status":"closed","template":"","meta":[],"_links":{"self":[{"href":"https:\/\/www.appoloviracel.com.uy\/index.php\/wp-json\/wp\/v2\/product\/41885"}],"collection":[{"href":"https:\/\/www.appoloviracel.com.uy\/index.php\/wp-json\/wp\/v2\/product"}],"about":[{"href":"https:\/\/www.appoloviracel.com.uy\/index.php\/wp-json\/wp\/v2\/types\/product"}],"replies":[{"embeddable":true,"href":"https:\/\/www.appoloviracel.com.uy\/index.php\/wp-json\/wp\/v2\/comments?post=41885"}],"wp:featuredmedia":[{"embeddable":true,"href":"https:\/\/www.appoloviracel.com.uy\/index.php\/wp-json\/wp\/v2\/media\/41886"}],"wp:attachment":[{"href":"https:\/\/www.appoloviracel.com.uy\/index.php\/wp-json\/wp\/v2\/media?parent=41885"}],"curies":[{"name":"wp","href":"https:\/\/api.w.org\/{rel}","templated":true}]}}