{"id":41877,"date":"2024-09-18T21:41:53","date_gmt":"2024-09-19T00:41:53","guid":{"rendered":"https:\/\/www.appoloviracel.com.uy\/?post_type=product&#038;p=41877"},"modified":"2025-05-20T11:29:41","modified_gmt":"2025-05-20T14:29:41","slug":"power-bank-usams-us-cd192-nebula-con-display-digital","status":"publish","type":"product","link":"https:\/\/www.appoloviracel.com.uy\/index.php\/product\/power-bank-usams-us-cd192-nebula-con-display-digital\/","title":{"rendered":"Power Bank USAMS \u00abUS-CD192\u00bb Nebula con display digital"},"content":{"rendered":"<h2>Caracter\u00edsticas y especificaciones:<\/h2>\n<ul>\n<li><strong>USAMS USAMS CD192 Nebula Series PD 20W + QC3.0 Pantalla Digital de Carga R\u00e1pida ABS Power Bank 22.5W 10.000 mAh <\/strong><\/li>\n<li><strong>Bater\u00eda de litio de 10000 mAh incorporada, proporciona suficiente energ\u00eda para sus dispositivos m\u00f3viles<\/strong><\/li>\n<li><strong>Con 2 puertos de carga r\u00e1pidos usb-a qc y 1 tipo c pd, compatible con varios protocolos de carga r\u00e1pida<\/strong><\/li>\n<li><strong>Salida simult\u00e1nea de tres puertos, admitiendo la carga simult\u00e1nea de tres dispositivos<\/strong><\/li>\n<li><strong>Con pantalla digital de pantalla led para mostrar la alimentaci\u00f3n<\/strong><\/li>\n<li><strong>Con m\u00faltiples protecciones, seguro para usar<\/strong><\/li>\n<\/ul>\n<ul>\n<li><strong>Material: ABS<\/strong><\/li>\n<li><strong>Capacidad: 10.000 mAh<\/strong><\/li>\n<li><strong>Capacidad Nominal: 6.000 mAh<\/strong><\/li>\n<li><strong>Poder: 22.5w (max)<\/strong><\/li>\n<li><strong>Tama\u00f1o: 85.5 * 62 * 25.7 mm<\/strong><\/li>\n<li><strong>Peso: Alrededor de 212 grs.<\/strong><\/li>\n<\/ul>\n<h5><\/h5>\n<h5><strong>*Las im\u00e1genes son a modo ilustrativo.<\/strong><\/h5>\n","protected":false},"excerpt":{"rendered":"<h3><span style=\"color: #339966;\"><strong>$ 1.450<\/strong><\/span><\/h3>\n","protected":false},"featured_media":41879,"comment_status":"open","ping_status":"closed","template":"","meta":[],"_links":{"self":[{"href":"https:\/\/www.appoloviracel.com.uy\/index.php\/wp-json\/wp\/v2\/product\/41877"}],"collection":[{"href":"https:\/\/www.appoloviracel.com.uy\/index.php\/wp-json\/wp\/v2\/product"}],"about":[{"href":"https:\/\/www.appoloviracel.com.uy\/index.php\/wp-json\/wp\/v2\/types\/product"}],"replies":[{"embeddable":true,"href":"https:\/\/www.appoloviracel.com.uy\/index.php\/wp-json\/wp\/v2\/comments?post=41877"}],"wp:featuredmedia":[{"embeddable":true,"href":"https:\/\/www.appoloviracel.com.uy\/index.php\/wp-json\/wp\/v2\/media\/41879"}],"wp:attachment":[{"href":"https:\/\/www.appoloviracel.com.uy\/index.php\/wp-json\/wp\/v2\/media?parent=41877"}],"curies":[{"name":"wp","href":"https:\/\/api.w.org\/{rel}","templated":true}]}}