{"id":41867,"date":"2024-09-17T19:48:55","date_gmt":"2024-09-17T22:48:55","guid":{"rendered":"https:\/\/www.appoloviracel.com.uy\/?post_type=product&#038;p=41867"},"modified":"2024-10-02T19:18:43","modified_gmt":"2024-10-02T22:18:43","slug":"power-bank-usams-us-cd184-15w-aluminum-alloy-transparent-magnetic-wireles","status":"publish","type":"product","link":"https:\/\/www.appoloviracel.com.uy\/index.php\/product\/power-bank-usams-us-cd184-15w-aluminum-alloy-transparent-magnetic-wireles\/","title":{"rendered":"Power Bank USAMS \u00abUS-CD184\u00bb 15w, Aluminum Alloy Transparent Magnetic Wireles"},"content":{"rendered":"<h2>Caracter\u00edsticas y especificaciones:<\/h2>\n<p>Power Bank Inal\u00e1mbrico Magn\u00e9tico de 15W 10,000mAh con QC3.0 + PD20W, cuenta con fuerte adsorci\u00f3n magn\u00e9tica y con capacidad de 10,000 mAh. Carga inal\u00e1mbrica de 15W y puertos de carga r\u00e1pida PD &amp; QC, con 2 puertos de entradas para cargar el power bank y 3 puertos de salidas para cargar dispositivos digitales. Compatible para modelos iPhone\/Android y varios dispositivos de carga r\u00e1pida.<\/p>\n<ul>\n<li>Marca: Usams<\/li>\n<li>Material: aleaci\u00f3n de aluminio + vidrio templado<\/li>\n<li>Capacidad: 10.000mAh<\/li>\n<li>Capacidad nominal: 5.800 mAh<\/li>\n<li>Tama\u00f1o: 110*70*18mm<\/li>\n<li>Peso: alrededor de 230 g<\/li>\n<li>Entrada tipo C: 5V\u23933A 9V\u23932A 12V\u23931.5A<\/li>\n<li>Entrada: 5V\u23932A<\/li>\n<li>Salida tipo C: 5V\u23933A 9V\u23932.2A 12V\u23931.7A<\/li>\n<li>Salida USB: 5V\u23934.5A 9V\u23932A 12V\u23931.5A<\/li>\n<li>Salida de carga inal\u00e1mbrica: 15W (m\u00e1x.)<\/li>\n<li>Salida total: 5V\u23933A<\/li>\n<li>Tiempo de carga (entrada): aproximadamente 3,5 horas<\/li>\n<li>Bater\u00eda: pol\u00edmero de litio<\/li>\n<li>Accesorio de bater\u00eda: Cable de datos tipo C a tipo C de 60 W*1<\/li>\n<\/ul>\n<h5><strong>\u00a0<\/strong><\/h5>\n<h5><strong>*Las im\u00e1genes son a modo ilustrativo.<\/strong><\/h5>\n","protected":false},"excerpt":{"rendered":"<h3><span style=\"color: #339966;\"><strong>$ 2.450<\/strong><\/span><\/h3>\n","protected":false},"featured_media":41868,"comment_status":"open","ping_status":"closed","template":"","meta":[],"_links":{"self":[{"href":"https:\/\/www.appoloviracel.com.uy\/index.php\/wp-json\/wp\/v2\/product\/41867"}],"collection":[{"href":"https:\/\/www.appoloviracel.com.uy\/index.php\/wp-json\/wp\/v2\/product"}],"about":[{"href":"https:\/\/www.appoloviracel.com.uy\/index.php\/wp-json\/wp\/v2\/types\/product"}],"replies":[{"embeddable":true,"href":"https:\/\/www.appoloviracel.com.uy\/index.php\/wp-json\/wp\/v2\/comments?post=41867"}],"wp:featuredmedia":[{"embeddable":true,"href":"https:\/\/www.appoloviracel.com.uy\/index.php\/wp-json\/wp\/v2\/media\/41868"}],"wp:attachment":[{"href":"https:\/\/www.appoloviracel.com.uy\/index.php\/wp-json\/wp\/v2\/media?parent=41867"}],"curies":[{"name":"wp","href":"https:\/\/api.w.org\/{rel}","templated":true}]}}