{"id":41860,"date":"2024-09-16T21:33:10","date_gmt":"2024-09-17T00:33:10","guid":{"rendered":"https:\/\/www.appoloviracel.com.uy\/?post_type=product&#038;p=41860"},"modified":"2024-10-01T22:28:53","modified_gmt":"2024-10-02T01:28:53","slug":"power-bank-usams-us-cd163-dual-usb-con-display-digital","status":"publish","type":"product","link":"https:\/\/www.appoloviracel.com.uy\/index.php\/product\/power-bank-usams-us-cd163-dual-usb-con-display-digital\/","title":{"rendered":"Power Bank USAMS \u00abUS-CD163\u00bb dual USB, con display digital"},"content":{"rendered":"<h2>Caracter\u00edsticas y especificaciones:<\/h2>\n<ul>\n<li><strong>Material: ABS+PC<\/strong><\/li>\n<li><strong>Capacidad: 10.000mAh<\/strong><\/li>\n<li><strong>Capacidad nominal: 6.000mAh<\/strong><\/li>\n<li><strong>Valor de energ\u00eda nominal: 37Wh (puede tomarse en avi\u00f3n)<\/strong><\/li>\n<li><strong>Tama\u00f1o: 144*68,4*16,6mm<\/strong><\/li>\n<li><strong>Peso: Alrededor de 225grs<\/strong><\/li>\n<li><strong>Entrada Micro\/Tipo C:5V 2A<\/strong><\/li>\n<li><strong>USB1\/USB2 SALIDA:5V 2A<\/strong><\/li>\n<li><strong>Salida total :2A(M\u00e1x)<\/strong><\/li>\n<li><strong>Bater\u00eda: Bater\u00eda de pol\u00edmero de litio<\/strong><\/li>\n<li><strong>Accesorio: Cable de carga micro *1<\/strong><\/li>\n<li><strong>Compatibilidad: Para tel\u00e9fonos Apple\/Android<\/strong><\/li>\n<li><strong>Caracter\u00edsticas:<\/strong><\/li>\n<li><strong>Carga de 2 dispositivos al mismo tiempo.<\/strong><\/li>\n<li><strong>Pantalla LED amplia, muestra el estado de la bater\u00eda.<\/strong><\/li>\n<li><strong>10.000mAh gran capacidad, larga vida \u00fatil de la bater\u00eda.<\/strong><\/li>\n<\/ul>\n<p><strong>\u00a0<\/strong><\/p>\n<h5><strong>*Las im\u00e1genes son a modo ilustrativo.<\/strong><\/h5>\n","protected":false},"excerpt":{"rendered":"<h3><strong><span style=\"font-family: 'Cambria','serif'; color: #339966;\">$ 950<\/span><\/strong><\/h3>\n","protected":false},"featured_media":41861,"comment_status":"open","ping_status":"closed","template":"","meta":[],"_links":{"self":[{"href":"https:\/\/www.appoloviracel.com.uy\/index.php\/wp-json\/wp\/v2\/product\/41860"}],"collection":[{"href":"https:\/\/www.appoloviracel.com.uy\/index.php\/wp-json\/wp\/v2\/product"}],"about":[{"href":"https:\/\/www.appoloviracel.com.uy\/index.php\/wp-json\/wp\/v2\/types\/product"}],"replies":[{"embeddable":true,"href":"https:\/\/www.appoloviracel.com.uy\/index.php\/wp-json\/wp\/v2\/comments?post=41860"}],"wp:featuredmedia":[{"embeddable":true,"href":"https:\/\/www.appoloviracel.com.uy\/index.php\/wp-json\/wp\/v2\/media\/41861"}],"wp:attachment":[{"href":"https:\/\/www.appoloviracel.com.uy\/index.php\/wp-json\/wp\/v2\/media?parent=41860"}],"curies":[{"name":"wp","href":"https:\/\/api.w.org\/{rel}","templated":true}]}}