{"id":41852,"date":"2024-09-15T21:26:29","date_gmt":"2024-09-16T00:26:29","guid":{"rendered":"https:\/\/www.appoloviracel.com.uy\/?post_type=product&#038;p=41852"},"modified":"2024-09-30T19:07:37","modified_gmt":"2024-09-30T22:07:37","slug":"celular-xiaomi-redmi-note-12-5g-128gb-4gb","status":"publish","type":"product","link":"https:\/\/www.appoloviracel.com.uy\/index.php\/product\/celular-xiaomi-redmi-note-12-5g-128gb-4gb\/","title":{"rendered":"Celular Xiaomi \u00abRedmi Note12\u00bb 5G (128Gb-4Gb)"},"content":{"rendered":"<h2>Caracter\u00edsticas y especificaciones:<strong>\u00a0<\/strong><\/h2>\n<h4><span style=\"color: #ff0000;\"><strong>Apto para LTE de todas las compa\u00f1\u00edas.<\/strong><\/span><\/h4>\n<p>El <strong>Xiaomi Redmi Note 12<\/strong> 5G, llega a Occidente con una pantalla AMOLED de 6.67 pulgadas y potenciado por un procesador Snapdragon 4 Gen 1 acompa\u00f1ado con hasta 4GB o 6GB de RAM y 128GB de almacenamiento interno. Una c\u00e1mara triple con sensor principal de 48MP se ubica en su posterior, mientras que la c\u00e1mara selfie es de 13MP. Alimentado por una bater\u00eda de 5000 mAh de carga r\u00e1pida, el Redmi Note 12 5G completa sus caracter\u00edsticas con un lector de huellas lateral, resistencia al polvo y agua, y corre Android 12 con MIUI 13.<\/p>\n<ul>\n<li>Pantalla: 6.67&#8243;, 1080 * 2400 pixels<\/li>\n<li>Procesador: Snapdragon 4 Gen 1; 2GHz<\/li>\n<li>Memoria RAM: 4GB<\/li>\n<li>Almacenamiento: 128GB<\/li>\n<li>Expansi\u00f3n: microSD<\/li>\n<li>C\u00e1mara: Triple, 48MP+8MP+2MP<\/li>\n<li>Bater\u00eda: 5000 mAh<\/li>\n<li>OS: Android 12<\/li>\n<li>Perfil: 8 mm<\/li>\n<li>Peso: 188 grs.<\/li>\n<li>Se incluyen los siguientes accesorios: <strong>Cargador y Manual<\/strong><\/li>\n<li><strong>Garant\u00eda:<\/strong> 12 meses contra defecto de fabricaci\u00f3n<\/li>\n<\/ul>\n<h4><\/h4>\n<h4><span style=\"color: #ff0000;\"><strong>Contado efectivo: 10% de Descuento<\/strong><\/span><\/h4>\n<h5><strong>*Las im\u00e1genes son a modo ilustrativo.<\/strong><\/h5>\n","protected":false},"excerpt":{"rendered":"<h3><strong><span style=\"font-family: 'Cambria','serif'; color: #339966;\">U$S 185<\/span><\/strong><\/h3>\n","protected":false},"featured_media":41853,"comment_status":"open","ping_status":"closed","template":"","meta":[],"_links":{"self":[{"href":"https:\/\/www.appoloviracel.com.uy\/index.php\/wp-json\/wp\/v2\/product\/41852"}],"collection":[{"href":"https:\/\/www.appoloviracel.com.uy\/index.php\/wp-json\/wp\/v2\/product"}],"about":[{"href":"https:\/\/www.appoloviracel.com.uy\/index.php\/wp-json\/wp\/v2\/types\/product"}],"replies":[{"embeddable":true,"href":"https:\/\/www.appoloviracel.com.uy\/index.php\/wp-json\/wp\/v2\/comments?post=41852"}],"wp:featuredmedia":[{"embeddable":true,"href":"https:\/\/www.appoloviracel.com.uy\/index.php\/wp-json\/wp\/v2\/media\/41853"}],"wp:attachment":[{"href":"https:\/\/www.appoloviracel.com.uy\/index.php\/wp-json\/wp\/v2\/media?parent=41852"}],"curies":[{"name":"wp","href":"https:\/\/api.w.org\/{rel}","templated":true}]}}