{"id":41846,"date":"2024-09-14T19:22:19","date_gmt":"2024-09-14T22:22:19","guid":{"rendered":"https:\/\/www.appoloviracel.com.uy\/?post_type=product&#038;p=41846"},"modified":"2024-09-29T21:00:19","modified_gmt":"2024-09-30T00:00:19","slug":"celular-honor-magic5-lite-5g-256gb-8gb","status":"publish","type":"product","link":"https:\/\/www.appoloviracel.com.uy\/index.php\/product\/celular-honor-magic5-lite-5g-256gb-8gb\/","title":{"rendered":"Celular Honor \u00abMagic5 Lite\u00bb 5G (256Gb-8Gb)"},"content":{"rendered":"<h2>Caracter\u00edsticas y especificaciones:<\/h2>\n<p>El\u00a0Honor Magic 5 Lite\u00a0es miembro de la nueva serie Magic 5 de flagships de Honor. Se trata de un smartphone Android con una pantalla AMOLED de 6.67 pulgadas a resoluci\u00f3n FHD+ y tasa de refresco de 120Hz y potenciado por un procesador Snapdragon 695 acompa\u00f1ado de 8GB de RAM y 128GB de almacenamiento interno. La c\u00e1mara posterior del Magic 5 Lite es triple, con un sensor principal de 64MP y la c\u00e1mara selfie es de 16MP. el Magic 5 Lite se alimenta de una bater\u00eda de 5100 mAh con soporte para carga r\u00e1pida de 40W, y corre Magic UI 6.1 basado en Android 12.<\/p>\n<ul>\n<li>Display: 6.7&#8243; Full HD+<\/li>\n<li>Procesador: Snapdragon 695<\/li>\n<li>C\u00e1mara trasera: 64+5+2 Mpx<\/li>\n<li>C\u00e1mara frontal: 16 Mpx<\/li>\n<li>Almacenamiento: 256 GB<\/li>\n<li>Memoria RAM: 8 GB<\/li>\n<li>Se incluyen los siguientes accesorios: <strong>Cargador y Manual<\/strong><\/li>\n<li><strong>Garant\u00eda:<\/strong> 12 meses contra defecto de fabricaci\u00f3n<\/li>\n<\/ul>\n<p>&nbsp;<\/p>\n<h3><span style=\"color: #ff0000;\"><strong>Contado efectivo: 10% de Descuento<\/strong><\/span><\/h3>\n<h5><strong>*Las im\u00e1genes son a modo ilustrativo.<\/strong><\/h5>\n","protected":false},"excerpt":{"rendered":"<h3><span style=\"color: #339966;\"><strong>U$S 335<\/strong><\/span><\/h3>\n","protected":false},"featured_media":41847,"comment_status":"open","ping_status":"closed","template":"","meta":[],"_links":{"self":[{"href":"https:\/\/www.appoloviracel.com.uy\/index.php\/wp-json\/wp\/v2\/product\/41846"}],"collection":[{"href":"https:\/\/www.appoloviracel.com.uy\/index.php\/wp-json\/wp\/v2\/product"}],"about":[{"href":"https:\/\/www.appoloviracel.com.uy\/index.php\/wp-json\/wp\/v2\/types\/product"}],"replies":[{"embeddable":true,"href":"https:\/\/www.appoloviracel.com.uy\/index.php\/wp-json\/wp\/v2\/comments?post=41846"}],"wp:featuredmedia":[{"embeddable":true,"href":"https:\/\/www.appoloviracel.com.uy\/index.php\/wp-json\/wp\/v2\/media\/41847"}],"wp:attachment":[{"href":"https:\/\/www.appoloviracel.com.uy\/index.php\/wp-json\/wp\/v2\/media?parent=41846"}],"curies":[{"name":"wp","href":"https:\/\/api.w.org\/{rel}","templated":true}]}}