{"id":41841,"date":"2024-09-13T20:07:23","date_gmt":"2024-09-13T23:07:23","guid":{"rendered":"https:\/\/www.appoloviracel.com.uy\/?post_type=product&#038;p=41841"},"modified":"2024-09-28T16:03:38","modified_gmt":"2024-09-28T19:03:38","slug":"parlante-usams-us-yc011","status":"publish","type":"product","link":"https:\/\/www.appoloviracel.com.uy\/index.php\/product\/parlante-usams-us-yc011\/","title":{"rendered":"Parlante USAMS \u00abUS-YC011\u00bb"},"content":{"rendered":"<h2>Caracter\u00edsticas y especificaciones:<\/h2>\n<ul>\n<li>Parlante waterproof con altavoces duales de 40 mm, graves impactantes.<\/li>\n<li>Bluetooth 5.0, y micr\u00f3fono de llamada incorporado , resistente al agua IPX7.<\/li>\n<li>Almacenamiento de energ\u00eda 2000 mAh, duraci\u00f3n de la bater\u00eda inal\u00e1mbrica 4 horas. Es f\u00e1cil de llevar al salir, con su propio cord\u00f3n y tela exterior.<\/li>\n<li>Material: ABS + tela<\/li>\n<li>Rango de conexi\u00f3n: menor de 10 metros<\/li>\n<li>Di\u00e1metro del micr\u00f3fono: 40 mm * 2<\/li>\n<li>Rango de frecuencia: 20Hz-20KHz<\/li>\n<li>Impedancia: 4 ohmios<\/li>\n<li>Tiempo de reproducci\u00f3n: alrededor de 4 horas<\/li>\n<li>Tiempo de conversaci\u00f3n: alrededor de 4 horas<\/li>\n<li>Entrada de carga: 5V 1A<\/li>\n<li>Capacidad de la bater\u00eda: 2000 mAh<\/li>\n<li>Tiempo de carga: alrededor de 2,5 horas<\/li>\n<li>Grado impermeable: IPX7<\/li>\n<li>Tama\u00f1o: 70*70*135mm<\/li>\n<li>Peso: alrededor de 330grs.<\/li>\n<\/ul>\n<p>&nbsp;<\/p>\n<h5><strong>*Las im\u00e1genes son a modo ilustrativo.<\/strong><\/h5>\n","protected":false},"excerpt":{"rendered":"<h3><span style=\"color: #339966;\"><strong>$ 1.250<\/strong><\/span><\/h3>\n","protected":false},"featured_media":41843,"comment_status":"open","ping_status":"closed","template":"","meta":[],"_links":{"self":[{"href":"https:\/\/www.appoloviracel.com.uy\/index.php\/wp-json\/wp\/v2\/product\/41841"}],"collection":[{"href":"https:\/\/www.appoloviracel.com.uy\/index.php\/wp-json\/wp\/v2\/product"}],"about":[{"href":"https:\/\/www.appoloviracel.com.uy\/index.php\/wp-json\/wp\/v2\/types\/product"}],"replies":[{"embeddable":true,"href":"https:\/\/www.appoloviracel.com.uy\/index.php\/wp-json\/wp\/v2\/comments?post=41841"}],"wp:featuredmedia":[{"embeddable":true,"href":"https:\/\/www.appoloviracel.com.uy\/index.php\/wp-json\/wp\/v2\/media\/41843"}],"wp:attachment":[{"href":"https:\/\/www.appoloviracel.com.uy\/index.php\/wp-json\/wp\/v2\/media?parent=41841"}],"curies":[{"name":"wp","href":"https:\/\/api.w.org\/{rel}","templated":true}]}}