{"id":41821,"date":"2024-09-10T20:37:14","date_gmt":"2024-09-10T23:37:14","guid":{"rendered":"https:\/\/www.appoloviracel.com.uy\/?post_type=product&#038;p=41821"},"modified":"2024-09-26T20:14:36","modified_gmt":"2024-09-26T23:14:36","slug":"auricular-usams-xd18-bluetooth","status":"publish","type":"product","link":"https:\/\/www.appoloviracel.com.uy\/index.php\/product\/auricular-usams-xd18-bluetooth\/","title":{"rendered":"Auricular USAMS \u00abXD18\u00bb (Bluetooth)"},"content":{"rendered":"<h2>Caracter\u00edsticas y especificaciones:<\/h2>\n<ul>\n<li>Sum\u00e9rgete en una experiencia sonora inigualable con nuestros auriculares de \u00faltima generaci\u00f3n. Equipados con la avanzada tecnolog\u00eda Bluetooth V5.3 EDR, disfruta de una conexi\u00f3n sin esfuerzo que te permite sumergirte en tu m\u00fasica favorita con total libertad.<\/li>\n<li>La funci\u00f3n TWS te brinda la posibilidad de disfrutar de una experiencia auditiva envolvente.<\/li>\n<li>Elimina distracciones con la cancelaci\u00f3n de ruido, que te sumerge en un sonido puro y claro. Con un micr\u00f3fono integrado, mant\u00e9n conversaciones n\u00edtidas y sin interrupciones, incluso en entornos ruidosos.<\/li>\n<li>La distancia de transmisi\u00f3n de 10 metros te da la libertad de moverte sin restricciones, mientras que la frecuencia inal\u00e1mbrica de 2.40GHz-2.480GHz asegura una conexi\u00f3n estable y sin interferencias.<\/li>\n<li>Disfruta de hasta 4-5 horas de tiempo de m\u00fasica ininterrumpida con la potente bater\u00eda de 30mAh en cada auricular. La caja de carga de 250mAh te proporciona energ\u00eda adicional, y el display LED te mantiene informado sobre el porcentaje de carga.<\/li>\n<li>Con un r\u00e1pido tiempo de carga de 1.5 horas y el emparejamiento autom\u00e1tico, estos auriculares no solo son una elecci\u00f3n de calidad, sino tambi\u00e9n una declaraci\u00f3n de comodidad y estilo. Haz que cada momento musical sea excepcional. \u00a1Hazlos tuyos ahora y eleva tu experiencia auditiva a un nuevo nivel!<\/li>\n<\/ul>\n<p>&nbsp;<\/p>\n<ul>\n<li>Bluetooth V5.3 EDR<\/li>\n<li>Funci\u00f3n TWS<\/li>\n<li>Tecnolog\u00eda t\u00e1ctil<\/li>\n<li>Cancelaci\u00f3n de ruido<\/li>\n<li>Micr\u00f3fono<\/li>\n<li>Distancia de transmisi\u00f3n: 10M<\/li>\n<li>Frecuencia inal\u00e1mbrica: 2.40GHz- 2.480GHz<\/li>\n<li>Tiempo de m\u00fasica: 4-5 horas<\/li>\n<li>Bater\u00eda auriculares: 30mAh *2<\/li>\n<li>Bater\u00eda caja de carga: 250mAh<\/li>\n<li>Display LED para el porcentaje de carga<\/li>\n<li>Tiempo de carga: 1,5 horas<\/li>\n<li>Emparejamiento autom\u00e1tico<\/li>\n<\/ul>\n<p>&nbsp;<\/p>\n<h5><strong>*Las im\u00e1genes son a modo ilustrativo.<\/strong><\/h5>\n","protected":false},"excerpt":{"rendered":"<h3><strong><span style=\"color: #339966;\">$ 950<\/span> <\/strong><\/h3>\n","protected":false},"featured_media":41822,"comment_status":"open","ping_status":"closed","template":"","meta":[],"_links":{"self":[{"href":"https:\/\/www.appoloviracel.com.uy\/index.php\/wp-json\/wp\/v2\/product\/41821"}],"collection":[{"href":"https:\/\/www.appoloviracel.com.uy\/index.php\/wp-json\/wp\/v2\/product"}],"about":[{"href":"https:\/\/www.appoloviracel.com.uy\/index.php\/wp-json\/wp\/v2\/types\/product"}],"replies":[{"embeddable":true,"href":"https:\/\/www.appoloviracel.com.uy\/index.php\/wp-json\/wp\/v2\/comments?post=41821"}],"wp:featuredmedia":[{"embeddable":true,"href":"https:\/\/www.appoloviracel.com.uy\/index.php\/wp-json\/wp\/v2\/media\/41822"}],"wp:attachment":[{"href":"https:\/\/www.appoloviracel.com.uy\/index.php\/wp-json\/wp\/v2\/media?parent=41821"}],"curies":[{"name":"wp","href":"https:\/\/api.w.org\/{rel}","templated":true}]}}