{"id":41809,"date":"2024-09-04T19:52:00","date_gmt":"2024-09-04T22:52:00","guid":{"rendered":"https:\/\/www.appoloviracel.com.uy\/?post_type=product&#038;p=41809"},"modified":"2024-09-25T13:05:39","modified_gmt":"2024-09-25T16:05:39","slug":"mouse-genius-ergo-8200s-tipo-c-inalambrico","status":"publish","type":"product","link":"https:\/\/www.appoloviracel.com.uy\/index.php\/product\/mouse-genius-ergo-8200s-tipo-c-inalambrico\/","title":{"rendered":"Mouse Genius \u00abErgo 8200s\u00bb Tipo C Inal\u00e1mbrico"},"content":{"rendered":"<h2>Caracter\u00edsticas y especificaciones:<\/h2>\n<ul>\n<li>MARCA: GENIUS<\/li>\n<li>MODELO: ERGO 8200s<\/li>\n<li>CARACTER\u00cdSTICAS: Mouse inal\u00e1mbrico, ergon\u00f3mico y silencioso.<\/li>\n<li>DISE\u00d1O: Ergo 8200S contiene caracter\u00edsticas avanzadas, como el formato ergon\u00f3mico para la comodidad de la palma y mu\u00f1eca, click silencioso, desplazamiento de rueda ligero, 5 botones con funci\u00f3n que le permite adelantar y retroceder la p\u00e1gina web.<\/li>\n<li>SWITCH SILENCIOSO: Le permite completar sus tareas efectivamente sin interrumpir a los dem\u00e1s, puede disfrutar de su trabajo en donde sea.<\/li>\n<li>SENSOR BLUEEYE: Disfrute del mayor beneficio de la tecnolog\u00eda de sensor BlueEye para usar en superficies como m\u00e1rmol, tela de sof\u00e1, vidrio mate o alfombra etc.<\/li>\n<li>TECNOLOGIA INAL\u00c1MBRICA: Mouse inal\u00e1mbrico 2.4G con receptor USB para notebook &amp; PC. No requiere driver, solo Plug &amp; Play.<\/li>\n<li>FRECUENCIA: 2.4 GHz.<\/li>\n<li>Motor de sensores Ojo azul<\/li>\n<li>Resoluci\u00f3n (PPP) 1200<\/li>\n<li>N\u00famero de botones 5 (izquierda, derecha, bot\u00f3n central con desplazamiento, p\u00e1gina arriba, p\u00e1gina abajo)<\/li>\n<li>Tipo de Bater\u00eda AA<\/li>\n<li>Peso Aprox. 65 grs.<\/li>\n<li>Dimensiones (Ancho. * Alto. * Profundidad.) \u00a073,5 * 107,8 * 40,6 mm (2,89 * 4,24 * 1,60 pulgadas)<\/li>\n<li>Manual de usuario S\u00ed<\/li>\n<li>Requisitos del sistema Windows\u00ae 8, 10, 11 o posterior \/ macOS X 10.8 o posterior<\/li>\n<\/ul>\n<p>&nbsp;<\/p>\n<h5><strong>*Las im\u00e1genes son a modo ilustrativo.<\/strong><\/h5>\n","protected":false},"excerpt":{"rendered":"<h3><strong><span style=\"color: #339966;\">$ 750<\/span> <\/strong><\/h3>\n","protected":false},"featured_media":41810,"comment_status":"open","ping_status":"closed","template":"","meta":[],"_links":{"self":[{"href":"https:\/\/www.appoloviracel.com.uy\/index.php\/wp-json\/wp\/v2\/product\/41809"}],"collection":[{"href":"https:\/\/www.appoloviracel.com.uy\/index.php\/wp-json\/wp\/v2\/product"}],"about":[{"href":"https:\/\/www.appoloviracel.com.uy\/index.php\/wp-json\/wp\/v2\/types\/product"}],"replies":[{"embeddable":true,"href":"https:\/\/www.appoloviracel.com.uy\/index.php\/wp-json\/wp\/v2\/comments?post=41809"}],"wp:featuredmedia":[{"embeddable":true,"href":"https:\/\/www.appoloviracel.com.uy\/index.php\/wp-json\/wp\/v2\/media\/41810"}],"wp:attachment":[{"href":"https:\/\/www.appoloviracel.com.uy\/index.php\/wp-json\/wp\/v2\/media?parent=41809"}],"curies":[{"name":"wp","href":"https:\/\/api.w.org\/{rel}","templated":true}]}}