{"id":41786,"date":"2024-08-31T21:05:20","date_gmt":"2024-09-01T00:05:20","guid":{"rendered":"https:\/\/www.appoloviracel.com.uy\/?post_type=product&#038;p=41786"},"modified":"2025-06-05T14:47:59","modified_gmt":"2025-06-05T17:47:59","slug":"power-bank-usams-us-cd219-magnetico-10-000mah","status":"publish","type":"product","link":"https:\/\/www.appoloviracel.com.uy\/index.php\/product\/power-bank-usams-us-cd219-magnetico-10-000mah\/","title":{"rendered":"Power Bank USAMS \u00abUS-CD219\u00bb Magn\u00e9tico 10.000mAh"},"content":{"rendered":"<h2>Caracter\u00edsticas y especificaciones:<\/h2>\n<p>Bater\u00eda Port\u00e1til CD219 Inal\u00e1mbrico Magsafe 10,000mAh + Soporte &amp; Cable Type-C ofrece carga r\u00e1pida y conveniencia en un dise\u00f1o compacto. Con capacidad de 10.000mAh y soporte para carga PD20W y 22.5W (m\u00e1x), es ideal para tel\u00e9fonos y tablets, incluyendo los modelos de iPhone 8 hasta el iPhone 14. Incluye un pr\u00e1ctico soporte integrado y cable Type-C para carga bidireccional r\u00e1pida. Dise\u00f1o estilizada con un proceso de plateado colorido, combina funcionalidad y estilo para mantener los dispositivos siempre listos.<\/p>\n<p><strong>El magnetismo fuerte de 13N asegura un ajuste preciso y seguro para tu tel\u00e9fono, mientras que la celda de alta densidad permite una carga r\u00e1pida y eficiente en un dise\u00f1o compacto y port\u00e1til. Incorpora un soporte oculto que libera tus manos, ideal para disfrutar de contenido multimedia mientras cargas tu dispositivo.<\/strong><\/p>\n<p><strong>Con un control de temperatura inteligente y una salida estable, el USAMS US-CD219 garantiza una carga segura y eficaz en cualquier lugar y momento. Perfecto para aquellos que valoran la tecnolog\u00eda de vanguardia y la comodidad sin igual en sus dispositivos m\u00f3viles.<\/strong><\/p>\n<p><strong>\u00a0<\/strong><strong>Especificaci\u00f3n:<\/strong><\/p>\n<ul>\n<li><strong>Material: ABS+PC<\/strong><\/li>\n<li><strong>Capacidad: 10000 mAh<\/strong><\/li>\n<li><strong>Capacidad Nominal: 6000 mAh<\/strong><\/li>\n<li><strong>Tama\u00f1o: 109.4*68.1*17.8 mm<\/strong><\/li>\n<li><strong>Peso: Alrededor de 200 g<\/strong><\/li>\n<li><strong>Entrada de Puerto Tipo c: 5v = 3A; 9v = 2A<\/strong><\/li>\n<li><strong>Salida Del Puerto Tipo-c: 5v = 3A; 9v = 2.22A; 12v = 1.67A<\/strong><\/li>\n<li><strong>Salida Inal\u00e1mbrica: 5v = 2A<\/strong><\/li>\n<li><strong>Tiempo de Carga (entrada): 3.5horas<\/strong><\/li>\n<\/ul>\n<p><strong>\u00a0<\/strong><\/p>\n<h5><strong>*Las im\u00e1genes son a modo ilustrativo.<\/strong><\/h5>\n","protected":false},"excerpt":{"rendered":"<h3><span style=\"color: #339966;\"><strong>$ 1.790<\/strong><\/span><\/h3>\n","protected":false},"featured_media":41788,"comment_status":"open","ping_status":"closed","template":"","meta":[],"_links":{"self":[{"href":"https:\/\/www.appoloviracel.com.uy\/index.php\/wp-json\/wp\/v2\/product\/41786"}],"collection":[{"href":"https:\/\/www.appoloviracel.com.uy\/index.php\/wp-json\/wp\/v2\/product"}],"about":[{"href":"https:\/\/www.appoloviracel.com.uy\/index.php\/wp-json\/wp\/v2\/types\/product"}],"replies":[{"embeddable":true,"href":"https:\/\/www.appoloviracel.com.uy\/index.php\/wp-json\/wp\/v2\/comments?post=41786"}],"wp:featuredmedia":[{"embeddable":true,"href":"https:\/\/www.appoloviracel.com.uy\/index.php\/wp-json\/wp\/v2\/media\/41788"}],"wp:attachment":[{"href":"https:\/\/www.appoloviracel.com.uy\/index.php\/wp-json\/wp\/v2\/media?parent=41786"}],"curies":[{"name":"wp","href":"https:\/\/api.w.org\/{rel}","templated":true}]}}