{"id":4177,"date":"2021-02-26T00:03:27","date_gmt":"2021-02-26T03:03:27","guid":{"rendered":"https:\/\/www.appoloviracel.com.uy\/?post_type=product&#038;p=4177"},"modified":"2021-11-09T17:13:23","modified_gmt":"2021-11-09T20:13:23","slug":"xiaomi-poco-m3-64gb-4gb","status":"publish","type":"product","link":"https:\/\/www.appoloviracel.com.uy\/index.php\/product\/xiaomi-poco-m3-64gb-4gb\/","title":{"rendered":"Celular Xiaomi \u00abPoco M3\u00bb (128Gb-4Gb)"},"content":{"rendered":"<h2>Caracter\u00edsticas y especificaciones:<\/h2>\n<p><strong>POCO<\/strong> ha sido muy inteligente proponiendo un terminal que va a ser muy identificable por su dise\u00f1o. Y no es que pueda presumir de un acabado destacado o unas dimensiones de r\u00e9cord &#8230; en positivo. Pero esa trasera de llamativos colores (especialmente la amarilla) unida al <strong>m\u00f3dulo de c\u00e1mara dentro de una banda negra con el nombre bien grande de la marca<\/strong>, ha sido creada para llamar la atenci\u00f3n.<\/p>\n<p>El POCO M3 compensa un aspecto f\u00edsico discreto a nivel de dimensiones jugando con una trasera de las m\u00e1s llamativas que recordamos<\/p>\n<p>Esa peculiaridad compensa ligeramente un aspecto f\u00edsico que me parece bien logrado aunque nada destacable. La trasera es de <strong>policarbonato con una textura que imita a la piel<\/strong>. Se curva ligeramente hacia los bordes, lo que consigue algo de suavidad al tacto y compensa muy ligeramente la impresi\u00f3n de terminal grande y muy grueso que nos deja este Poco M3 en mano.<\/p>\n<p>Sus casi <strong>10 mm de grosor<\/strong> penalizan la comodidad de uso, y favorecen adem\u00e1s que pese a la textura de la trasera, el POCO M3 sea un terminal que puede tender a escapar de ciertas manos. No hay que descuidarse. Mejor con una funda.<\/p>\n<p>Pantalla:<\/p>\n<ul>\n<li>6,53\u201d FullHD+<\/li>\n<li>Contraste 1.500:1<\/li>\n<li>Brillo 400 nits<\/li>\n<li>Gorilla Glass 3<\/li>\n<\/ul>\n<ul>\n<li>Procesador:\u00a0 Qualcomm Snapdragon 662 &#8211; GPU Adreno 610<\/li>\n<li>RAM: 4Gb LPDDR4X<\/li>\n<li>Almacenamiento: 64Gb (UFS 2.1\/UFS 2.2) + microSD (hasta 512 GB)<\/li>\n<li>C\u00e1mara trasera:\u00a0 48 MP f\/1.79,\u00a0 2 MP macro f\/2.4, 2 MP profundidad f\/2.4<\/li>\n<li>C\u00e1mara frontal: 8 MP f\/2.05<\/li>\n<li>Bater\u00eda: 6.000 mAh + 18 W<\/li>\n<li>Sistema operativo: Android 10 + MIUI 12 for POCO<\/li>\n<li>Conectividad: 4Gm 2.4GHz\/5GHz WIFI, Bluetooth 5.0<\/li>\n<li>Dimensiones: 162,3 * 77,3 * 9,6 mm<\/li>\n<li>Peso: 198 grs.<\/li>\n<li>Otros: Est\u00e9reo, jack de 3,5 mm, dual SIM, sensor IR, radio<\/li>\n<li>Se incluyen los siguientes accesorios: <strong>Cargador y Manual<\/strong><\/li>\n<li><strong>Garant\u00eda:<\/strong> 12 meses contra defecto de fabricaci\u00f3n<\/li>\n<\/ul>\n<h4><\/h4>\n<h4><span style=\"color: #ff0000;\"><strong>Contado efectivo: 10% de Descuento<\/strong><\/span><\/h4>\n<h5><strong>*Las im\u00e1genes son a modo ilustrativo.<\/strong><\/h5>\n<p>&nbsp;<\/p>\n","protected":false},"excerpt":{"rendered":"<h3><span style=\"color: #339966;\">U$S 299<\/span><\/h3>\n","protected":false},"featured_media":4178,"comment_status":"open","ping_status":"closed","template":"","meta":[],"_links":{"self":[{"href":"https:\/\/www.appoloviracel.com.uy\/index.php\/wp-json\/wp\/v2\/product\/4177"}],"collection":[{"href":"https:\/\/www.appoloviracel.com.uy\/index.php\/wp-json\/wp\/v2\/product"}],"about":[{"href":"https:\/\/www.appoloviracel.com.uy\/index.php\/wp-json\/wp\/v2\/types\/product"}],"replies":[{"embeddable":true,"href":"https:\/\/www.appoloviracel.com.uy\/index.php\/wp-json\/wp\/v2\/comments?post=4177"}],"wp:featuredmedia":[{"embeddable":true,"href":"https:\/\/www.appoloviracel.com.uy\/index.php\/wp-json\/wp\/v2\/media\/4178"}],"wp:attachment":[{"href":"https:\/\/www.appoloviracel.com.uy\/index.php\/wp-json\/wp\/v2\/media?parent=4177"}],"curies":[{"name":"wp","href":"https:\/\/api.w.org\/{rel}","templated":true}]}}