{"id":41764,"date":"2024-08-29T19:25:03","date_gmt":"2024-08-29T22:25:03","guid":{"rendered":"https:\/\/www.appoloviracel.com.uy\/?post_type=product&#038;p=41764"},"modified":"2024-12-08T19:39:33","modified_gmt":"2024-12-08T22:39:33","slug":"celular-nokia-105-4g","status":"publish","type":"product","link":"https:\/\/www.appoloviracel.com.uy\/index.php\/product\/celular-nokia-105-4g\/","title":{"rendered":"Celular Nokia \u00ab105\u00bb 4G"},"content":{"rendered":"<h2><strong>Caracter\u00edsticas y especificaciones:<\/strong><\/h2>\n<p>El\u00a0<strong>nuevo Nokia 105<\/strong>\u00a0viene con un nuevo dise\u00f1o, m\u00e1s ergon\u00f3mico y acorde a los tiempos que corren. Entre sus grandes novedades viene\u00a0un nuevo teclado t\u00e1ctil keymat en formato isla, que facilita la pulsaci\u00f3n de las teclas. El tel\u00e9fono est\u00e1 fabricado en\u00a0policarbonato, que envuelve un cuerpo unibody dise\u00f1ado en diferentes colores llamativos.<\/p>\n<p>El tel\u00e9fono m\u00f3vil presume de una bater\u00eda que proporciona hasta 15 horas de tiempo de conversaci\u00f3n y un mes en tiempo en espera.\u00a0Tiene suficiente espacio de almacenamiento para hasta 500 mensajes de texto y hasta 2.000 contactos.\u00a0Adem\u00e1s el\u00a0<strong>Nokia 105<\/strong>\u00a0tambi\u00e9n cuenta con una radio incorporada FM y \u00a0un conector MicroUSB 2.0.<\/p>\n<p>No hay c\u00e1mara en un terminal con un tama\u00f1o de\u00a0112.0 x 49.5 * 14.4 mm que alcanza un peso de 73 gramos (incluyendo bater\u00eda)<\/p>\n<ul>\n<li>Pantalla: 1.8&#8243;<\/li>\n<li>C\u00e1mara: No<\/li>\n<li>Bater\u00eda: 1450 mAh<\/li>\n<li>Se incluyen los siguientes accesorios: <strong>Cargador y Manual<\/strong><\/li>\n<li><strong>Garant\u00eda:<\/strong> 6 meses contra defecto de fabricaci\u00f3n<\/li>\n<\/ul>\n<h5><\/h5>\n<h5><strong>*Las im\u00e1genes son a modo ilustrativo.<\/strong><\/h5>\n","protected":false},"excerpt":{"rendered":"<h3><span style=\"color: #339966;\"><strong>U$S 60<\/strong><\/span><\/h3>\n","protected":false},"featured_media":41765,"comment_status":"open","ping_status":"closed","template":"","meta":[],"_links":{"self":[{"href":"https:\/\/www.appoloviracel.com.uy\/index.php\/wp-json\/wp\/v2\/product\/41764"}],"collection":[{"href":"https:\/\/www.appoloviracel.com.uy\/index.php\/wp-json\/wp\/v2\/product"}],"about":[{"href":"https:\/\/www.appoloviracel.com.uy\/index.php\/wp-json\/wp\/v2\/types\/product"}],"replies":[{"embeddable":true,"href":"https:\/\/www.appoloviracel.com.uy\/index.php\/wp-json\/wp\/v2\/comments?post=41764"}],"wp:featuredmedia":[{"embeddable":true,"href":"https:\/\/www.appoloviracel.com.uy\/index.php\/wp-json\/wp\/v2\/media\/41765"}],"wp:attachment":[{"href":"https:\/\/www.appoloviracel.com.uy\/index.php\/wp-json\/wp\/v2\/media?parent=41764"}],"curies":[{"name":"wp","href":"https:\/\/api.w.org\/{rel}","templated":true}]}}