{"id":41744,"date":"2024-08-20T18:51:12","date_gmt":"2024-08-20T21:51:12","guid":{"rendered":"https:\/\/www.appoloviracel.com.uy\/?post_type=product&#038;p=41744"},"modified":"2026-02-23T11:28:14","modified_gmt":"2026-02-23T14:28:14","slug":"google-chromecast-tv-watch-onn-full-hd","status":"publish","type":"product","link":"https:\/\/www.appoloviracel.com.uy\/index.php\/product\/google-chromecast-tv-watch-onn-full-hd\/","title":{"rendered":"Google \u00abChromecast TV\u00bb Watch ONN Full HD"},"content":{"rendered":"<h2>Caracter\u00edsticas y especificaciones:<\/h2>\n<ul>\n<li>Dispositivo de transmisi\u00f3n Full HD de Google TV<\/li>\n<li>Resoluci\u00f3n Full HD<\/li>\n<li>Transmite f\u00e1cilmente tus fotos, v\u00eddeos y m\u00fasica con Chromecast integrado<\/li>\n<li>P\u00eddele a Google que controle tu televisor con tu voz<\/li>\n<li>Acceda a pel\u00edculas y programas de TV desde plataformas como Netflix, Google TV, Disney+, MAX y m\u00e1s.<\/li>\n<li>F\u00e1cil de configurar<\/li>\n<li>Tipo de conector: HDMI, Micro USB<\/li>\n<li>Tecnolog\u00edas inal\u00e1mbricas: MIMO WiFi<\/li>\n<li>Funciones de audio: est\u00e9reo<\/li>\n<li>Memoria RAM: 1,5GB<\/li>\n<\/ul>\n<p><strong>\u00a0<\/strong><\/p>\n<h4><span style=\"color: #ff0000;\"><strong>Garant\u00eda: 6 meses contra desperfectos de f\u00e1brica<\/strong><\/span><\/h4>\n<h5><strong>*Las im\u00e1genes son a modo ilustrativo.<\/strong><\/h5>\n","protected":false},"excerpt":{"rendered":"<h3><span style=\"color: #339966;\"><strong>$ 2190<\/strong><\/span><\/h3>\n","protected":false},"featured_media":41745,"comment_status":"open","ping_status":"closed","template":"","meta":[],"_links":{"self":[{"href":"https:\/\/www.appoloviracel.com.uy\/index.php\/wp-json\/wp\/v2\/product\/41744"}],"collection":[{"href":"https:\/\/www.appoloviracel.com.uy\/index.php\/wp-json\/wp\/v2\/product"}],"about":[{"href":"https:\/\/www.appoloviracel.com.uy\/index.php\/wp-json\/wp\/v2\/types\/product"}],"replies":[{"embeddable":true,"href":"https:\/\/www.appoloviracel.com.uy\/index.php\/wp-json\/wp\/v2\/comments?post=41744"}],"wp:featuredmedia":[{"embeddable":true,"href":"https:\/\/www.appoloviracel.com.uy\/index.php\/wp-json\/wp\/v2\/media\/41745"}],"wp:attachment":[{"href":"https:\/\/www.appoloviracel.com.uy\/index.php\/wp-json\/wp\/v2\/media?parent=41744"}],"curies":[{"name":"wp","href":"https:\/\/api.w.org\/{rel}","templated":true}]}}