{"id":41737,"date":"2024-08-19T19:53:42","date_gmt":"2024-08-19T22:53:42","guid":{"rendered":"https:\/\/www.appoloviracel.com.uy\/?post_type=product&#038;p=41737"},"modified":"2025-09-20T22:57:01","modified_gmt":"2025-09-21T01:57:01","slug":"tablet-samsung-galaxy-a9-128gb-8gb","status":"publish","type":"product","link":"https:\/\/www.appoloviracel.com.uy\/index.php\/product\/tablet-samsung-galaxy-a9-128gb-8gb\/","title":{"rendered":"Tablet Samsung \u00abGalaxy Tab A9+\u00bb (128Gb-8Gb)"},"content":{"rendered":"<h2><strong>Caracter\u00edsticas y especificaciones:<\/strong><\/h2>\n<h5>*Cl\u00e1sica y contempor\u00e1nea<\/h5>\n<p>Elegantes y modernas, las Galaxy Tab A9 y Tab A9+ presentan un dise\u00f1o elegante y un cuerpo de metal liso. Disfrut\u00e1 del dise\u00f1o de tablet exclusivo de Samsung en Graphite, Silver y Navy.<\/p>\n<h5>*Im\u00e1genes amplias y brillantes con movimientos suaves<\/h5>\n<p>Experiment\u00e1 el placer de entretenimiento en una pantalla grande y brillante. La alta frecuencia de actualizaci\u00f3n de la pantalla de la Galaxy Tab A9+ te permite sumergirte en las im\u00e1genes con movimientos suaves y fluidos. Incluso cuando est\u00e9s bajo el sol, entr\u00e1 en el cautivador mundo de tu contenido favorito.<\/p>\n<h5>*M\u00e1s espacio para lo que encanta<\/h5>\n<p>Las Galaxy Tab A9 y Tab A9+ vienen con hasta 4 GB de memoria RAM, garantizando menos retrasos mientras realiz\u00e1s m\u00faltiples tareas. Adem\u00e1s, el almacenamiento integrado de 64 GB guarda todos tus v\u00eddeos, fotos y archivos de alta resoluci\u00f3n. Pod\u00e9s ampliar el almacenamiento con una tarjeta microSD, hasta 1 TB. Almacen\u00e1 m\u00e1s de lo que te encanta.<\/p>\n<h5>*Divisi\u00f3n de la pantalla en tres. Multiplic\u00e1 tu productividad<\/h5>\n<p>Realiz\u00e1 m\u00faltiples tareas a la vez. Con Galaxy Tab A9+, pod\u00e9s dise\u00f1ar planos arquitect\u00f3nicos, elegir im\u00e1genes cautivadoras y chatear por video: hasta tres aplicaciones, todo en una misma pantalla sin tener que cerrar una ventana.<\/p>\n<h5>*Rodeate de un audio envolvente<\/h5>\n<p>Sumergite en un rico paisaje sonoro con parlantes que te brindan una experiencia de audio envolvente. Ya sea que est\u00e9s disfrutando de una pel\u00edcula o m\u00fasica, Galaxy Tab A9+ te permite disfrutar plenamente del sonido 3D con una claridad y profundidad asombrosa.<\/p>\n<h5>*Asegur\u00e1 tu tranquilidad<\/h5>\n<p>Manten\u00e9 tu informaci\u00f3n sana y salva. Guard\u00e1 datos importantes en la Carpeta segura y control\u00e1 el estado de seguridad general de tu dispositivo desde el Panel de privacidad. Aprovech\u00e1 al m\u00e1ximo tu experiencia Galaxy, sin preocuparte por problemas de seguridad.<\/p>\n<p>El Samsung Galaxy Tab A9+ es el tablet de mayor tama\u00f1o de la serie Tab A9, con una pantalla de 11 pulgadas con tasa de refresco de 90Hz. El coraz\u00f3n del Galaxy Tab A9 Plus es un chip Snapdragon 695 acompa\u00f1ado de 4GB o 8GB de RAM y hasta 128GB de almacenamiento y tiene c\u00e1mara trasera de 8MP y frontal de 5MP. Alimentado por una bater\u00eda de 7040 mAh, el Galaxy Tab A9 Plus suma parlantes stereo, y Android 13.<\/p>\n<ul>\n<li>Pantalla: 11 pulgadas; 1200 * 1920 pixels<\/li>\n<li>Procesador: Snapdragon 695 2.2GHz<\/li>\n<li>Memoria RAM: 8GB<\/li>\n<li>Almacenamiento: 128GB<\/li>\n<li>Expansi\u00f3n: microSD<\/li>\n<li>C\u00e1mara: 8 MPixeles<\/li>\n<li>Bater\u00eda: 7040 mAh<\/li>\n<li>OS: Android 13<\/li>\n<li>Perfil: 6.9 mm<\/li>\n<li>Se incluyen los siguientes accesorios: <strong>Cargador y Manual<\/strong><\/li>\n<li><strong>Garant\u00eda:<\/strong> 12 meses contra defecto de fabricaci\u00f3n<\/li>\n<\/ul>\n<h4><strong>\u00a0<\/strong><\/h4>\n<h4><span style=\"color: #ff0000;\"><strong>Contado efectivo: 10% de Descuento<\/strong><\/span><\/h4>\n<h5><strong>\u00a0*Las im\u00e1genes son a modo ilustrativo.<\/strong><\/h5>\n<p>&nbsp;<\/p>\n","protected":false},"excerpt":{"rendered":"<h3><span style=\"color: #339966;\"><strong>U$S 335<\/strong><\/span><\/h3>\n","protected":false},"featured_media":41738,"comment_status":"open","ping_status":"closed","template":"","meta":[],"_links":{"self":[{"href":"https:\/\/www.appoloviracel.com.uy\/index.php\/wp-json\/wp\/v2\/product\/41737"}],"collection":[{"href":"https:\/\/www.appoloviracel.com.uy\/index.php\/wp-json\/wp\/v2\/product"}],"about":[{"href":"https:\/\/www.appoloviracel.com.uy\/index.php\/wp-json\/wp\/v2\/types\/product"}],"replies":[{"embeddable":true,"href":"https:\/\/www.appoloviracel.com.uy\/index.php\/wp-json\/wp\/v2\/comments?post=41737"}],"wp:featuredmedia":[{"embeddable":true,"href":"https:\/\/www.appoloviracel.com.uy\/index.php\/wp-json\/wp\/v2\/media\/41738"}],"wp:attachment":[{"href":"https:\/\/www.appoloviracel.com.uy\/index.php\/wp-json\/wp\/v2\/media?parent=41737"}],"curies":[{"name":"wp","href":"https:\/\/api.w.org\/{rel}","templated":true}]}}