{"id":41721,"date":"2024-08-17T16:45:53","date_gmt":"2024-08-17T19:45:53","guid":{"rendered":"https:\/\/www.appoloviracel.com.uy\/?post_type=product&#038;p=41721"},"modified":"2024-09-16T21:42:30","modified_gmt":"2024-09-17T00:42:30","slug":"soporte-vidvie-hc1528-para-auto","status":"publish","type":"product","link":"https:\/\/www.appoloviracel.com.uy\/index.php\/product\/soporte-vidvie-hc1528-para-auto\/","title":{"rendered":"Soporte Vidvie \u00abHC1528\u00bb para auto"},"content":{"rendered":"<h2>Caracter\u00edsticas y especificaciones:<\/h2>\n<p>Optimiza tu experiencia de viaje en autom\u00f3vil \u00a0con el soporte de reposacabezas para asiento de coche HC1528. Fabricado con una combinaci\u00f3n de ABS, aluminio y silicona, este soporte ofrece una durabilidad excepcional para acompa\u00f1arte en todos tus viajes. Con unas dimensiones de 178115136mm y un peso ligero de 132.6g, es f\u00e1cil de instalar y transportar. Este vers\u00e1til soporte es compatible con tel\u00e9fonos m\u00f3viles y tablets de 4 a 13 pulgadas, brind\u00e1ndote la libertad de usar tus dispositivos mientras viajas. Su capacidad de carga de hasta 1000g garantiza la seguridad de tus dispositivos. Ideal para viajes largos, el soporte permite ajustar la apertura desde 15\u00b0 hasta 40\u00b0 y la altura m\u00ednima desde 12cm hasta 16cm, adapt\u00e1ndose a tus preferencias y necesidades. Adem\u00e1s, incluye un pr\u00e1ctico bolso de transporte para mayor comodidad. Ya sea que necesites entretenimiento durante tus viajes o mantener tus dispositivos al alcance, el soporte de reposacabezas HC1528 es tu compa\u00f1ero de viaje perfecto, asegurando una experiencia placentera y conveniente en la parte trasera de tu autom\u00f3vil. Haz que tus viajes sean m\u00e1s c\u00f3modos y disfrutables con este pr\u00e1ctico accesorio.<\/p>\n<ul>\n<li>Material: ABS + aluminio + silicona<\/li>\n<li>Tama\u00f1o del producto: 178 * 115 * 136 mm<\/li>\n<li>Compatibilidad: Dispositivos de 4 a 13 pulgadas<\/li>\n<li>Capacidad de carga: Hasta 1000 grs.<\/li>\n<li>Colocaci\u00f3n:\u00a0 Parte trasera del asiento del coche<\/li>\n<\/ul>\n<p><strong>\u00a0<\/strong><\/p>\n<h5><strong>*Las im\u00e1genes son a modo ilustrativo.<\/strong><\/h5>\n","protected":false},"excerpt":{"rendered":"<h3><strong><span style=\"font-family: 'Cambria','serif'; color: #339966;\">$ 500<\/span><\/strong><\/h3>\n","protected":false},"featured_media":41722,"comment_status":"open","ping_status":"closed","template":"","meta":[],"_links":{"self":[{"href":"https:\/\/www.appoloviracel.com.uy\/index.php\/wp-json\/wp\/v2\/product\/41721"}],"collection":[{"href":"https:\/\/www.appoloviracel.com.uy\/index.php\/wp-json\/wp\/v2\/product"}],"about":[{"href":"https:\/\/www.appoloviracel.com.uy\/index.php\/wp-json\/wp\/v2\/types\/product"}],"replies":[{"embeddable":true,"href":"https:\/\/www.appoloviracel.com.uy\/index.php\/wp-json\/wp\/v2\/comments?post=41721"}],"wp:featuredmedia":[{"embeddable":true,"href":"https:\/\/www.appoloviracel.com.uy\/index.php\/wp-json\/wp\/v2\/media\/41722"}],"wp:attachment":[{"href":"https:\/\/www.appoloviracel.com.uy\/index.php\/wp-json\/wp\/v2\/media?parent=41721"}],"curies":[{"name":"wp","href":"https:\/\/api.w.org\/{rel}","templated":true}]}}