{"id":41713,"date":"2024-08-16T19:36:44","date_gmt":"2024-08-16T22:36:44","guid":{"rendered":"https:\/\/www.appoloviracel.com.uy\/?post_type=product&#038;p=41713"},"modified":"2025-11-03T17:56:39","modified_gmt":"2025-11-03T20:56:39","slug":"combo-fantech-wk897","status":"publish","type":"product","link":"https:\/\/www.appoloviracel.com.uy\/index.php\/product\/combo-fantech-wk897\/","title":{"rendered":"Combo Fantech \u00abWK897\u00bb"},"content":{"rendered":"<h2>Caracter\u00edsticas y especificaciones:<\/h2>\n<ul>\n<li>Dise\u00f1o: 80 teclas<\/li>\n<li>Puede ser taro HP<\/li>\n<li>Bater\u00eda del teclado: 1 pila AA; del Rat\u00f3n: 1 pila AA<\/li>\n<li>Escriba y cambie f\u00e1cilmente entre dispositivos<\/li>\n<li>Con solo un bot\u00f3n puedes cambiar el dispositivo de escritura en una computadora, tel\u00e9fono m\u00f3vil o tableta. Porque este GO Mochi se puede conectar a 3 dispositivos mediante conexi\u00f3n inal\u00e1mbrica de 2,4 Ghz para conectar 1 dispositivo y Bluetooth para conectar 2 dispositivos.<\/li>\n<li>Teclas \u00fanicas y f\u00e1ciles de leer<\/li>\n<li>Este teclado tiene un dise\u00f1o \u00fanico de botones redondeados y teclas f\u00e1ciles de leer, lo que proporciona una apariencia atractiva y f\u00e1cil de usar.<\/li>\n<li>Comodidad en la mano<\/li>\n<li>El rat\u00f3n ha sido dise\u00f1ado con un dise\u00f1o verdaderamente ambidiestro. El rat\u00f3n puede soportar varios tipos de uso tanto con la mano derecha como con la izquierda para que puedas trabajar c\u00f3modamente durante todo el d\u00eda.<\/li>\n<li>Disfrute de cuatro variaciones de colores de moda<\/li>\n<li>Disponible en 4 opciones de color: verde Matcha, negro s\u00e9samo, azul menta y melocot\u00f3n. \u00a1Elige la variaci\u00f3n de color que m\u00e1s te guste!<\/li>\n<li>Coloque y sostenga de forma segura su tel\u00e9fono inteligente (WK897)<\/li>\n<li>El teclado GO Mochi80 tambi\u00e9n est\u00e1 equipado con un soporte para tel\u00e9fono para mantener su tel\u00e9fono inteligente en una posici\u00f3n segura mientras usa el teclado.<\/li>\n<\/ul>\n<p><strong>\u00a0<\/strong><\/p>\n<h5><strong>*Las im\u00e1genes son a modo ilustrativo.<\/strong><\/h5>\n","protected":false},"excerpt":{"rendered":"<h3><span style=\"color: #339966;\"><strong>$ 1.150<\/strong><\/span><\/h3>\n","protected":false},"featured_media":41714,"comment_status":"open","ping_status":"closed","template":"","meta":[],"_links":{"self":[{"href":"https:\/\/www.appoloviracel.com.uy\/index.php\/wp-json\/wp\/v2\/product\/41713"}],"collection":[{"href":"https:\/\/www.appoloviracel.com.uy\/index.php\/wp-json\/wp\/v2\/product"}],"about":[{"href":"https:\/\/www.appoloviracel.com.uy\/index.php\/wp-json\/wp\/v2\/types\/product"}],"replies":[{"embeddable":true,"href":"https:\/\/www.appoloviracel.com.uy\/index.php\/wp-json\/wp\/v2\/comments?post=41713"}],"wp:featuredmedia":[{"embeddable":true,"href":"https:\/\/www.appoloviracel.com.uy\/index.php\/wp-json\/wp\/v2\/media\/41714"}],"wp:attachment":[{"href":"https:\/\/www.appoloviracel.com.uy\/index.php\/wp-json\/wp\/v2\/media?parent=41713"}],"curies":[{"name":"wp","href":"https:\/\/api.w.org\/{rel}","templated":true}]}}