{"id":41706,"date":"2024-08-15T19:43:04","date_gmt":"2024-08-15T22:43:04","guid":{"rendered":"https:\/\/www.appoloviracel.com.uy\/?post_type=product&#038;p=41706"},"modified":"2024-09-14T19:27:23","modified_gmt":"2024-09-14T22:27:23","slug":"teclado-fantech-mk876-v2-atom-87-mecanico","status":"publish","type":"product","link":"https:\/\/www.appoloviracel.com.uy\/index.php\/product\/teclado-fantech-mk876-v2-atom-87-mecanico\/","title":{"rendered":"Teclado Fantech \u00abMK876 v2\u00bb ATOM 87 mec\u00e1nico"},"content":{"rendered":"<h2>Caracter\u00edsticas y especificaciones:<\/h2>\n<p>El Fantech ATOM TKL MK876 Double Injection Keycaps Full Size Form Factor Macro RGB Mechanical Keyboard es una excelente opci\u00f3n tanto para jugadores como profesionales.<\/p>\n<ul>\n<li><strong>Dos interruptores de selecci\u00f3n:<\/strong> interruptor lineal de \u00e1tomo (RED) \/ Atom Clickly Switch (BLUE)<\/li>\n<li><strong>Keycaps de inyecci\u00f3n doble:<\/strong> El teclado viene con teclas de conmutaci\u00f3n de color negro y color negro y gris.<\/li>\n<li><strong>Factor de forma de talla completa:<\/strong> Con 87 teclas mec\u00e1nicas, este teclado tiene un factor de forma de tama\u00f1o completo para satisfacer sus necesidades de mecanizado.<\/li>\n<li><strong>Espectro de iluminaci\u00f3n:<\/strong> El sistema de iluminaci\u00f3n de modo de espectro 13 de este teclado proporciona un atractivo visual impresionante, lo que lo convierte en una adici\u00f3n elegante a la configuraci\u00f3n de su escritorio.<\/li>\n<\/ul>\n<p>Este teclado mec\u00e1nico con cable tiene una funci\u00f3n anti-fantasma de 25 teclas, asegurando que todas sus pulsaciones de teclado se registran con precisi\u00f3n. Tambi\u00e9n es desviable en caliente, lo que le permite personalizar los interruptores seg\u00fan su preferencia.<\/p>\n<ul>\n<li><strong>Gaming Focused:<\/strong> El Fantech MK876v2 ATOM87 Mechanical Keyboard est\u00e1 dise\u00f1ado pensando en los juegos de por juego. Ofrece excelente funcionalidad para los jugadores con sus teclas de macro que se pueden utilizar para personalizar la experiencia de juego.<\/li>\n<\/ul>\n<p>Si necesita un teclado mec\u00e1nico fiable que ofrezca una experiencia de juego excepcional mientras que sea lo suficientemente funcional para el uso de oficina, entonces el Fantech ATOM MK886 \/ ATOM TKL MK876 Double Injection Keycaps Fullize Form Factor Macro RGB Mechanical Keyboard es una opci\u00f3n ideal que vale la pena considerar.<\/p>\n<p>.<\/p>\n<h5><strong>*Las im\u00e1genes son a modo ilustrativo.<\/strong><\/h5>\n","protected":false},"excerpt":{"rendered":"<h3><span style=\"color: #339966;\"><strong>$ 1.650<\/strong><\/span><\/h3>\n","protected":false},"featured_media":41707,"comment_status":"open","ping_status":"closed","template":"","meta":[],"_links":{"self":[{"href":"https:\/\/www.appoloviracel.com.uy\/index.php\/wp-json\/wp\/v2\/product\/41706"}],"collection":[{"href":"https:\/\/www.appoloviracel.com.uy\/index.php\/wp-json\/wp\/v2\/product"}],"about":[{"href":"https:\/\/www.appoloviracel.com.uy\/index.php\/wp-json\/wp\/v2\/types\/product"}],"replies":[{"embeddable":true,"href":"https:\/\/www.appoloviracel.com.uy\/index.php\/wp-json\/wp\/v2\/comments?post=41706"}],"wp:featuredmedia":[{"embeddable":true,"href":"https:\/\/www.appoloviracel.com.uy\/index.php\/wp-json\/wp\/v2\/media\/41707"}],"wp:attachment":[{"href":"https:\/\/www.appoloviracel.com.uy\/index.php\/wp-json\/wp\/v2\/media?parent=41706"}],"curies":[{"name":"wp","href":"https:\/\/api.w.org\/{rel}","templated":true}]}}