{"id":41697,"date":"2024-08-14T17:18:12","date_gmt":"2024-08-14T20:18:12","guid":{"rendered":"https:\/\/www.appoloviracel.com.uy\/?post_type=product&#038;p=41697"},"modified":"2024-09-13T20:13:29","modified_gmt":"2024-09-13T23:13:29","slug":"teclado-meetion-mk005bt-hestia-gamer","status":"publish","type":"product","link":"https:\/\/www.appoloviracel.com.uy\/index.php\/product\/teclado-meetion-mk005bt-hestia-gamer\/","title":{"rendered":"Teclado Meetion \u00abMK005BT\u00bb Hestia Gamer"},"content":{"rendered":"<h2>Caracter\u00edsticas y especificaciones:<\/h2>\n<p>Teclado mec\u00e1nico para juegos al 60%, modo dual bluetooth inal\u00e1mbrico, con interruptor azul OUTEMU, el sonido es n\u00edtido y la respuesta es buena. El dise\u00f1o ergon\u00f3mico puede satisfacer la b\u00fasqueda de la sensaci\u00f3n y el rendimiento de la mano de los jugadores, mejorar en gran medida la eficiencia de la operaci\u00f3n y garantizar una vida \u00fatil m\u00e1s larga. Los 2 colores cl\u00e1sicos en blanco y negro son opcionales, este teclado puede ahorrarle espacio en el escritorio, ya sea que sea un jugador o una persona de negocios de oficina, este teclado puede satisfacer sus necesidades diarias, la luz de fondo RGB se puede cambiar a voluntad y tiene un humanidad Funciones personalizadas, como definici\u00f3n autom\u00e1tica de retroiluminaci\u00f3n RGB, anti-ghosting de tecla completa, bloqueo de tecla de Windows, etc. Cable USB est\u00e1ndar 1,8 metros.<\/p>\n<ul>\n<li>Teclas completas anti-ghosting<\/li>\n<li>Retroiluminaci\u00f3n crom\u00e1tica RGB<\/li>\n<li>Mec\u00e1nico de modo dual con cable\/Bluetooth<\/li>\n<li>Teclas completas anti-ghosting<\/li>\n<li>Luz trasera crom\u00e1tica RGB<\/li>\n<li>Mec\u00e1nico de modo dual con cable\/Bluetooth<\/li>\n<\/ul>\n<h5><\/h5>\n<h5><strong>*Las im\u00e1genes son a modo ilustrativo.<\/strong><\/h5>\n","protected":false},"excerpt":{"rendered":"<h3><span style=\"color: #339966;\"><strong>$ 2.450<\/strong><\/span><\/h3>\n","protected":false},"featured_media":41698,"comment_status":"open","ping_status":"closed","template":"","meta":[],"_links":{"self":[{"href":"https:\/\/www.appoloviracel.com.uy\/index.php\/wp-json\/wp\/v2\/product\/41697"}],"collection":[{"href":"https:\/\/www.appoloviracel.com.uy\/index.php\/wp-json\/wp\/v2\/product"}],"about":[{"href":"https:\/\/www.appoloviracel.com.uy\/index.php\/wp-json\/wp\/v2\/types\/product"}],"replies":[{"embeddable":true,"href":"https:\/\/www.appoloviracel.com.uy\/index.php\/wp-json\/wp\/v2\/comments?post=41697"}],"wp:featuredmedia":[{"embeddable":true,"href":"https:\/\/www.appoloviracel.com.uy\/index.php\/wp-json\/wp\/v2\/media\/41698"}],"wp:attachment":[{"href":"https:\/\/www.appoloviracel.com.uy\/index.php\/wp-json\/wp\/v2\/media?parent=41697"}],"curies":[{"name":"wp","href":"https:\/\/api.w.org\/{rel}","templated":true}]}}