{"id":41689,"date":"2024-08-13T19:56:08","date_gmt":"2024-08-13T22:56:08","guid":{"rendered":"https:\/\/www.appoloviracel.com.uy\/?post_type=product&#038;p=41689"},"modified":"2024-09-12T21:21:52","modified_gmt":"2024-09-13T00:21:52","slug":"mouse-fantech-venom-ii-wgc2-inalambrico","status":"publish","type":"product","link":"https:\/\/www.appoloviracel.com.uy\/index.php\/product\/mouse-fantech-venom-ii-wgc2-inalambrico\/","title":{"rendered":"Mouse Fantech \u00abVenom II WGC2\u00bb Inal\u00e1mbrico"},"content":{"rendered":"<h2>Caracter\u00edsticas y especificaciones:<\/h2>\n<p>El Fantech Venom II es un mouse que combina personalizaci\u00f3n, rendimiento y durabilidad en un dise\u00f1o ergon\u00f3mico. Ya sea para juegos intensos o tareas diarias, este mouse est\u00e1 dise\u00f1ado para brindarte un control excepcional y una experiencia de usuario sobresaliente.<\/p>\n<p>Su bater\u00eda de 300mAh asegura una larga duraci\u00f3n para tus sesiones de juego, y su conexi\u00f3n inal\u00e1mbrica te ofrece la libertad de movimiento que necesitas, con un alcance de hasta 10 metros.<\/p>\n<ul>\n<li>Sensor: Pixart 3212<\/li>\n<li>Sensibilidad: 800-2.400 DPI<\/li>\n<li>Tasa de sondeo: 125 Hz<\/li>\n<li>Ciclo de vida: 20.000.000 clics<\/li>\n<li>Aceleraci\u00f3n: hasta 30 IPS \/ 10G<\/li>\n<li>Bater\u00eda: 300mAh<\/li>\n<li>Distancia inal\u00e1mbrica: Hasta 10 mts.<\/li>\n<li>Tama\u00f1o: 130 * 78 * 38 mil\u00edmetros.<\/li>\n<\/ul>\n<p><strong>\u00a0<\/strong><\/p>\n<h5><strong>*Las im\u00e1genes son a modo ilustrativo.<\/strong><\/h5>\n","protected":false},"excerpt":{"rendered":"<h3><span style=\"color: #339966;\"><strong>$ 990<\/strong><\/span><\/h3>\n","protected":false},"featured_media":41690,"comment_status":"open","ping_status":"closed","template":"","meta":[],"_links":{"self":[{"href":"https:\/\/www.appoloviracel.com.uy\/index.php\/wp-json\/wp\/v2\/product\/41689"}],"collection":[{"href":"https:\/\/www.appoloviracel.com.uy\/index.php\/wp-json\/wp\/v2\/product"}],"about":[{"href":"https:\/\/www.appoloviracel.com.uy\/index.php\/wp-json\/wp\/v2\/types\/product"}],"replies":[{"embeddable":true,"href":"https:\/\/www.appoloviracel.com.uy\/index.php\/wp-json\/wp\/v2\/comments?post=41689"}],"wp:featuredmedia":[{"embeddable":true,"href":"https:\/\/www.appoloviracel.com.uy\/index.php\/wp-json\/wp\/v2\/media\/41690"}],"wp:attachment":[{"href":"https:\/\/www.appoloviracel.com.uy\/index.php\/wp-json\/wp\/v2\/media?parent=41689"}],"curies":[{"name":"wp","href":"https:\/\/api.w.org\/{rel}","templated":true}]}}