{"id":41667,"date":"2024-08-11T20:35:26","date_gmt":"2024-08-11T23:35:26","guid":{"rendered":"https:\/\/www.appoloviracel.com.uy\/?post_type=product&#038;p=41667"},"modified":"2024-09-03T19:28:27","modified_gmt":"2024-09-03T22:28:27","slug":"parlante-vidvie-sp914-bluetooth","status":"publish","type":"product","link":"https:\/\/www.appoloviracel.com.uy\/index.php\/product\/parlante-vidvie-sp914-bluetooth\/","title":{"rendered":"Parlante Vidvie \u00abSP914\u00bb (Bluetooth)"},"content":{"rendered":"<h2>Caracter\u00edsticas y especificaciones:<\/h2>\n<p>D\u00e9jate envolver por el sonido de las bocinas VIDVIE las cuales son a prueba de agua (IPX7) y cuentan con tecnolog\u00edas que te brindan un sonido perfectamente equilibrado con agudos claros y bajos profundos.<\/p>\n<p>Disfruta de 12 horas de m\u00fasica al 50% del volumen y 25 horas al 30% del volumen.<\/p>\n<h5><strong>Altavoz impermeable IPX7<\/strong><\/h5>\n<p>Especialmente dise\u00f1ado para uso en exteriores, SP914 tiene un cuerpo resistente y tambi\u00e9n es impermeable. El altavoz inal\u00e1mbrico tiene una clasificaci\u00f3n IPX7, lo que significa que puede bucear hasta 1 metro durante 30 minutos.<\/p>\n<h5><strong>Sonido potente<\/strong><\/h5>\n<p>El SP914 es un altavoz de 20 W (2x 10 W) que ofrece un audio estridente junto con graves pesados \u200b\u200bpara un efecto de graves m\u00e1s sorprendente. Este altavoz inal\u00e1mbrico tambi\u00e9n viene con una funci\u00f3n de llamadas manos libres para responder llamadas telef\u00f3nicas.<\/p>\n<h5><strong>Capacidad de bater\u00eda 1800 mAh<\/strong><\/h5>\n<p>Con una capacidad de bater\u00eda tan grande, tambi\u00e9n puede usar el SP914 para escuchar m\u00fasica durante hasta 25 horas (dependiendo del uso, como el volumen y el contenido de audio).<\/p>\n<ul>\n<li>Micr\u00f3fono incorporado que permite responder llamadas telef\u00f3nicas.<\/li>\n<li>Versi\u00f3n Bluetooth: V5.0<\/li>\n<li>Material del producto: TPU + ABS<\/li>\n<li>Impermeable: IPX7<\/li>\n<li>Capacidad de la bater\u00eda: 3.600mAh<\/li>\n<li>Poder del altavoz: 2*10 W<\/li>\n<li>Tiempo de trabajo: 25h (30% de volumen)<\/li>\n<li>Tiempo de carga: 3h<\/li>\n<li>Rango de conexi\u00f3n Bluetooth: 10m<\/li>\n<li>Peso del producto: 508 grs.<\/li>\n<li>Tama\u00f1o del producto: 186 * 62 * 50 mm<\/li>\n<\/ul>\n<h5><\/h5>\n<h5><strong>*Las im\u00e1genes son a modo ilustrativo.<\/strong><\/h5>\n","protected":false},"excerpt":{"rendered":"<h3><strong><span style=\"font-family: 'Cambria','serif'; color: #339966;\">$ 2.050<\/span><\/strong><\/h3>\n","protected":false},"featured_media":41668,"comment_status":"open","ping_status":"closed","template":"","meta":[],"_links":{"self":[{"href":"https:\/\/www.appoloviracel.com.uy\/index.php\/wp-json\/wp\/v2\/product\/41667"}],"collection":[{"href":"https:\/\/www.appoloviracel.com.uy\/index.php\/wp-json\/wp\/v2\/product"}],"about":[{"href":"https:\/\/www.appoloviracel.com.uy\/index.php\/wp-json\/wp\/v2\/types\/product"}],"replies":[{"embeddable":true,"href":"https:\/\/www.appoloviracel.com.uy\/index.php\/wp-json\/wp\/v2\/comments?post=41667"}],"wp:featuredmedia":[{"embeddable":true,"href":"https:\/\/www.appoloviracel.com.uy\/index.php\/wp-json\/wp\/v2\/media\/41668"}],"wp:attachment":[{"href":"https:\/\/www.appoloviracel.com.uy\/index.php\/wp-json\/wp\/v2\/media?parent=41667"}],"curies":[{"name":"wp","href":"https:\/\/api.w.org\/{rel}","templated":true}]}}