{"id":41618,"date":"2024-08-07T19:10:16","date_gmt":"2024-08-07T22:10:16","guid":{"rendered":"https:\/\/www.appoloviracel.com.uy\/?post_type=product&#038;p=41618"},"modified":"2024-08-19T20:01:09","modified_gmt":"2024-08-19T23:01:09","slug":"auricular-vidvie-bt868-gaming-headset-bluetooth","status":"publish","type":"product","link":"https:\/\/www.appoloviracel.com.uy\/index.php\/product\/auricular-vidvie-bt868-gaming-headset-bluetooth\/","title":{"rendered":"Auricular Vidvie \u00abBT868\u00bb Gaming Headset (Bluetooth)"},"content":{"rendered":"<h2>Caracter\u00edsticas y especificaciones:<\/h2>\n<p>Sum\u00e9rgete en la experiencia de juego definitiva con los Aud\u00edfonos Bluetooth TWS Gaming Vidvie BT868 Dise\u00f1ados para los verdaderos entusiastas del juego, estos auriculares inal\u00e1mbricos ofrecen un sonido inmersivo y una conectividad sin igual para llevar tus sesiones de juego a un nivel completamente nuevo<\/p>\n<p>Con tecnolog\u00eda Bluetooth TWS, los Vidvie BT868 proporcionan una conexi\u00f3n estable y sin interrupciones, eliminando la molestia de los cables y ofreciendo una total libertad de movimiento La latencia m\u00ednima garantiza una sincronizaci\u00f3n perfecta entre el audio y la acci\u00f3n en pantalla, proporcionando una ventaja competitiva en cada juego<\/p>\n<ul>\n<li>Versi\u00f3n bluetooth: 5.3<\/li>\n<li>Rango de conexi\u00f3n: 10m<\/li>\n<li>Tiempo de trabajo: 5h (60% volumen)<\/li>\n<li>Tiempo de carga: 2h<\/li>\n<li>Frecuencia de emisi\u00f3n: class2 4dbm<\/li>\n<li>Sensibilidad de micr\u00f3fono: 45dbm<\/li>\n<li>Bater\u00eda de aud\u00edfono: 30mah<\/li>\n<li>Bater\u00eda de estuche: 500mah<\/li>\n<\/ul>\n<p>&nbsp;<\/p>\n<h5><strong>*Las im\u00e1genes son a modo ilustrativo.<\/strong><\/h5>\n","protected":false},"excerpt":{"rendered":"<h3><span style=\"color: #339966;\"><strong>$ 1.950<\/strong><\/span><\/h3>\n","protected":false},"featured_media":41619,"comment_status":"open","ping_status":"closed","template":"","meta":[],"_links":{"self":[{"href":"https:\/\/www.appoloviracel.com.uy\/index.php\/wp-json\/wp\/v2\/product\/41618"}],"collection":[{"href":"https:\/\/www.appoloviracel.com.uy\/index.php\/wp-json\/wp\/v2\/product"}],"about":[{"href":"https:\/\/www.appoloviracel.com.uy\/index.php\/wp-json\/wp\/v2\/types\/product"}],"replies":[{"embeddable":true,"href":"https:\/\/www.appoloviracel.com.uy\/index.php\/wp-json\/wp\/v2\/comments?post=41618"}],"wp:featuredmedia":[{"embeddable":true,"href":"https:\/\/www.appoloviracel.com.uy\/index.php\/wp-json\/wp\/v2\/media\/41619"}],"wp:attachment":[{"href":"https:\/\/www.appoloviracel.com.uy\/index.php\/wp-json\/wp\/v2\/media?parent=41618"}],"curies":[{"name":"wp","href":"https:\/\/api.w.org\/{rel}","templated":true}]}}