{"id":41606,"date":"2024-08-06T18:36:10","date_gmt":"2024-08-06T21:36:10","guid":{"rendered":"https:\/\/www.appoloviracel.com.uy\/?post_type=product&#038;p=41606"},"modified":"2024-08-17T16:51:08","modified_gmt":"2024-08-17T19:51:08","slug":"soporte-vidvie-hc1525-bici-moto-ride-holder","status":"publish","type":"product","link":"https:\/\/www.appoloviracel.com.uy\/index.php\/product\/soporte-vidvie-hc1525-bici-moto-ride-holder\/","title":{"rendered":"Soporte Vidvie \u00abHC1525\u00bb para Moto\/Bici Ride Holder"},"content":{"rendered":"<h2>Caracter\u00edsticas y especificaciones:<\/h2>\n<ul>\n<li>Material de la carcasa: ABS+PC+silicona<\/li>\n<li>Tama\u00f1o del producto: 108*90*60mm<\/li>\n<li>Peso del producto: 97 grs.<\/li>\n<li>Tama\u00f1o de tel\u00e9fono m\u00f3vil aplicable: 4,5 ~ 6,8 pulgadas<\/li>\n<li>Peso: 750 gramos<\/li>\n<li>Aplicaci\u00f3n: bicicleta\/motocicleta\/veh\u00edculo el\u00e9ctrico<\/li>\n<\/ul>\n<p>&nbsp;<\/p>\n<h5><strong>*Las im\u00e1genes son a modo ilustrativo.<\/strong><\/h5>\n","protected":false},"excerpt":{"rendered":"<h3><strong><span style=\"color: #339966;\">$ 450<\/span> <\/strong><\/h3>\n","protected":false},"featured_media":41607,"comment_status":"open","ping_status":"closed","template":"","meta":[],"_links":{"self":[{"href":"https:\/\/www.appoloviracel.com.uy\/index.php\/wp-json\/wp\/v2\/product\/41606"}],"collection":[{"href":"https:\/\/www.appoloviracel.com.uy\/index.php\/wp-json\/wp\/v2\/product"}],"about":[{"href":"https:\/\/www.appoloviracel.com.uy\/index.php\/wp-json\/wp\/v2\/types\/product"}],"replies":[{"embeddable":true,"href":"https:\/\/www.appoloviracel.com.uy\/index.php\/wp-json\/wp\/v2\/comments?post=41606"}],"wp:featuredmedia":[{"embeddable":true,"href":"https:\/\/www.appoloviracel.com.uy\/index.php\/wp-json\/wp\/v2\/media\/41607"}],"wp:attachment":[{"href":"https:\/\/www.appoloviracel.com.uy\/index.php\/wp-json\/wp\/v2\/media?parent=41606"}],"curies":[{"name":"wp","href":"https:\/\/api.w.org\/{rel}","templated":true}]}}